{"id":2972,"date":"2017-03-13T14:39:31","date_gmt":"2017-03-13T13:39:31","guid":{"rendered":"http:\/\/www.hidromatic.it\/ro\/infojobs\/"},"modified":"2024-11-29T16:16:06","modified_gmt":"2024-11-29T15:16:06","slug":"infojobs","status":"publish","type":"page","link":"https:\/\/www.hidromatic.it\/ro\/infojobs\/","title":{"rendered":"Infojobs"},"content":{"rendered":"<p>[et_pb_section fb_built=&#8221;1&#8243; admin_label=&#8221;Sezione&#8221; module_id=&#8221;riga_2_contatti&#8221; _builder_version=&#8221;4.16&#8243; transparent_background=&#8221;off&#8221; make_fullwidth=&#8221;off&#8221; use_custom_width=&#8221;off&#8221; width_unit=&#8221;on&#8221; global_colors_info=&#8221;{}&#8221;][et_pb_row admin_label=&#8221;Riga&#8221; _builder_version=&#8221;4.16&#8243; background_size=&#8221;initial&#8221; background_position=&#8221;top_left&#8221; background_repeat=&#8221;repeat&#8221; global_colors_info=&#8221;{}&#8221;][et_pb_column type=&#8221;4_4&#8243; _builder_version=&#8221;4.16&#8243; custom_padding=&#8221;|||&#8221; global_colors_info=&#8221;{}&#8221; custom_padding__hover=&#8221;|||&#8221;][et_pb_divider show_divider=&#8221;off&#8221; disabled_on=&#8221;on|on|off&#8221; admin_label=&#8221;Modulo Separatore&#8221; _builder_version=&#8221;4.16&#8243; hide_on_mobile=&#8221;on&#8221; global_colors_info=&#8221;{}&#8221;] [\/et_pb_divider][\/et_pb_column][\/et_pb_row][et_pb_row admin_label=&#8221;Riga&#8221; _builder_version=&#8221;4.16&#8243; background_size=&#8221;initial&#8221; background_position=&#8221;top_left&#8221; background_repeat=&#8221;repeat&#8221; global_colors_info=&#8221;{}&#8221;][et_pb_column type=&#8221;4_4&#8243; _builder_version=&#8221;4.16&#8243; custom_padding=&#8221;|||&#8221; global_colors_info=&#8221;{}&#8221; custom_padding__hover=&#8221;|||&#8221;][et_pb_text admin_label=&#8221;Testo&#8221; _builder_version=&#8221;4.16&#8243; background_size=&#8221;initial&#8221; background_position=&#8221;top_left&#8221; background_repeat=&#8221;repeat&#8221; use_border_color=&#8221;off&#8221; border_color=&#8221;#ffffff&#8221; border_style=&#8221;solid&#8221; global_colors_info=&#8221;{}&#8221;]<\/p>\n<div class=\"big-big green\">INFOJOBS<\/div>\n<p>[\/et_pb_text][et_pb_text admin_label=&#8221;Testo&#8221; module_id=&#8221;form_infojobs&#8221; _builder_version=&#8221;4.16&#8243; background_size=&#8221;initial&#8221; background_position=&#8221;top_left&#8221; background_repeat=&#8221;repeat&#8221; use_border_color=&#8221;off&#8221; border_color=&#8221;#ffffff&#8221; border_style=&#8221;solid&#8221; global_colors_info=&#8221;{}&#8221;] \n<div class=\"wpcf7 no-js\" id=\"wpcf7-f2973-o1\" lang=\"it-IT\" dir=\"ltr\" data-wpcf7-id=\"2973\">\n<div class=\"screen-reader-response\"><p role=\"status\" aria-live=\"polite\" aria-atomic=\"true\"><\/p> <ul><\/ul><\/div>\n<form action=\"\/ro\/wp-json\/wp\/v2\/pages\/2972#wpcf7-f2973-o1\" method=\"post\" class=\"wpcf7-form init\" aria-label=\"Modulo di contatto\" enctype=\"multipart\/form-data\" novalidate=\"novalidate\" data-status=\"init\">\n<div style=\"display: none;\">\n<input type=\"hidden\" name=\"_wpcf7\" value=\"2973\" \/>\n<input type=\"hidden\" name=\"_wpcf7_version\" value=\"6.0.5\" \/>\n<input type=\"hidden\" name=\"_wpcf7_locale\" value=\"it_IT\" \/>\n<input type=\"hidden\" name=\"_wpcf7_unit_tag\" value=\"wpcf7-f2973-o1\" \/>\n<input type=\"hidden\" name=\"_wpcf7_container_post\" value=\"0\" \/>\n<input type=\"hidden\" name=\"_wpcf7_posted_data_hash\" value=\"\" \/>\n<input type=\"hidden\" name=\"_wpcf7_recaptcha_response\" value=\"\" \/>\n<\/div>\n<div class=\"strong-c\">\n\t<p>TRIMITE CV\n\t<\/p>\n<\/div>\n<div class=\"contenitore-cf\">\n\t<div class=\"sx\">\n\t\t<p><span class=\"wpcf7-form-control-wrap\" data-name=\"your-name\"><input size=\"40\" maxlength=\"400\" class=\"wpcf7-form-control wpcf7-text wpcf7-validates-as-required\" aria-required=\"true\" aria-invalid=\"false\" placeholder=\"*Prenume\" value=\"\" type=\"text\" name=\"your-name\" \/><\/span>\n\t\t<\/p>\n\t<\/div>\n\t<div class=\"dx\">\n\t\t<p><span class=\"wpcf7-form-control-wrap\" data-name=\"your-cognome\"><input size=\"40\" maxlength=\"400\" class=\"wpcf7-form-control wpcf7-text wpcf7-validates-as-required\" aria-required=\"true\" aria-invalid=\"false\" placeholder=\"*Nume\" value=\"\" type=\"text\" name=\"your-cognome\" \/><\/span>\n\t\t<\/p>\n\t<\/div>\n\t<div class=\"sx\">\n\t\t<p><span class=\"wpcf7-form-control-wrap\" data-name=\"your-email\"><input size=\"40\" maxlength=\"400\" class=\"wpcf7-form-control wpcf7-email wpcf7-validates-as-required wpcf7-text wpcf7-validates-as-email\" aria-required=\"true\" aria-invalid=\"false\" placeholder=\"*E-mail\" value=\"\" type=\"email\" name=\"your-email\" \/><\/span>\n\t\t<\/p>\n\t<\/div>\n\t<div class=\"dx\">\n\t\t<p><span class=\"wpcf7-form-control-wrap\" data-name=\"your-citta\"><input size=\"40\" maxlength=\"400\" class=\"wpcf7-form-control wpcf7-text wpcf7-validates-as-required\" aria-required=\"true\" aria-invalid=\"false\" placeholder=\"*Ora\u015f\" value=\"\" type=\"text\" name=\"your-citta\" \/><\/span>\n\t\t<\/p>\n\t<\/div>\n\t<div class=\"sx\">\n\t\t<p><span class=\"wpcf7-form-control-wrap\" data-name=\"your-provincia\"><input size=\"40\" maxlength=\"400\" class=\"wpcf7-form-control wpcf7-text wpcf7-validates-as-required\" aria-required=\"true\" aria-invalid=\"false\" placeholder=\"*Jude\u0163\" value=\"\" type=\"text\" name=\"your-provincia\" \/><\/span>\n\t\t<\/p>\n\t<\/div>\n\t<div class=\"dx\">\n\t\t<p><span class=\"wpcf7-form-control-wrap\" data-name=\"your-nazione\"><input size=\"40\" maxlength=\"400\" class=\"wpcf7-form-control wpcf7-text wpcf7-validates-as-required\" aria-required=\"true\" aria-invalid=\"false\" placeholder=\"*Na\u0163ionalitate\" value=\"\" type=\"text\" name=\"your-nazione\" \/><\/span>\n\t\t<\/p>\n\t<\/div>\n\t<div class=\"sx\">\n\t\t<p><span class=\"wpcf7-form-control-wrap\" data-name=\"your-telefono\"><input size=\"40\" maxlength=\"400\" class=\"wpcf7-form-control wpcf7-text wpcf7-validates-as-required\" aria-required=\"true\" aria-invalid=\"false\" placeholder=\"*Telefon\" value=\"\" type=\"text\" name=\"your-telefono\" \/><\/span>\n\t\t<\/p>\n\t<\/div>\n\t<div class=\"sxdx cnt_curri\">\n\t\t<p>*Curriculum Vitae<br \/>\n<span class=\"wpcf7-form-control-wrap\" data-name=\"file-curri\"><input size=\"40\" class=\"wpcf7-form-control wpcf7-file wpcf7-validates-as-required\" accept=\".doc,.txt,.docx,.pdf,.zip,.rtf\" aria-required=\"true\" aria-invalid=\"false\" type=\"file\" name=\"file-curri\" \/><\/span>\n\t\t<\/p>\n\t<\/div>\n\t<div class=\"sxdx\">\n\t\t<p><span class=\"wpcf7-form-control-wrap\" data-name=\"your-message\"><textarea cols=\"40\" rows=\"10\" maxlength=\"2000\" class=\"wpcf7-form-control wpcf7-textarea wpcf7-validates-as-required\" aria-required=\"true\" aria-invalid=\"false\" placeholder=\"*Mesaj\" name=\"your-message\"><\/textarea><\/span>\n\t\t<\/p>\n\t<\/div>\n\t<div class=\"privacy\">\n\t\t<p>Prelucrarea datelor cu caracter personal se efectueaz\u0103 \u00een conformitate cu Decretul legislativ 196\/03. Orice date cu caracter personal furnizate \u00een mod voluntar de c\u0103tre vizitatori vor fi utilizate de c\u0103tre Hidromatic pe baza consim\u021b\u0103m\u00e2ntului dat de ei. Pentru utilizarea serviciilor specifice de c\u0103tre vizitatori vor fi date informa\u021biile corespunz\u0103toare solicitate \u0219i, dac\u0103 este necesar, acordul pentru prelucrarea datelor lor cu caracter personal.\n\t\t<\/p>\n\t<\/div>\n\t<div class=\"accept\">\n\t\t<p><span class=\"wpcf7-form-control-wrap\" data-name=\"acceptance-834\"><span class=\"wpcf7-form-control wpcf7-acceptance\"><span class=\"wpcf7-list-item\"><input type=\"checkbox\" name=\"acceptance-834\" value=\"1\" class=\"accept-info\" aria-invalid=\"false\" \/><\/span><\/span><\/span><span>Accetto l' informativa sulla privacy<\/span>\n\t\t<\/p>\n\t<\/div>\n\n\t<p><input class=\"wpcf7-form-control wpcf7-submit has-spinner\" type=\"submit\" value=\"TRIMITE\" \/>\n\t<\/p>\n<\/div><input type='hidden' class='wpcf7-pum' value='{\"closepopup\":false,\"closedelay\":0,\"openpopup\":false,\"openpopup_id\":0}' \/><div class=\"wpcf7-response-output\" aria-hidden=\"true\"><\/div>\n<\/form>\n<\/div>\n [\/et_pb_text][\/et_pb_column][\/et_pb_row][\/et_pb_section]<\/p>\n","protected":false},"excerpt":{"rendered":"<p>INFOJOBS \n<div class=\"wpcf7 no-js\" id=\"wpcf7-f2973-o2\" lang=\"it-IT\" dir=\"ltr\" data-wpcf7-id=\"2973\">\n<div class=\"screen-reader-response\"><p role=\"status\" aria-live=\"polite\" aria-atomic=\"true\"><\/p> <ul><\/ul><\/div>\n<form action=\"\/ro\/wp-json\/wp\/v2\/pages\/2972#wpcf7-f2973-o2\" method=\"post\" class=\"wpcf7-form init\" aria-label=\"Modulo di contatto\" enctype=\"multipart\/form-data\" novalidate=\"novalidate\" data-status=\"init\">\n<div style=\"display: none;\">\n<input type=\"hidden\" name=\"_wpcf7\" value=\"2973\" \/>\n<input type=\"hidden\" name=\"_wpcf7_version\" value=\"6.0.5\" \/>\n<input type=\"hidden\" name=\"_wpcf7_locale\" value=\"it_IT\" \/>\n<input type=\"hidden\" name=\"_wpcf7_unit_tag\" value=\"wpcf7-f2973-o2\" \/>\n<input type=\"hidden\" name=\"_wpcf7_container_post\" value=\"0\" \/>\n<input type=\"hidden\" name=\"_wpcf7_posted_data_hash\" value=\"\" \/>\n<input type=\"hidden\" name=\"_wpcf7_recaptcha_response\" value=\"\" \/>\n<\/div>\n<div class=\"strong-c\">\n\t<p>TRIMITE CV\n\t<\/p>\n<\/div>\n<div class=\"contenitore-cf\">\n\t<div class=\"sx\">\n\t\t<p><span class=\"wpcf7-form-control-wrap\" data-name=\"your-name\"><input size=\"40\" maxlength=\"400\" class=\"wpcf7-form-control wpcf7-text wpcf7-validates-as-required\" aria-required=\"true\" aria-invalid=\"false\" placeholder=\"*Prenume\" value=\"\" type=\"text\" name=\"your-name\" \/><\/span>\n\t\t<\/p>\n\t<\/div>\n\t<div class=\"dx\">\n\t\t<p><span class=\"wpcf7-form-control-wrap\" data-name=\"your-cognome\"><input size=\"40\" maxlength=\"400\" class=\"wpcf7-form-control wpcf7-text wpcf7-validates-as-required\" aria-required=\"true\" aria-invalid=\"false\" placeholder=\"*Nume\" value=\"\" type=\"text\" name=\"your-cognome\" \/><\/span>\n\t\t<\/p>\n\t<\/div>\n\t<div class=\"sx\">\n\t\t<p><span class=\"wpcf7-form-control-wrap\" data-name=\"your-email\"><input size=\"40\" maxlength=\"400\" class=\"wpcf7-form-control wpcf7-email wpcf7-validates-as-required wpcf7-text wpcf7-validates-as-email\" aria-required=\"true\" aria-invalid=\"false\" placeholder=\"*E-mail\" value=\"\" type=\"email\" name=\"your-email\" \/><\/span>\n\t\t<\/p>\n\t<\/div>\n\t<div class=\"dx\">\n\t\t<p><span class=\"wpcf7-form-control-wrap\" data-name=\"your-citta\"><input size=\"40\" maxlength=\"400\" class=\"wpcf7-form-control wpcf7-text wpcf7-validates-as-required\" aria-required=\"true\" aria-invalid=\"false\" placeholder=\"*Ora\u015f\" value=\"\" type=\"text\" name=\"your-citta\" \/><\/span>\n\t\t<\/p>\n\t<\/div>\n\t<div class=\"sx\">\n\t\t<p><span class=\"wpcf7-form-control-wrap\" data-name=\"your-provincia\"><input size=\"40\" maxlength=\"400\" class=\"wpcf7-form-control wpcf7-text wpcf7-validates-as-required\" aria-required=\"true\" aria-invalid=\"false\" placeholder=\"*Jude\u0163\" value=\"\" type=\"text\" name=\"your-provincia\" \/><\/span>\n\t\t<\/p>\n\t<\/div>\n\t<div class=\"dx\">\n\t\t<p><span class=\"wpcf7-form-control-wrap\" data-name=\"your-nazione\"><input size=\"40\" maxlength=\"400\" class=\"wpcf7-form-control wpcf7-text wpcf7-validates-as-required\" aria-required=\"true\" aria-invalid=\"false\" placeholder=\"*Na\u0163ionalitate\" value=\"\" type=\"text\" name=\"your-nazione\" \/><\/span>\n\t\t<\/p>\n\t<\/div>\n\t<div class=\"sx\">\n\t\t<p><span class=\"wpcf7-form-control-wrap\" data-name=\"your-telefono\"><input size=\"40\" maxlength=\"400\" class=\"wpcf7-form-control wpcf7-text wpcf7-validates-as-required\" aria-required=\"true\" aria-invalid=\"false\" placeholder=\"*Telefon\" value=\"\" type=\"text\" name=\"your-telefono\" \/><\/span>\n\t\t<\/p>\n\t<\/div>\n\t<div class=\"sxdx cnt_curri\">\n\t\t<p>*Curriculum Vitae<br \/>\n<span class=\"wpcf7-form-control-wrap\" data-name=\"file-curri\"><input size=\"40\" class=\"wpcf7-form-control wpcf7-file wpcf7-validates-as-required\" accept=\".doc,.txt,.docx,.pdf,.zip,.rtf\" aria-required=\"true\" aria-invalid=\"false\" type=\"file\" name=\"file-curri\" \/><\/span>\n\t\t<\/p>\n\t<\/div>\n\t<div class=\"sxdx\">\n\t\t<p><span class=\"wpcf7-form-control-wrap\" data-name=\"your-message\"><textarea cols=\"40\" rows=\"10\" maxlength=\"2000\" class=\"wpcf7-form-control wpcf7-textarea wpcf7-validates-as-required\" aria-required=\"true\" aria-invalid=\"false\" placeholder=\"*Mesaj\" name=\"your-message\"><\/textarea><\/span>\n\t\t<\/p>\n\t<\/div>\n\t<div class=\"privacy\">\n\t\t<p>Prelucrarea datelor cu caracter personal se efectueaz\u0103 \u00een conformitate cu Decretul legislativ 196\/03. Orice date cu caracter personal furnizate \u00een mod voluntar de c\u0103tre vizitatori vor fi utilizate de c\u0103tre Hidromatic pe baza consim\u021b\u0103m\u00e2ntului dat de ei. Pentru utilizarea serviciilor specifice de c\u0103tre vizitatori vor fi date informa\u021biile corespunz\u0103toare solicitate \u0219i, dac\u0103 este necesar, acordul pentru prelucrarea datelor lor cu caracter personal.\n\t\t<\/p>\n\t<\/div>\n\t<div class=\"accept\">\n\t\t<p><span class=\"wpcf7-form-control-wrap\" data-name=\"acceptance-834\"><span class=\"wpcf7-form-control wpcf7-acceptance\"><span class=\"wpcf7-list-item\"><input type=\"checkbox\" name=\"acceptance-834\" value=\"1\" class=\"accept-info\" aria-invalid=\"false\" \/><\/span><\/span><\/span><span>Accetto l' informativa sulla privacy<\/span>\n\t\t<\/p>\n\t<\/div>\n\n\t<p><input class=\"wpcf7-form-control wpcf7-submit has-spinner\" type=\"submit\" value=\"TRIMITE\" \/>\n\t<\/p>\n<\/div><input type='hidden' class='wpcf7-pum' value='{\"closepopup\":false,\"closedelay\":0,\"openpopup\":false,\"openpopup_id\":0}' \/><div class=\"wpcf7-response-output\" aria-hidden=\"true\"><\/div>\n<\/form>\n<\/div>\n<\/p>\n","protected":false},"author":3,"featured_media":0,"parent":0,"menu_order":0,"comment_status":"closed","ping_status":"closed","template":"","meta":{"_et_pb_use_builder":"on","_et_pb_old_content":"","_et_gb_content_width":"","footnotes":""},"class_list":["post-2972","page","type-page","status-publish","hentry"],"yoast_head":"<!-- This site is optimized with the Yoast SEO plugin v24.7 - https:\/\/yoast.com\/wordpress\/plugins\/seo\/ -->\n<title>Hidromatic srl - Epurare a apelor - Plante industriale \u015fi civile - Infojobs<\/title>\n<meta name=\"robots\" content=\"index, follow, max-snippet:-1, max-image-preview:large, max-video-preview:-1\" \/>\n<link rel=\"canonical\" href=\"https:\/\/www.hidromatic.it\/ro\/infojobs\/\" \/>\n<meta property=\"og:locale\" content=\"ro_RO\" \/>\n<meta property=\"og:type\" content=\"article\" \/>\n<meta property=\"og:title\" content=\"Hidromatic srl - Epurare a apelor - Plante industriale \u015fi civile - Infojobs\" \/>\n<meta property=\"og:description\" content=\"INFOJOBS\" \/>\n<meta property=\"og:url\" content=\"https:\/\/www.hidromatic.it\/ro\/infojobs\/\" \/>\n<meta property=\"og:site_name\" content=\"Hidromatic srl - Epurare a apelor\" \/>\n<meta property=\"article:publisher\" content=\"https:\/\/it-it.facebook.com\/HidromaticSrl\/\" \/>\n<meta property=\"article:modified_time\" content=\"2024-11-29T15:16:06+00:00\" \/>\n<meta name=\"twitter:card\" content=\"summary_large_image\" \/>\n<meta name=\"twitter:label1\" content=\"Timp estimat pentru citire\" \/>\n\t<meta name=\"twitter:data1\" content=\"2 minute\" \/>\n<script type=\"application\/ld+json\" class=\"yoast-schema-graph\">{\"@context\":\"https:\/\/schema.org\",\"@graph\":[{\"@type\":\"WebPage\",\"@id\":\"https:\/\/www.hidromatic.it\/ro\/infojobs\/\",\"url\":\"https:\/\/www.hidromatic.it\/ro\/infojobs\/\",\"name\":\"Hidromatic srl - Epurare a apelor - Plante industriale \u015fi civile - Infojobs\",\"isPartOf\":{\"@id\":\"https:\/\/www.hidromatic.it\/#website\"},\"datePublished\":\"2017-03-13T13:39:31+00:00\",\"dateModified\":\"2024-11-29T15:16:06+00:00\",\"breadcrumb\":{\"@id\":\"https:\/\/www.hidromatic.it\/ro\/infojobs\/#breadcrumb\"},\"inLanguage\":\"ro-RO\",\"potentialAction\":[{\"@type\":\"ReadAction\",\"target\":[\"https:\/\/www.hidromatic.it\/ro\/infojobs\/\"]}]},{\"@type\":\"BreadcrumbList\",\"@id\":\"https:\/\/www.hidromatic.it\/ro\/infojobs\/#breadcrumb\",\"itemListElement\":[{\"@type\":\"ListItem\",\"position\":1,\"name\":\"Home\",\"item\":\"https:\/\/www.hidromatic.it\/ro\/\"},{\"@type\":\"ListItem\",\"position\":2,\"name\":\"Infojobs\"}]},{\"@type\":\"WebSite\",\"@id\":\"https:\/\/www.hidromatic.it\/#website\",\"url\":\"https:\/\/www.hidromatic.it\/\",\"name\":\"Hidromatic srl - Epurare a apelor\",\"description\":\"Plante industriale \u015fi civile\",\"potentialAction\":[{\"@type\":\"SearchAction\",\"target\":{\"@type\":\"EntryPoint\",\"urlTemplate\":\"https:\/\/www.hidromatic.it\/?s={search_term_string}\"},\"query-input\":{\"@type\":\"PropertyValueSpecification\",\"valueRequired\":true,\"valueName\":\"search_term_string\"}}],\"inLanguage\":\"ro-RO\"}]}<\/script>\n<!-- \/ Yoast SEO plugin. -->","yoast_head_json":{"title":"Hidromatic srl - Epurare a apelor - Plante industriale \u015fi civile - Infojobs","robots":{"index":"index","follow":"follow","max-snippet":"max-snippet:-1","max-image-preview":"max-image-preview:large","max-video-preview":"max-video-preview:-1"},"canonical":"https:\/\/www.hidromatic.it\/ro\/infojobs\/","og_locale":"ro_RO","og_type":"article","og_title":"Hidromatic srl - Epurare a apelor - Plante industriale \u015fi civile - Infojobs","og_description":"INFOJOBS","og_url":"https:\/\/www.hidromatic.it\/ro\/infojobs\/","og_site_name":"Hidromatic srl - Epurare a apelor","article_publisher":"https:\/\/it-it.facebook.com\/HidromaticSrl\/","article_modified_time":"2024-11-29T15:16:06+00:00","twitter_card":"summary_large_image","twitter_misc":{"Timp estimat pentru citire":"2 minute"},"schema":{"@context":"https:\/\/schema.org","@graph":[{"@type":"WebPage","@id":"https:\/\/www.hidromatic.it\/ro\/infojobs\/","url":"https:\/\/www.hidromatic.it\/ro\/infojobs\/","name":"Hidromatic srl - Epurare a apelor - Plante industriale \u015fi civile - Infojobs","isPartOf":{"@id":"https:\/\/www.hidromatic.it\/#website"},"datePublished":"2017-03-13T13:39:31+00:00","dateModified":"2024-11-29T15:16:06+00:00","breadcrumb":{"@id":"https:\/\/www.hidromatic.it\/ro\/infojobs\/#breadcrumb"},"inLanguage":"ro-RO","potentialAction":[{"@type":"ReadAction","target":["https:\/\/www.hidromatic.it\/ro\/infojobs\/"]}]},{"@type":"BreadcrumbList","@id":"https:\/\/www.hidromatic.it\/ro\/infojobs\/#breadcrumb","itemListElement":[{"@type":"ListItem","position":1,"name":"Home","item":"https:\/\/www.hidromatic.it\/ro\/"},{"@type":"ListItem","position":2,"name":"Infojobs"}]},{"@type":"WebSite","@id":"https:\/\/www.hidromatic.it\/#website","url":"https:\/\/www.hidromatic.it\/","name":"Hidromatic srl - Epurare a apelor","description":"Plante industriale \u015fi civile","potentialAction":[{"@type":"SearchAction","target":{"@type":"EntryPoint","urlTemplate":"https:\/\/www.hidromatic.it\/?s={search_term_string}"},"query-input":{"@type":"PropertyValueSpecification","valueRequired":true,"valueName":"search_term_string"}}],"inLanguage":"ro-RO"}]}},"_links":{"self":[{"href":"https:\/\/www.hidromatic.it\/ro\/wp-json\/wp\/v2\/pages\/2972","targetHints":{"allow":["GET"]}}],"collection":[{"href":"https:\/\/www.hidromatic.it\/ro\/wp-json\/wp\/v2\/pages"}],"about":[{"href":"https:\/\/www.hidromatic.it\/ro\/wp-json\/wp\/v2\/types\/page"}],"author":[{"embeddable":true,"href":"https:\/\/www.hidromatic.it\/ro\/wp-json\/wp\/v2\/users\/3"}],"replies":[{"embeddable":true,"href":"https:\/\/www.hidromatic.it\/ro\/wp-json\/wp\/v2\/comments?post=2972"}],"version-history":[{"count":5,"href":"https:\/\/www.hidromatic.it\/ro\/wp-json\/wp\/v2\/pages\/2972\/revisions"}],"predecessor-version":[{"id":5668,"href":"https:\/\/www.hidromatic.it\/ro\/wp-json\/wp\/v2\/pages\/2972\/revisions\/5668"}],"wp:attachment":[{"href":"https:\/\/www.hidromatic.it\/ro\/wp-json\/wp\/v2\/media?parent=2972"}],"curies":[{"name":"wp","href":"https:\/\/api.w.org\/{rel}","templated":true}]}}