{"id":2956,"date":"2017-01-12T12:19:57","date_gmt":"2017-01-12T11:19:57","guid":{"rendered":"http:\/\/www.hidromatic.it\/ro\/cosa-facciamo\/impianti-depurazione-acque-reflue\/"},"modified":"2024-11-29T16:44:38","modified_gmt":"2024-11-29T15:44:38","slug":"laborator-si-cercetare","status":"publish","type":"page","link":"https:\/\/www.hidromatic.it\/ro\/ce-facem\/laborator-si-cercetare\/","title":{"rendered":"LABORATOR \u0218I CERCETARE"},"content":{"rendered":"<p>[et_pb_section fb_built=&#8221;1&#8243; fullwidth=&#8221;on&#8221; admin_label=&#8221;Sezione&#8221; _builder_version=&#8221;4.16&#8243; transparent_background=&#8221;off&#8221; make_fullwidth=&#8221;off&#8221; use_custom_width=&#8221;off&#8221; width_unit=&#8221;on&#8221; global_colors_info=&#8221;{}&#8221;][et_pb_fullwidth_header header_fullscreen=&#8221;on&#8221; image_orientation=&#8221;bottom&#8221; content_max_width=&#8221;none&#8221; admin_label=&#8221;Intestazione a Larghezza Piena&#8221; _builder_version=&#8221;4.27.0&#8243; background_color=&#8221;rgba(255, 255, 255, 0)&#8221; background_image=&#8221;https:\/\/www.hidromatic.it\/wp-content\/uploads\/2017\/01\/Lab_top.jpg&#8221; background_layout=&#8221;light&#8221; hover_enabled=&#8221;0&#8243; background_url=&#8221;https:\/\/www.hidromatic.it\/wp-content\/uploads\/2017\/01\/Lab_top.jpg&#8221; button_one_letter_spacing_hover=&#8221;0&#8243; button_two_letter_spacing_hover=&#8221;0&#8243; global_colors_info=&#8221;{}&#8221; button_one_text_size__hover_enabled=&#8221;off&#8221; button_two_text_size__hover_enabled=&#8221;off&#8221; button_one_text_color__hover_enabled=&#8221;off&#8221; button_two_text_color__hover_enabled=&#8221;off&#8221; button_one_border_width__hover_enabled=&#8221;off&#8221; button_two_border_width__hover_enabled=&#8221;off&#8221; button_one_border_color__hover_enabled=&#8221;off&#8221; button_two_border_color__hover_enabled=&#8221;off&#8221; button_one_border_radius__hover_enabled=&#8221;off&#8221; button_two_border_radius__hover_enabled=&#8221;off&#8221; button_one_letter_spacing__hover_enabled=&#8221;on&#8221; button_one_letter_spacing__hover=&#8221;0&#8243; button_two_letter_spacing__hover_enabled=&#8221;on&#8221; button_two_letter_spacing__hover=&#8221;0&#8243; button_one_bg_color__hover_enabled=&#8221;off&#8221; button_two_bg_color__hover_enabled=&#8221;off&#8221; sticky_enabled=&#8221;0&#8243;]<\/p>\n<div class=\"contenitore-info-immagine-2\">\n<div><span>\u00ceNALT\u0102 TEHNOLOGIE<\/span><\/div>\n<div><span>PENTRU MARI PROCESE<\/span><\/div>\n<\/div>\n<p>[\/et_pb_fullwidth_header][\/et_pb_section][et_pb_section fb_built=&#8221;1&#8243; admin_label=&#8221;section&#8221; module_id=&#8221;riga_1_home&#8221; module_class=&#8221;azienda&#8221; _builder_version=&#8221;4.16&#8243; transparent_background=&#8221;off&#8221; make_fullwidth=&#8221;off&#8221; use_custom_width=&#8221;off&#8221; width_unit=&#8221;on&#8221; global_colors_info=&#8221;{}&#8221;][et_pb_row admin_label=&#8221;row&#8221; _builder_version=&#8221;4.16&#8243; background_size=&#8221;initial&#8221; background_position=&#8221;top_left&#8221; background_repeat=&#8221;repeat&#8221; global_colors_info=&#8221;{}&#8221;][et_pb_column type=&#8221;4_4&#8243; _builder_version=&#8221;4.16&#8243; custom_padding=&#8221;|||&#8221; global_colors_info=&#8221;{}&#8221; custom_padding__hover=&#8221;|||&#8221;][et_pb_text admin_label=&#8221;Testo&#8221; _builder_version=&#8221;4.16&#8243; background_size=&#8221;initial&#8221; background_position=&#8221;top_left&#8221; background_repeat=&#8221;repeat&#8221; use_border_color=&#8221;off&#8221; border_color=&#8221;#ffffff&#8221; border_style=&#8221;solid&#8221; global_colors_info=&#8221;{}&#8221;]<\/p>\n<div>\n<div class=\"big-big green\">Laborator de analize<\/div>\n<div class=\"sub-big-big green\">\u00cembun\u0103t\u0103\u021birea managementului apei<\/div>\n<div class=\"testo\">Apa este parte integrant\u0103 a multor procese ale clien\u021bilor no\u0219tri \u00een numeroase domenii industriale, motiv pentru care Hidromatic lucreaz\u0103 \u00een mod constant la o mai bun\u0103 gestionare a acestei resurse importante control\u00e2nd calitatea acesteia prin analize, monitorizare \u0219i verificare continu\u0103. Hidromatic optimizeaz\u0103 procesele de \u00eenc\u0103lzire \u0219i r\u0103cire, procesul industrial, tratarea apelor uzate \u0219i canalizarea sistemelor de produc\u021bie, asigur\u00e2nd realizarea obiectivelor urm\u0103rite \u0219i \u00een mod constant \u00eencearc\u0103 s\u0103 le \u00eembun\u0103t\u0103\u021beasc\u0103 prin cercetare. Hidromatic utilizeaz\u0103 \u00eentotdeauna cea mai bun\u0103 tehnologie disponibil\u0103, inclusiv hardware \u0219i software pentru o mai bun\u0103 gestionare a eficien\u021bei utiliz\u0103rii resurselor de ap\u0103 a proceselor \u0219i, prin urmare, o mai bun\u0103 durabilitate ecologic\u0103.<\/div>\n<\/div>\n<p>[\/et_pb_text][\/et_pb_column][\/et_pb_row][\/et_pb_section][et_pb_section fb_built=&#8221;1&#8243; admin_label=&#8221;Sezione&#8221; module_id=&#8221;contenitore-blurb-prodotti-list&#8221; _builder_version=&#8221;4.16&#8243; transparent_background=&#8221;off&#8221; make_fullwidth=&#8221;off&#8221; use_custom_width=&#8221;off&#8221; width_unit=&#8221;on&#8221; global_colors_info=&#8221;{}&#8221;][et_pb_row admin_label=&#8221;Riga&#8221; _builder_version=&#8221;4.16&#8243; background_size=&#8221;initial&#8221; background_position=&#8221;top_left&#8221; background_repeat=&#8221;repeat&#8221; global_colors_info=&#8221;{}&#8221; column_structure=&#8221;1_4,1_4,1_4,1_4&#8243;][et_pb_column type=&#8221;1_4&#8243; _builder_version=&#8221;4.16&#8243; custom_padding=&#8221;|||&#8221; global_colors_info=&#8221;{}&#8221; custom_padding__hover=&#8221;|||&#8221;][et_pb_divider show_divider=&#8221;off&#8221; disabled_on=&#8221;on|on|off&#8221; admin_label=&#8221;Modulo Separatore&#8221; _builder_version=&#8221;4.16&#8243; height=&#8221;45px&#8221; hide_on_mobile=&#8221;on&#8221; global_colors_info=&#8221;{}&#8221;] [\/et_pb_divider][\/et_pb_column][et_pb_column type=&#8221;1_4&#8243; _builder_version=&#8221;4.16&#8243; custom_padding=&#8221;|||&#8221; global_colors_info=&#8221;{}&#8221; custom_padding__hover=&#8221;|||&#8221;][et_pb_divider show_divider=&#8221;off&#8221; disabled_on=&#8221;on|on|off&#8221; admin_label=&#8221;Modulo Separatore&#8221; _builder_version=&#8221;4.16&#8243; height=&#8221;45px&#8221; hide_on_mobile=&#8221;on&#8221; global_colors_info=&#8221;{}&#8221;] [\/et_pb_divider][\/et_pb_column][et_pb_column type=&#8221;1_4&#8243; _builder_version=&#8221;4.16&#8243; custom_padding=&#8221;|||&#8221; global_colors_info=&#8221;{}&#8221; custom_padding__hover=&#8221;|||&#8221;][et_pb_divider show_divider=&#8221;off&#8221; disabled_on=&#8221;on|on|off&#8221; admin_label=&#8221;Modulo Separatore&#8221; _builder_version=&#8221;4.16&#8243; height=&#8221;45px&#8221; hide_on_mobile=&#8221;on&#8221; global_colors_info=&#8221;{}&#8221;] [\/et_pb_divider][\/et_pb_column][et_pb_column type=&#8221;1_4&#8243; _builder_version=&#8221;4.16&#8243; custom_padding=&#8221;|||&#8221; global_colors_info=&#8221;{}&#8221; custom_padding__hover=&#8221;|||&#8221;][et_pb_divider show_divider=&#8221;off&#8221; disabled_on=&#8221;on|on|off&#8221; admin_label=&#8221;Modulo Separatore&#8221; _builder_version=&#8221;4.16&#8243; height=&#8221;45px&#8221; hide_on_mobile=&#8221;on&#8221; global_colors_info=&#8221;{}&#8221;] [\/et_pb_divider][\/et_pb_column][\/et_pb_row][et_pb_row admin_label=&#8221;Riga&#8221; _builder_version=&#8221;4.16&#8243; background_size=&#8221;initial&#8221; background_position=&#8221;top_left&#8221; background_repeat=&#8221;repeat&#8221; global_colors_info=&#8221;{}&#8221;][et_pb_column type=&#8221;4_4&#8243; _builder_version=&#8221;4.16&#8243; custom_padding=&#8221;|||&#8221; global_colors_info=&#8221;{}&#8221; custom_padding__hover=&#8221;|||&#8221;][et_pb_blurb title=&#8221;STA\u0162II MARI&#8221; url=&#8221;\/ro\/ce-facem\/instalatii-mari\/&#8221; image=&#8221;https:\/\/www.hidromatic.it\/wp-content\/uploads\/2017\/01\/traspa_png.png&#8221; image_icon_width=&#8221;none&#8221; admin_label=&#8221;Blurb&#8221; module_id=&#8221;blurb_p1&#8243; module_class=&#8221;blurb-1-sesto&#8221; _builder_version=&#8221;4.16&#8243; background_size=&#8221;initial&#8221; background_position=&#8221;top_left&#8221; background_repeat=&#8221;repeat&#8221; text_orientation=&#8221;center&#8221; use_border_color=&#8221;off&#8221; border_color=&#8221;#ffffff&#8221; border_style=&#8221;solid&#8221; image_max_width=&#8221;none&#8221; use_circle=&#8221;off&#8221; use_circle_border=&#8221;off&#8221; circle_border_color=&#8221;#7EBEC5&#8243; circle_color=&#8221;#7EBEC5&#8243; global_colors_info=&#8221;{}&#8221;] [\/et_pb_blurb][et_pb_blurb title=&#8221;STA\u0162II STANDARD&#8221; url=&#8221;\/ro\/ce-facem\/instalatii-standard\/&#8221; image=&#8221;https:\/\/www.hidromatic.it\/wp-content\/uploads\/2017\/01\/traspa_png.png&#8221; image_icon_width=&#8221;none&#8221; admin_label=&#8221;Blurb&#8221; module_id=&#8221;blurb_p2&#8243; module_class=&#8221;blurb-1-sesto&#8221; _builder_version=&#8221;4.16&#8243; background_size=&#8221;initial&#8221; background_position=&#8221;top_left&#8221; background_repeat=&#8221;repeat&#8221; text_orientation=&#8221;center&#8221; use_border_color=&#8221;off&#8221; border_color=&#8221;#ffffff&#8221; border_style=&#8221;solid&#8221; image_max_width=&#8221;none&#8221; use_circle=&#8221;off&#8221; use_circle_border=&#8221;off&#8221; circle_border_color=&#8221;#7EBEC5&#8243; circle_color=&#8221;#7EBEC5&#8243; global_colors_info=&#8221;{}&#8221;] [\/et_pb_blurb][et_pb_blurb title=&#8221;CHIMICALE&#8221; url=&#8221;\/ro\/ce-facem\/chimicale\/&#8221; image=&#8221;https:\/\/www.hidromatic.it\/wp-content\/uploads\/2017\/01\/traspa_png.png&#8221; image_icon_width=&#8221;none&#8221; admin_label=&#8221;Blurb&#8221; module_id=&#8221;blurb_p3&#8243; module_class=&#8221;blurb-1-sesto&#8221; _builder_version=&#8221;4.16&#8243; background_size=&#8221;initial&#8221; background_position=&#8221;top_left&#8221; background_repeat=&#8221;repeat&#8221; text_orientation=&#8221;center&#8221; use_border_color=&#8221;off&#8221; border_color=&#8221;#ffffff&#8221; border_style=&#8221;solid&#8221; image_max_width=&#8221;none&#8221; use_circle=&#8221;off&#8221; use_circle_border=&#8221;off&#8221; circle_border_color=&#8221;#7EBEC5&#8243; circle_color=&#8221;#7EBEC5&#8243; global_colors_info=&#8221;{}&#8221;] [\/et_pb_blurb][et_pb_blurb title=&#8221;PROIECTARE&#8221; url=&#8221;\/ro\/ce-facem\/designs\/&#8221; image=&#8221;https:\/\/www.hidromatic.it\/wp-content\/uploads\/2017\/01\/traspa_png.png&#8221; image_icon_width=&#8221;none&#8221; admin_label=&#8221;Blurb&#8221; module_id=&#8221;blurb_p4&#8243; module_class=&#8221;blurb-1-sesto&#8221; _builder_version=&#8221;4.16&#8243; background_size=&#8221;initial&#8221; background_position=&#8221;top_left&#8221; background_repeat=&#8221;repeat&#8221; text_orientation=&#8221;center&#8221; use_border_color=&#8221;off&#8221; border_color=&#8221;#ffffff&#8221; border_style=&#8221;solid&#8221; image_max_width=&#8221;none&#8221; use_circle=&#8221;off&#8221; use_circle_border=&#8221;off&#8221; circle_border_color=&#8221;#7EBEC5&#8243; circle_color=&#8221;#7EBEC5&#8243; global_colors_info=&#8221;{}&#8221;] [\/et_pb_blurb][et_pb_blurb title=&#8221;LABORATOR ANALIZE&#8221; url=&#8221;\/ro\/ce-facem\/laborator-si-cercetare\/&#8221; image=&#8221;https:\/\/www.hidromatic.it\/wp-content\/uploads\/2017\/01\/traspa_png.png&#8221; image_icon_width=&#8221;none&#8221; admin_label=&#8221;Blurb&#8221; module_id=&#8221;blurb_p5&#8243; module_class=&#8221;blurb-1-sesto&#8221; _builder_version=&#8221;4.16&#8243; background_size=&#8221;initial&#8221; background_position=&#8221;top_left&#8221; background_repeat=&#8221;repeat&#8221; text_orientation=&#8221;center&#8221; use_border_color=&#8221;off&#8221; border_color=&#8221;#ffffff&#8221; border_style=&#8221;solid&#8221; image_max_width=&#8221;none&#8221; use_circle=&#8221;off&#8221; use_circle_border=&#8221;off&#8221; circle_border_color=&#8221;#7EBEC5&#8243; circle_color=&#8221;#7EBEC5&#8243; global_colors_info=&#8221;{}&#8221;] [\/et_pb_blurb][et_pb_blurb title=&#8221;SERVICE&#8221; url=&#8221;\/ro\/ce-facem\/service\/&#8221; image=&#8221;https:\/\/www.hidromatic.it\/wp-content\/uploads\/2017\/01\/traspa_png.png&#8221; image_icon_width=&#8221;none&#8221; admin_label=&#8221;Blurb&#8221; module_id=&#8221;blurb_p6&#8243; module_class=&#8221;blurb-1-sesto&#8221; _builder_version=&#8221;4.16&#8243; background_size=&#8221;initial&#8221; background_position=&#8221;top_left&#8221; background_repeat=&#8221;repeat&#8221; text_orientation=&#8221;center&#8221; use_border_color=&#8221;off&#8221; border_color=&#8221;#ffffff&#8221; border_style=&#8221;solid&#8221; image_max_width=&#8221;none&#8221; use_circle=&#8221;off&#8221; use_circle_border=&#8221;off&#8221; circle_border_color=&#8221;#7EBEC5&#8243; circle_color=&#8221;#7EBEC5&#8243; global_colors_info=&#8221;{}&#8221;] [\/et_pb_blurb][\/et_pb_column][\/et_pb_row][\/et_pb_section]<\/p>\n","protected":false},"excerpt":{"rendered":"<p>\u00ceNALT\u0102 TEHNOLOGIE PENTRU MARI PROCESE Laborator de analize \u00cembun\u0103t\u0103\u021birea managementului apei Apa este parte integrant\u0103 a multor procese ale clien\u021bilor no\u0219tri \u00een numeroase domenii industriale, motiv pentru care Hidromatic lucreaz\u0103 \u00een mod constant la o mai bun\u0103 gestionare a acestei resurse importante control\u00e2nd calitatea acesteia prin analize, monitorizare \u0219i verificare continu\u0103. Hidromatic optimizeaz\u0103 procesele de [&hellip;]<\/p>\n","protected":false},"author":3,"featured_media":0,"parent":2941,"menu_order":0,"comment_status":"closed","ping_status":"closed","template":"","meta":{"_et_pb_use_builder":"on","_et_pb_old_content":"","_et_gb_content_width":"","footnotes":""},"class_list":["post-2956","page","type-page","status-publish","hentry"],"yoast_head":"<!-- This site is optimized with the Yoast SEO plugin v27.6 - https:\/\/yoast.com\/product\/yoast-seo-wordpress\/ -->\n<title>Hidromatic srl - Epurare a apelor - Plante industriale \u015fi civile - LABORATOR \u0218I CERCETARE<\/title>\n<meta name=\"robots\" content=\"index, follow, max-snippet:-1, max-image-preview:large, max-video-preview:-1\" \/>\n<link rel=\"canonical\" href=\"https:\/\/www.hidromatic.it\/ro\/ce-facem\/laborator-si-cercetare\/\" \/>\n<meta property=\"og:locale\" content=\"ro_RO\" \/>\n<meta property=\"og:type\" content=\"article\" \/>\n<meta property=\"og:title\" content=\"Hidromatic srl - Epurare a apelor - Plante industriale \u015fi civile - LABORATOR \u0218I CERCETARE\" \/>\n<meta property=\"og:description\" content=\"\u00ceNALT\u0102 TEHNOLOGIE PENTRU MARI PROCESE Laborator de analize \u00cembun\u0103t\u0103\u021birea managementului apei Apa este parte integrant\u0103 a multor procese ale clien\u021bilor no\u0219tri \u00een numeroase domenii industriale, motiv pentru care Hidromatic lucreaz\u0103 \u00een mod constant la o mai bun\u0103 gestionare a acestei resurse importante control\u00e2nd calitatea acesteia prin analize, monitorizare \u0219i verificare continu\u0103. Hidromatic optimizeaz\u0103 procesele de [&hellip;]\" \/>\n<meta property=\"og:url\" content=\"https:\/\/www.hidromatic.it\/ro\/ce-facem\/laborator-si-cercetare\/\" \/>\n<meta property=\"og:site_name\" content=\"Hidromatic srl - Epurare a apelor\" \/>\n<meta property=\"article:publisher\" content=\"https:\/\/it-it.facebook.com\/HidromaticSrl\/\" \/>\n<meta property=\"article:modified_time\" content=\"2024-11-29T15:44:38+00:00\" \/>\n<meta name=\"twitter:card\" content=\"summary_large_image\" \/>\n<meta name=\"twitter:label1\" content=\"Timp estimat pentru citire\" \/>\n\t<meta name=\"twitter:data1\" content=\"3 minute\" \/>\n<script type=\"application\/ld+json\" class=\"yoast-schema-graph\">{\"@context\":\"https:\\\/\\\/schema.org\",\"@graph\":[{\"@type\":\"WebPage\",\"@id\":\"https:\\\/\\\/www.hidromatic.it\\\/ro\\\/ce-facem\\\/laborator-si-cercetare\\\/\",\"url\":\"https:\\\/\\\/www.hidromatic.it\\\/ro\\\/ce-facem\\\/laborator-si-cercetare\\\/\",\"name\":\"Hidromatic srl - Epurare a apelor - Plante industriale \u015fi civile - LABORATOR \u0218I CERCETARE\",\"isPartOf\":{\"@id\":\"https:\\\/\\\/www.hidromatic.it\\\/#website\"},\"datePublished\":\"2017-01-12T11:19:57+00:00\",\"dateModified\":\"2024-11-29T15:44:38+00:00\",\"breadcrumb\":{\"@id\":\"https:\\\/\\\/www.hidromatic.it\\\/ro\\\/ce-facem\\\/laborator-si-cercetare\\\/#breadcrumb\"},\"inLanguage\":\"ro-RO\",\"potentialAction\":[{\"@type\":\"ReadAction\",\"target\":[\"https:\\\/\\\/www.hidromatic.it\\\/ro\\\/ce-facem\\\/laborator-si-cercetare\\\/\"]}]},{\"@type\":\"BreadcrumbList\",\"@id\":\"https:\\\/\\\/www.hidromatic.it\\\/ro\\\/ce-facem\\\/laborator-si-cercetare\\\/#breadcrumb\",\"itemListElement\":[{\"@type\":\"ListItem\",\"position\":1,\"name\":\"Home\",\"item\":\"https:\\\/\\\/www.hidromatic.it\\\/ro\\\/\"},{\"@type\":\"ListItem\",\"position\":2,\"name\":\"CE FACEM\",\"item\":\"https:\\\/\\\/www.hidromatic.it\\\/ro\\\/ce-facem\\\/\"},{\"@type\":\"ListItem\",\"position\":3,\"name\":\"LABORATOR \u0218I CERCETARE\"}]},{\"@type\":\"WebSite\",\"@id\":\"https:\\\/\\\/www.hidromatic.it\\\/#website\",\"url\":\"https:\\\/\\\/www.hidromatic.it\\\/\",\"name\":\"Hidromatic srl - Epurare a apelor\",\"description\":\"Plante industriale \u015fi civile\",\"potentialAction\":[{\"@type\":\"SearchAction\",\"target\":{\"@type\":\"EntryPoint\",\"urlTemplate\":\"https:\\\/\\\/www.hidromatic.it\\\/?s={search_term_string}\"},\"query-input\":{\"@type\":\"PropertyValueSpecification\",\"valueRequired\":true,\"valueName\":\"search_term_string\"}}],\"inLanguage\":\"ro-RO\"}]}<\/script>\n<!-- \/ Yoast SEO plugin. -->","yoast_head_json":{"title":"Hidromatic srl - Epurare a apelor - Plante industriale \u015fi civile - LABORATOR \u0218I CERCETARE","robots":{"index":"index","follow":"follow","max-snippet":"max-snippet:-1","max-image-preview":"max-image-preview:large","max-video-preview":"max-video-preview:-1"},"canonical":"https:\/\/www.hidromatic.it\/ro\/ce-facem\/laborator-si-cercetare\/","og_locale":"ro_RO","og_type":"article","og_title":"Hidromatic srl - Epurare a apelor - Plante industriale \u015fi civile - LABORATOR \u0218I CERCETARE","og_description":"\u00ceNALT\u0102 TEHNOLOGIE PENTRU MARI PROCESE Laborator de analize \u00cembun\u0103t\u0103\u021birea managementului apei Apa este parte integrant\u0103 a multor procese ale clien\u021bilor no\u0219tri \u00een numeroase domenii industriale, motiv pentru care Hidromatic lucreaz\u0103 \u00een mod constant la o mai bun\u0103 gestionare a acestei resurse importante control\u00e2nd calitatea acesteia prin analize, monitorizare \u0219i verificare continu\u0103. Hidromatic optimizeaz\u0103 procesele de [&hellip;]","og_url":"https:\/\/www.hidromatic.it\/ro\/ce-facem\/laborator-si-cercetare\/","og_site_name":"Hidromatic srl - Epurare a apelor","article_publisher":"https:\/\/it-it.facebook.com\/HidromaticSrl\/","article_modified_time":"2024-11-29T15:44:38+00:00","twitter_card":"summary_large_image","twitter_misc":{"Timp estimat pentru citire":"3 minute"},"schema":{"@context":"https:\/\/schema.org","@graph":[{"@type":"WebPage","@id":"https:\/\/www.hidromatic.it\/ro\/ce-facem\/laborator-si-cercetare\/","url":"https:\/\/www.hidromatic.it\/ro\/ce-facem\/laborator-si-cercetare\/","name":"Hidromatic srl - Epurare a apelor - Plante industriale \u015fi civile - LABORATOR \u0218I CERCETARE","isPartOf":{"@id":"https:\/\/www.hidromatic.it\/#website"},"datePublished":"2017-01-12T11:19:57+00:00","dateModified":"2024-11-29T15:44:38+00:00","breadcrumb":{"@id":"https:\/\/www.hidromatic.it\/ro\/ce-facem\/laborator-si-cercetare\/#breadcrumb"},"inLanguage":"ro-RO","potentialAction":[{"@type":"ReadAction","target":["https:\/\/www.hidromatic.it\/ro\/ce-facem\/laborator-si-cercetare\/"]}]},{"@type":"BreadcrumbList","@id":"https:\/\/www.hidromatic.it\/ro\/ce-facem\/laborator-si-cercetare\/#breadcrumb","itemListElement":[{"@type":"ListItem","position":1,"name":"Home","item":"https:\/\/www.hidromatic.it\/ro\/"},{"@type":"ListItem","position":2,"name":"CE FACEM","item":"https:\/\/www.hidromatic.it\/ro\/ce-facem\/"},{"@type":"ListItem","position":3,"name":"LABORATOR \u0218I CERCETARE"}]},{"@type":"WebSite","@id":"https:\/\/www.hidromatic.it\/#website","url":"https:\/\/www.hidromatic.it\/","name":"Hidromatic srl - Epurare a apelor","description":"Plante industriale \u015fi civile","potentialAction":[{"@type":"SearchAction","target":{"@type":"EntryPoint","urlTemplate":"https:\/\/www.hidromatic.it\/?s={search_term_string}"},"query-input":{"@type":"PropertyValueSpecification","valueRequired":true,"valueName":"search_term_string"}}],"inLanguage":"ro-RO"}]}},"_links":{"self":[{"href":"https:\/\/www.hidromatic.it\/ro\/wp-json\/wp\/v2\/pages\/2956","targetHints":{"allow":["GET"]}}],"collection":[{"href":"https:\/\/www.hidromatic.it\/ro\/wp-json\/wp\/v2\/pages"}],"about":[{"href":"https:\/\/www.hidromatic.it\/ro\/wp-json\/wp\/v2\/types\/page"}],"author":[{"embeddable":true,"href":"https:\/\/www.hidromatic.it\/ro\/wp-json\/wp\/v2\/users\/3"}],"replies":[{"embeddable":true,"href":"https:\/\/www.hidromatic.it\/ro\/wp-json\/wp\/v2\/comments?post=2956"}],"version-history":[{"count":5,"href":"https:\/\/www.hidromatic.it\/ro\/wp-json\/wp\/v2\/pages\/2956\/revisions"}],"predecessor-version":[{"id":5680,"href":"https:\/\/www.hidromatic.it\/ro\/wp-json\/wp\/v2\/pages\/2956\/revisions\/5680"}],"up":[{"embeddable":true,"href":"https:\/\/www.hidromatic.it\/ro\/wp-json\/wp\/v2\/pages\/2941"}],"wp:attachment":[{"href":"https:\/\/www.hidromatic.it\/ro\/wp-json\/wp\/v2\/media?parent=2956"}],"curies":[{"name":"wp","href":"https:\/\/api.w.org\/{rel}","templated":true}]}}