{"id":2953,"date":"2017-01-12T12:17:10","date_gmt":"2017-01-12T11:17:10","guid":{"rendered":"http:\/\/www.hidromatic.it\/ro\/cosa-facciamo\/impianti-trattamento-acque-potabili\/"},"modified":"2024-11-29T16:43:43","modified_gmt":"2024-11-29T15:43:43","slug":"designs","status":"publish","type":"page","link":"https:\/\/www.hidromatic.it\/ro\/ce-facem\/designs\/","title":{"rendered":"DESIGNS"},"content":{"rendered":"<p>[et_pb_section fb_built=&#8221;1&#8243; fullwidth=&#8221;on&#8221; admin_label=&#8221;Sezione&#8221; _builder_version=&#8221;4.16&#8243; transparent_background=&#8221;off&#8221; make_fullwidth=&#8221;off&#8221; use_custom_width=&#8221;off&#8221; width_unit=&#8221;on&#8221; global_colors_info=&#8221;{}&#8221;][et_pb_fullwidth_header header_fullscreen=&#8221;on&#8221; image_orientation=&#8221;bottom&#8221; content_max_width=&#8221;none&#8221; admin_label=&#8221;Intestazione a Larghezza Piena&#8221; _builder_version=&#8221;4.27.0&#8243; background_color=&#8221;rgba(255, 255, 255, 0)&#8221; background_image=&#8221;https:\/\/www.hidromatic.it\/wp-content\/uploads\/2017\/01\/Progettazione_top.jpg&#8221; background_layout=&#8221;light&#8221; hover_enabled=&#8221;0&#8243; background_url=&#8221;https:\/\/www.hidromatic.it\/wp-content\/uploads\/2017\/01\/Progettazione_top.jpg&#8221; button_one_letter_spacing_hover=&#8221;0&#8243; button_two_letter_spacing_hover=&#8221;0&#8243; global_colors_info=&#8221;{}&#8221; button_one_text_size__hover_enabled=&#8221;off&#8221; button_two_text_size__hover_enabled=&#8221;off&#8221; button_one_text_color__hover_enabled=&#8221;off&#8221; button_two_text_color__hover_enabled=&#8221;off&#8221; button_one_border_width__hover_enabled=&#8221;off&#8221; button_two_border_width__hover_enabled=&#8221;off&#8221; button_one_border_color__hover_enabled=&#8221;off&#8221; button_two_border_color__hover_enabled=&#8221;off&#8221; button_one_border_radius__hover_enabled=&#8221;off&#8221; button_two_border_radius__hover_enabled=&#8221;off&#8221; button_one_letter_spacing__hover_enabled=&#8221;on&#8221; button_one_letter_spacing__hover=&#8221;0&#8243; button_two_letter_spacing__hover_enabled=&#8221;on&#8221; button_two_letter_spacing__hover=&#8221;0&#8243; button_one_bg_color__hover_enabled=&#8221;off&#8221; button_two_bg_color__hover_enabled=&#8221;off&#8221; sticky_enabled=&#8221;0&#8243;]<\/p>\n<div class=\"contenitore-info-immagine-2\">\n<div><span>SOLU\u0162II<\/span><\/div>\n<div><span>LA CHEIE<\/span><\/div>\n<\/div>\n<p>[\/et_pb_fullwidth_header][\/et_pb_section][et_pb_section fb_built=&#8221;1&#8243; admin_label=&#8221;section&#8221; module_id=&#8221;riga_1_home&#8221; module_class=&#8221;azienda&#8221; _builder_version=&#8221;4.16&#8243; transparent_background=&#8221;off&#8221; make_fullwidth=&#8221;off&#8221; use_custom_width=&#8221;off&#8221; width_unit=&#8221;on&#8221; global_colors_info=&#8221;{}&#8221;][et_pb_row admin_label=&#8221;row&#8221; _builder_version=&#8221;4.16&#8243; background_size=&#8221;initial&#8221; background_position=&#8221;top_left&#8221; background_repeat=&#8221;repeat&#8221; global_colors_info=&#8221;{}&#8221;][et_pb_column type=&#8221;4_4&#8243; _builder_version=&#8221;4.16&#8243; custom_padding=&#8221;|||&#8221; global_colors_info=&#8221;{}&#8221; custom_padding__hover=&#8221;|||&#8221;][et_pb_text admin_label=&#8221;Testo&#8221; _builder_version=&#8221;4.16&#8243; background_size=&#8221;initial&#8221; background_position=&#8221;top_left&#8221; background_repeat=&#8221;repeat&#8221; use_border_color=&#8221;off&#8221; border_color=&#8221;#ffffff&#8221; border_style=&#8221;solid&#8221; global_colors_info=&#8221;{}&#8221;]<\/p>\n<div>\n<div class=\"big-big green\">Proiectare<\/div>\n<div class=\"sub-big-big green\">Service, suport \u015fi instruire<\/div>\n<div class=\"testo\">Hidromatic este \u00een m\u0103sur\u0103 s\u0103 dezvolte \u0219i s\u0103 ofere solu\u0163ii la cheie de inginerie prin realizarea instala\u021biilor industriale mari de tratare a apei \u0219i prin gestionarea ulterioar\u0103 a acelora\u0219i circuite. Un design de 360\u00b0, care are \u00een vedere dezvoltarea ideii, ingineria proprie, realizarea executiv\u0103 \u0219i testarea direct la fa\u0163a locului cu pornirea succesiv\u0103. Hidromatic ofer\u0103, de asemenea, \u00een plus fa\u021b\u0103 de proiectarea structurat\u0103, furnizarea de piese de schimb pentru ma\u0219inile instalate, precum \u0219i actualiz\u0103ri \u0219i suport continuu, oferind solu\u0163ii de proiectare personalizate \u0219i de instruire.<\/div>\n<\/div>\n<p>[\/et_pb_text][\/et_pb_column][\/et_pb_row][\/et_pb_section][et_pb_section fb_built=&#8221;1&#8243; admin_label=&#8221;Sezione&#8221; module_id=&#8221;contenitore-blurb-prodotti-list&#8221; _builder_version=&#8221;4.16&#8243; transparent_background=&#8221;off&#8221; make_fullwidth=&#8221;off&#8221; use_custom_width=&#8221;off&#8221; width_unit=&#8221;on&#8221; global_colors_info=&#8221;{}&#8221;][et_pb_row admin_label=&#8221;Riga&#8221; _builder_version=&#8221;4.16&#8243; background_size=&#8221;initial&#8221; background_position=&#8221;top_left&#8221; background_repeat=&#8221;repeat&#8221; global_colors_info=&#8221;{}&#8221; column_structure=&#8221;1_4,1_4,1_4,1_4&#8243;][et_pb_column type=&#8221;1_4&#8243; _builder_version=&#8221;4.16&#8243; custom_padding=&#8221;|||&#8221; global_colors_info=&#8221;{}&#8221; custom_padding__hover=&#8221;|||&#8221;][et_pb_divider show_divider=&#8221;off&#8221; disabled_on=&#8221;on|on|off&#8221; admin_label=&#8221;Modulo Separatore&#8221; _builder_version=&#8221;4.16&#8243; height=&#8221;45px&#8221; hide_on_mobile=&#8221;on&#8221; global_colors_info=&#8221;{}&#8221;] [\/et_pb_divider][\/et_pb_column][et_pb_column type=&#8221;1_4&#8243; _builder_version=&#8221;4.16&#8243; custom_padding=&#8221;|||&#8221; global_colors_info=&#8221;{}&#8221; custom_padding__hover=&#8221;|||&#8221;][et_pb_divider show_divider=&#8221;off&#8221; disabled_on=&#8221;on|on|off&#8221; admin_label=&#8221;Modulo Separatore&#8221; _builder_version=&#8221;4.16&#8243; height=&#8221;45px&#8221; hide_on_mobile=&#8221;on&#8221; global_colors_info=&#8221;{}&#8221;] [\/et_pb_divider][\/et_pb_column][et_pb_column type=&#8221;1_4&#8243; _builder_version=&#8221;4.16&#8243; custom_padding=&#8221;|||&#8221; global_colors_info=&#8221;{}&#8221; custom_padding__hover=&#8221;|||&#8221;][et_pb_divider show_divider=&#8221;off&#8221; disabled_on=&#8221;on|on|off&#8221; admin_label=&#8221;Modulo Separatore&#8221; _builder_version=&#8221;4.16&#8243; height=&#8221;45px&#8221; hide_on_mobile=&#8221;on&#8221; global_colors_info=&#8221;{}&#8221;] [\/et_pb_divider][\/et_pb_column][et_pb_column type=&#8221;1_4&#8243; _builder_version=&#8221;4.16&#8243; custom_padding=&#8221;|||&#8221; global_colors_info=&#8221;{}&#8221; custom_padding__hover=&#8221;|||&#8221;][et_pb_divider show_divider=&#8221;off&#8221; disabled_on=&#8221;on|on|off&#8221; admin_label=&#8221;Modulo Separatore&#8221; _builder_version=&#8221;4.16&#8243; height=&#8221;45px&#8221; hide_on_mobile=&#8221;on&#8221; global_colors_info=&#8221;{}&#8221;] [\/et_pb_divider][\/et_pb_column][\/et_pb_row][et_pb_row admin_label=&#8221;Riga&#8221; _builder_version=&#8221;4.16&#8243; background_size=&#8221;initial&#8221; background_position=&#8221;top_left&#8221; background_repeat=&#8221;repeat&#8221; global_colors_info=&#8221;{}&#8221;][et_pb_column type=&#8221;4_4&#8243; _builder_version=&#8221;4.16&#8243; custom_padding=&#8221;|||&#8221; global_colors_info=&#8221;{}&#8221; custom_padding__hover=&#8221;|||&#8221;][et_pb_blurb title=&#8221;STA\u0162II MARI&#8221; url=&#8221;\/ro\/ce-facem\/instalatii-mari\/&#8221; image=&#8221;https:\/\/www.hidromatic.it\/wp-content\/uploads\/2017\/01\/traspa_png.png&#8221; image_icon_width=&#8221;none&#8221; admin_label=&#8221;Blurb&#8221; module_id=&#8221;blurb_p1&#8243; module_class=&#8221;blurb-1-sesto&#8221; _builder_version=&#8221;4.16&#8243; background_size=&#8221;initial&#8221; background_position=&#8221;top_left&#8221; background_repeat=&#8221;repeat&#8221; text_orientation=&#8221;center&#8221; use_border_color=&#8221;off&#8221; border_color=&#8221;#ffffff&#8221; border_style=&#8221;solid&#8221; image_max_width=&#8221;none&#8221; use_circle=&#8221;off&#8221; use_circle_border=&#8221;off&#8221; circle_border_color=&#8221;#7EBEC5&#8243; circle_color=&#8221;#7EBEC5&#8243; global_colors_info=&#8221;{}&#8221;] [\/et_pb_blurb][et_pb_blurb title=&#8221;STA\u0162II STANDARD&#8221; url=&#8221;\/ro\/ce-facem\/instalatii-standard\/&#8221; image=&#8221;https:\/\/www.hidromatic.it\/wp-content\/uploads\/2017\/01\/traspa_png.png&#8221; image_icon_width=&#8221;none&#8221; admin_label=&#8221;Blurb&#8221; module_id=&#8221;blurb_p2&#8243; module_class=&#8221;blurb-1-sesto&#8221; _builder_version=&#8221;4.16&#8243; background_size=&#8221;initial&#8221; background_position=&#8221;top_left&#8221; background_repeat=&#8221;repeat&#8221; text_orientation=&#8221;center&#8221; use_border_color=&#8221;off&#8221; border_color=&#8221;#ffffff&#8221; border_style=&#8221;solid&#8221; image_max_width=&#8221;none&#8221; use_circle=&#8221;off&#8221; use_circle_border=&#8221;off&#8221; circle_border_color=&#8221;#7EBEC5&#8243; circle_color=&#8221;#7EBEC5&#8243; global_colors_info=&#8221;{}&#8221;] [\/et_pb_blurb][et_pb_blurb title=&#8221;CHIMICALE&#8221; url=&#8221;\/ro\/ce-facem\/chimicale\/&#8221; image=&#8221;https:\/\/www.hidromatic.it\/wp-content\/uploads\/2017\/01\/traspa_png.png&#8221; image_icon_width=&#8221;none&#8221; admin_label=&#8221;Blurb&#8221; module_id=&#8221;blurb_p3&#8243; module_class=&#8221;blurb-1-sesto&#8221; _builder_version=&#8221;4.16&#8243; background_size=&#8221;initial&#8221; background_position=&#8221;top_left&#8221; background_repeat=&#8221;repeat&#8221; text_orientation=&#8221;center&#8221; use_border_color=&#8221;off&#8221; border_color=&#8221;#ffffff&#8221; border_style=&#8221;solid&#8221; image_max_width=&#8221;none&#8221; use_circle=&#8221;off&#8221; use_circle_border=&#8221;off&#8221; circle_border_color=&#8221;#7EBEC5&#8243; circle_color=&#8221;#7EBEC5&#8243; global_colors_info=&#8221;{}&#8221;] [\/et_pb_blurb][et_pb_blurb title=&#8221;PROIECTARE&#8221; url=&#8221;\/ro\/ce-facem\/designs\/&#8221; image=&#8221;https:\/\/www.hidromatic.it\/wp-content\/uploads\/2017\/01\/traspa_png.png&#8221; image_icon_width=&#8221;none&#8221; admin_label=&#8221;Blurb&#8221; module_id=&#8221;blurb_p4&#8243; module_class=&#8221;blurb-1-sesto&#8221; _builder_version=&#8221;4.16&#8243; background_size=&#8221;initial&#8221; background_position=&#8221;top_left&#8221; background_repeat=&#8221;repeat&#8221; text_orientation=&#8221;center&#8221; use_border_color=&#8221;off&#8221; border_color=&#8221;#ffffff&#8221; border_style=&#8221;solid&#8221; image_max_width=&#8221;none&#8221; use_circle=&#8221;off&#8221; use_circle_border=&#8221;off&#8221; circle_border_color=&#8221;#7EBEC5&#8243; circle_color=&#8221;#7EBEC5&#8243; global_colors_info=&#8221;{}&#8221;] [\/et_pb_blurb][et_pb_blurb title=&#8221;LABORATOR ANALIZE&#8221; url=&#8221;\/ro\/ce-facem\/laborator-si-cercetare\/&#8221; image=&#8221;https:\/\/www.hidromatic.it\/wp-content\/uploads\/2017\/01\/traspa_png.png&#8221; image_icon_width=&#8221;none&#8221; admin_label=&#8221;Blurb&#8221; module_id=&#8221;blurb_p5&#8243; module_class=&#8221;blurb-1-sesto&#8221; _builder_version=&#8221;4.16&#8243; background_size=&#8221;initial&#8221; background_position=&#8221;top_left&#8221; background_repeat=&#8221;repeat&#8221; text_orientation=&#8221;center&#8221; use_border_color=&#8221;off&#8221; border_color=&#8221;#ffffff&#8221; border_style=&#8221;solid&#8221; image_max_width=&#8221;none&#8221; use_circle=&#8221;off&#8221; use_circle_border=&#8221;off&#8221; circle_border_color=&#8221;#7EBEC5&#8243; circle_color=&#8221;#7EBEC5&#8243; global_colors_info=&#8221;{}&#8221;] [\/et_pb_blurb][et_pb_blurb title=&#8221;SERVICE&#8221; url=&#8221;\/ro\/ce-facem\/service\/&#8221; image=&#8221;https:\/\/www.hidromatic.it\/wp-content\/uploads\/2017\/01\/traspa_png.png&#8221; image_icon_width=&#8221;none&#8221; admin_label=&#8221;Blurb&#8221; module_id=&#8221;blurb_p6&#8243; module_class=&#8221;blurb-1-sesto&#8221; _builder_version=&#8221;4.16&#8243; background_size=&#8221;initial&#8221; background_position=&#8221;top_left&#8221; background_repeat=&#8221;repeat&#8221; text_orientation=&#8221;center&#8221; use_border_color=&#8221;off&#8221; border_color=&#8221;#ffffff&#8221; border_style=&#8221;solid&#8221; image_max_width=&#8221;none&#8221; use_circle=&#8221;off&#8221; use_circle_border=&#8221;off&#8221; circle_border_color=&#8221;#7EBEC5&#8243; circle_color=&#8221;#7EBEC5&#8243; global_colors_info=&#8221;{}&#8221;] [\/et_pb_blurb][\/et_pb_column][\/et_pb_row][\/et_pb_section]<\/p>\n","protected":false},"excerpt":{"rendered":"<p>SOLU\u0162II LA CHEIE Proiectare Service, suport \u015fi instruire Hidromatic este \u00een m\u0103sur\u0103 s\u0103 dezvolte \u0219i s\u0103 ofere solu\u0163ii la cheie de inginerie prin realizarea instala\u021biilor industriale mari de tratare a apei \u0219i prin gestionarea ulterioar\u0103 a acelora\u0219i circuite. Un design de 360\u00b0, care are \u00een vedere dezvoltarea ideii, ingineria proprie, realizarea executiv\u0103 \u0219i testarea direct [&hellip;]<\/p>\n","protected":false},"author":3,"featured_media":0,"parent":2941,"menu_order":0,"comment_status":"closed","ping_status":"closed","template":"","meta":{"_et_pb_use_builder":"on","_et_pb_old_content":"","_et_gb_content_width":"","footnotes":""},"class_list":["post-2953","page","type-page","status-publish","hentry"],"yoast_head":"<!-- This site is optimized with the Yoast SEO plugin v27.4 - https:\/\/yoast.com\/product\/yoast-seo-wordpress\/ -->\n<title>Hidromatic srl - Epurare a apelor - Plante industriale \u015fi civile - DESIGNS<\/title>\n<meta name=\"robots\" content=\"index, follow, max-snippet:-1, max-image-preview:large, max-video-preview:-1\" \/>\n<link rel=\"canonical\" href=\"https:\/\/www.hidromatic.it\/ro\/ce-facem\/designs\/\" \/>\n<meta property=\"og:locale\" content=\"ro_RO\" \/>\n<meta property=\"og:type\" content=\"article\" \/>\n<meta property=\"og:title\" content=\"Hidromatic srl - Epurare a apelor - Plante industriale \u015fi civile - DESIGNS\" \/>\n<meta property=\"og:description\" content=\"SOLU\u0162II LA CHEIE Proiectare Service, suport \u015fi instruire Hidromatic este \u00een m\u0103sur\u0103 s\u0103 dezvolte \u0219i s\u0103 ofere solu\u0163ii la cheie de inginerie prin realizarea instala\u021biilor industriale mari de tratare a apei \u0219i prin gestionarea ulterioar\u0103 a acelora\u0219i circuite. Un design de 360\u00b0, care are \u00een vedere dezvoltarea ideii, ingineria proprie, realizarea executiv\u0103 \u0219i testarea direct [&hellip;]\" \/>\n<meta property=\"og:url\" content=\"https:\/\/www.hidromatic.it\/ro\/ce-facem\/designs\/\" \/>\n<meta property=\"og:site_name\" content=\"Hidromatic srl - Epurare a apelor\" \/>\n<meta property=\"article:publisher\" content=\"https:\/\/it-it.facebook.com\/HidromaticSrl\/\" \/>\n<meta property=\"article:modified_time\" content=\"2024-11-29T15:43:43+00:00\" \/>\n<meta name=\"twitter:card\" content=\"summary_large_image\" \/>\n<meta name=\"twitter:label1\" content=\"Timp estimat pentru citire\" \/>\n\t<meta name=\"twitter:data1\" content=\"3 minute\" \/>\n<script type=\"application\/ld+json\" class=\"yoast-schema-graph\">{\"@context\":\"https:\\\/\\\/schema.org\",\"@graph\":[{\"@type\":\"WebPage\",\"@id\":\"https:\\\/\\\/www.hidromatic.it\\\/ro\\\/ce-facem\\\/designs\\\/\",\"url\":\"https:\\\/\\\/www.hidromatic.it\\\/ro\\\/ce-facem\\\/designs\\\/\",\"name\":\"Hidromatic srl - Epurare a apelor - Plante industriale \u015fi civile - DESIGNS\",\"isPartOf\":{\"@id\":\"https:\\\/\\\/www.hidromatic.it\\\/#website\"},\"datePublished\":\"2017-01-12T11:17:10+00:00\",\"dateModified\":\"2024-11-29T15:43:43+00:00\",\"breadcrumb\":{\"@id\":\"https:\\\/\\\/www.hidromatic.it\\\/ro\\\/ce-facem\\\/designs\\\/#breadcrumb\"},\"inLanguage\":\"ro-RO\",\"potentialAction\":[{\"@type\":\"ReadAction\",\"target\":[\"https:\\\/\\\/www.hidromatic.it\\\/ro\\\/ce-facem\\\/designs\\\/\"]}]},{\"@type\":\"BreadcrumbList\",\"@id\":\"https:\\\/\\\/www.hidromatic.it\\\/ro\\\/ce-facem\\\/designs\\\/#breadcrumb\",\"itemListElement\":[{\"@type\":\"ListItem\",\"position\":1,\"name\":\"Home\",\"item\":\"https:\\\/\\\/www.hidromatic.it\\\/ro\\\/\"},{\"@type\":\"ListItem\",\"position\":2,\"name\":\"CE FACEM\",\"item\":\"https:\\\/\\\/www.hidromatic.it\\\/ro\\\/ce-facem\\\/\"},{\"@type\":\"ListItem\",\"position\":3,\"name\":\"DESIGNS\"}]},{\"@type\":\"WebSite\",\"@id\":\"https:\\\/\\\/www.hidromatic.it\\\/#website\",\"url\":\"https:\\\/\\\/www.hidromatic.it\\\/\",\"name\":\"Hidromatic srl - Epurare a apelor\",\"description\":\"Plante industriale \u015fi civile\",\"potentialAction\":[{\"@type\":\"SearchAction\",\"target\":{\"@type\":\"EntryPoint\",\"urlTemplate\":\"https:\\\/\\\/www.hidromatic.it\\\/?s={search_term_string}\"},\"query-input\":{\"@type\":\"PropertyValueSpecification\",\"valueRequired\":true,\"valueName\":\"search_term_string\"}}],\"inLanguage\":\"ro-RO\"}]}<\/script>\n<!-- \/ Yoast SEO plugin. -->","yoast_head_json":{"title":"Hidromatic srl - Epurare a apelor - Plante industriale \u015fi civile - DESIGNS","robots":{"index":"index","follow":"follow","max-snippet":"max-snippet:-1","max-image-preview":"max-image-preview:large","max-video-preview":"max-video-preview:-1"},"canonical":"https:\/\/www.hidromatic.it\/ro\/ce-facem\/designs\/","og_locale":"ro_RO","og_type":"article","og_title":"Hidromatic srl - Epurare a apelor - Plante industriale \u015fi civile - DESIGNS","og_description":"SOLU\u0162II LA CHEIE Proiectare Service, suport \u015fi instruire Hidromatic este \u00een m\u0103sur\u0103 s\u0103 dezvolte \u0219i s\u0103 ofere solu\u0163ii la cheie de inginerie prin realizarea instala\u021biilor industriale mari de tratare a apei \u0219i prin gestionarea ulterioar\u0103 a acelora\u0219i circuite. Un design de 360\u00b0, care are \u00een vedere dezvoltarea ideii, ingineria proprie, realizarea executiv\u0103 \u0219i testarea direct [&hellip;]","og_url":"https:\/\/www.hidromatic.it\/ro\/ce-facem\/designs\/","og_site_name":"Hidromatic srl - Epurare a apelor","article_publisher":"https:\/\/it-it.facebook.com\/HidromaticSrl\/","article_modified_time":"2024-11-29T15:43:43+00:00","twitter_card":"summary_large_image","twitter_misc":{"Timp estimat pentru citire":"3 minute"},"schema":{"@context":"https:\/\/schema.org","@graph":[{"@type":"WebPage","@id":"https:\/\/www.hidromatic.it\/ro\/ce-facem\/designs\/","url":"https:\/\/www.hidromatic.it\/ro\/ce-facem\/designs\/","name":"Hidromatic srl - Epurare a apelor - Plante industriale \u015fi civile - DESIGNS","isPartOf":{"@id":"https:\/\/www.hidromatic.it\/#website"},"datePublished":"2017-01-12T11:17:10+00:00","dateModified":"2024-11-29T15:43:43+00:00","breadcrumb":{"@id":"https:\/\/www.hidromatic.it\/ro\/ce-facem\/designs\/#breadcrumb"},"inLanguage":"ro-RO","potentialAction":[{"@type":"ReadAction","target":["https:\/\/www.hidromatic.it\/ro\/ce-facem\/designs\/"]}]},{"@type":"BreadcrumbList","@id":"https:\/\/www.hidromatic.it\/ro\/ce-facem\/designs\/#breadcrumb","itemListElement":[{"@type":"ListItem","position":1,"name":"Home","item":"https:\/\/www.hidromatic.it\/ro\/"},{"@type":"ListItem","position":2,"name":"CE FACEM","item":"https:\/\/www.hidromatic.it\/ro\/ce-facem\/"},{"@type":"ListItem","position":3,"name":"DESIGNS"}]},{"@type":"WebSite","@id":"https:\/\/www.hidromatic.it\/#website","url":"https:\/\/www.hidromatic.it\/","name":"Hidromatic srl - Epurare a apelor","description":"Plante industriale \u015fi civile","potentialAction":[{"@type":"SearchAction","target":{"@type":"EntryPoint","urlTemplate":"https:\/\/www.hidromatic.it\/?s={search_term_string}"},"query-input":{"@type":"PropertyValueSpecification","valueRequired":true,"valueName":"search_term_string"}}],"inLanguage":"ro-RO"}]}},"_links":{"self":[{"href":"https:\/\/www.hidromatic.it\/ro\/wp-json\/wp\/v2\/pages\/2953","targetHints":{"allow":["GET"]}}],"collection":[{"href":"https:\/\/www.hidromatic.it\/ro\/wp-json\/wp\/v2\/pages"}],"about":[{"href":"https:\/\/www.hidromatic.it\/ro\/wp-json\/wp\/v2\/types\/page"}],"author":[{"embeddable":true,"href":"https:\/\/www.hidromatic.it\/ro\/wp-json\/wp\/v2\/users\/3"}],"replies":[{"embeddable":true,"href":"https:\/\/www.hidromatic.it\/ro\/wp-json\/wp\/v2\/comments?post=2953"}],"version-history":[{"count":5,"href":"https:\/\/www.hidromatic.it\/ro\/wp-json\/wp\/v2\/pages\/2953\/revisions"}],"predecessor-version":[{"id":5679,"href":"https:\/\/www.hidromatic.it\/ro\/wp-json\/wp\/v2\/pages\/2953\/revisions\/5679"}],"up":[{"embeddable":true,"href":"https:\/\/www.hidromatic.it\/ro\/wp-json\/wp\/v2\/pages\/2941"}],"wp:attachment":[{"href":"https:\/\/www.hidromatic.it\/ro\/wp-json\/wp\/v2\/media?parent=2953"}],"curies":[{"name":"wp","href":"https:\/\/api.w.org\/{rel}","templated":true}]}}