{"id":2941,"date":"2017-01-10T15:50:59","date_gmt":"2017-01-10T14:50:59","guid":{"rendered":"http:\/\/www.hidromatic.it\/ro\/cosa-facciamo\/"},"modified":"2024-11-29T16:41:27","modified_gmt":"2024-11-29T15:41:27","slug":"ce-facem","status":"publish","type":"page","link":"https:\/\/www.hidromatic.it\/ro\/ce-facem\/","title":{"rendered":"CE FACEM"},"content":{"rendered":"<p>[et_pb_section fb_built=&#8221;1&#8243; fullwidth=&#8221;on&#8221; admin_label=&#8221;Sezione&#8221; _builder_version=&#8221;4.16&#8243; global_colors_info=&#8221;{}&#8221;][et_pb_fullwidth_header header_fullscreen=&#8221;on&#8221; image_orientation=&#8221;bottom&#8221; content_max_width=&#8221;none&#8221; admin_label=&#8221;Intestazione a Larghezza Piena&#8221; _builder_version=&#8221;4.16&#8243; background_color=&#8221;rgba(255, 255, 255, 0)&#8221; background_image=&#8221;https:\/\/www.hidromatic.it\/wp-content\/uploads\/2017\/01\/aziendajpg.jpg&#8221; background_layout=&#8221;light&#8221; background_url=&#8221;https:\/\/www.hidromatic.it\/wp-content\/uploads\/2017\/01\/aziendajpg.jpg&#8221; button_one_letter_spacing_hover=&#8221;0&#8243; button_two_letter_spacing_hover=&#8221;0&#8243; global_colors_info=&#8221;{}&#8221; button_one_text_size__hover_enabled=&#8221;off&#8221; button_two_text_size__hover_enabled=&#8221;off&#8221; button_one_text_color__hover_enabled=&#8221;off&#8221; button_two_text_color__hover_enabled=&#8221;off&#8221; button_one_border_width__hover_enabled=&#8221;off&#8221; button_two_border_width__hover_enabled=&#8221;off&#8221; button_one_border_color__hover_enabled=&#8221;off&#8221; button_two_border_color__hover_enabled=&#8221;off&#8221; button_one_border_radius__hover_enabled=&#8221;off&#8221; button_two_border_radius__hover_enabled=&#8221;off&#8221; button_one_letter_spacing__hover_enabled=&#8221;on&#8221; button_one_letter_spacing__hover=&#8221;0&#8243; button_two_letter_spacing__hover_enabled=&#8221;on&#8221; button_two_letter_spacing__hover=&#8221;0&#8243; button_one_bg_color__hover_enabled=&#8221;off&#8221; button_two_bg_color__hover_enabled=&#8221;off&#8221;]<\/p>\n<div class=\"contenitore-info-immagine-2\">\n<div><span>SOLU\u021aII<\/span><\/div>\n<div><span>PENTRU FIECARE NEVOIE<\/span><\/div>\n<\/div>\n<p>[\/et_pb_fullwidth_header][\/et_pb_section][et_pb_section fb_built=&#8221;1&#8243; admin_label=&#8221;section&#8221; module_id=&#8221;riga_1_home&#8221; module_class=&#8221;azienda&#8221; _builder_version=&#8221;4.16&#8243; transparent_background=&#8221;off&#8221; make_fullwidth=&#8221;off&#8221; use_custom_width=&#8221;off&#8221; width_unit=&#8221;on&#8221; global_colors_info=&#8221;{}&#8221;][et_pb_row admin_label=&#8221;row&#8221; _builder_version=&#8221;4.16&#8243; background_size=&#8221;initial&#8221; background_position=&#8221;top_left&#8221; background_repeat=&#8221;repeat&#8221; global_colors_info=&#8221;{}&#8221;][et_pb_column type=&#8221;4_4&#8243; _builder_version=&#8221;4.16&#8243; custom_padding=&#8221;|||&#8221; global_colors_info=&#8221;{}&#8221; custom_padding__hover=&#8221;|||&#8221;][et_pb_text admin_label=&#8221;Testo&#8221; _builder_version=&#8221;4.16&#8243; background_size=&#8221;initial&#8221; background_position=&#8221;top_left&#8221; background_repeat=&#8221;repeat&#8221; use_border_color=&#8221;off&#8221; border_color=&#8221;#ffffff&#8221; border_style=&#8221;solid&#8221; global_colors_info=&#8221;{}&#8221;]<\/p>\n<div>\n<div class=\"big-big green\">Hidromatic<\/div>\n<div class=\"sub-big-big green\">\n<div>Lider \u00een proiectarea \u0219i construc\u021bia<\/div>\n<div>de instala\u021bii industriale pentru tratarea apei.<\/div>\n<\/div>\n<div class=\"testo\">Compania noastr\u0103 este \u00een m\u0103sur\u0103 s\u0103 ofere solu\u021bii inovatoare \u0219i durabile pentru producerea de ap\u0103 pentru consumul casnic, industrial \u0219i pentru tratarea apelor reziduale.<br \/>\nO echip\u0103 intern\u0103 format\u0103 din ingineri cu \u00eenalt\u0103 calificare, cu experien\u021b\u0103 \u00een toate domeniile de tratare a apei permite Companiei Hidromatic s\u0103 aib\u0103 performan\u021be avansate, produse de ultim\u0103 genera\u021bie \u0219i de reducere a impactului asupra mediului. O gam\u0103 larg\u0103 de produse \u0219i servicii care satisfac necesit\u0103\u021bile tehnice ale sectorului. O sinergie perfect\u0103 \u00eentre departamentul de produse chimice \u0219i departamentul de instalatii, care garanteaz\u0103 excelen\u021ba serviciilor \u0219i durabilitatea mediului.<\/div>\n<\/div>\n<p>[\/et_pb_text][\/et_pb_column][\/et_pb_row][\/et_pb_section][et_pb_section fb_built=&#8221;1&#8243; admin_label=&#8221;Sezione&#8221; module_id=&#8221;riga_3_home&#8221; module_class=&#8221;cerchi cosafacciamo&#8221; _builder_version=&#8221;4.16&#8243; transparent_background=&#8221;off&#8221; make_fullwidth=&#8221;off&#8221; use_custom_width=&#8221;off&#8221; width_unit=&#8221;on&#8221; global_colors_info=&#8221;{}&#8221;][et_pb_row admin_label=&#8221;Riga&#8221; _builder_version=&#8221;4.16&#8243; background_size=&#8221;initial&#8221; background_position=&#8221;top_left&#8221; background_repeat=&#8221;repeat&#8221; global_colors_info=&#8221;{}&#8221; column_structure=&#8221;1_3,1_3,1_3&#8243;][et_pb_column type=&#8221;1_3&#8243; _builder_version=&#8221;4.16&#8243; custom_padding=&#8221;|||&#8221; global_colors_info=&#8221;{}&#8221; custom_padding__hover=&#8221;|||&#8221;][et_pb_divider show_divider=&#8221;off&#8221; admin_label=&#8221;Modulo Separatore&#8221; _builder_version=&#8221;4.16&#8243; height=&#8221;20px&#8221; hide_on_mobile=&#8221;off&#8221; global_colors_info=&#8221;{}&#8221;][\/et_pb_divider][et_pb_blurb title=&#8221;STA\u0162II MARI&#8221; url=&#8221;\/ro\/ce-facem\/instalatii-mari\/&#8221; image=&#8221;https:\/\/www.hidromatic.it\/wp-content\/uploads\/2017\/01\/traspa_png.png&#8221; image_icon_width=&#8221;none&#8221; admin_label=&#8221;Blurb&#8221; module_id=&#8221;cf-blurb1&#8243; module_class=&#8221;rounded-blurb-home&#8221; _builder_version=&#8221;4.16&#8243; background_size=&#8221;initial&#8221; background_position=&#8221;top_left&#8221; background_repeat=&#8221;repeat&#8221; text_orientation=&#8221;center&#8221; use_border_color=&#8221;off&#8221; border_color=&#8221;#ffffff&#8221; border_style=&#8221;solid&#8221; image_max_width=&#8221;none&#8221; use_circle=&#8221;off&#8221; use_circle_border=&#8221;off&#8221; circle_border_color=&#8221;#7EBEC5&#8243; circle_color=&#8221;#7EBEC5&#8243; global_colors_info=&#8221;{}&#8221;][\/et_pb_blurb][et_pb_blurb title=&#8221;PROIECTARE&#8221; url=&#8221;\/ro\/ce-facem\/designs\/&#8221; image=&#8221;https:\/\/www.hidromatic.it\/wp-content\/uploads\/2017\/01\/traspa_png.png&#8221; image_icon_width=&#8221;none&#8221; admin_label=&#8221;Blurb&#8221; module_id=&#8221;cf-blurb4&#8243; module_class=&#8221;rounded-blurb-home&#8221; _builder_version=&#8221;4.16&#8243; background_size=&#8221;initial&#8221; background_position=&#8221;top_left&#8221; background_repeat=&#8221;repeat&#8221; text_orientation=&#8221;center&#8221; use_border_color=&#8221;off&#8221; border_color=&#8221;#ffffff&#8221; border_style=&#8221;solid&#8221; image_max_width=&#8221;none&#8221; use_circle=&#8221;off&#8221; use_circle_border=&#8221;off&#8221; circle_border_color=&#8221;#7EBEC5&#8243; circle_color=&#8221;#7EBEC5&#8243; global_colors_info=&#8221;{}&#8221;][\/et_pb_blurb][\/et_pb_column][et_pb_column type=&#8221;1_3&#8243; _builder_version=&#8221;4.16&#8243; custom_padding=&#8221;|||&#8221; global_colors_info=&#8221;{}&#8221; custom_padding__hover=&#8221;|||&#8221;][et_pb_divider show_divider=&#8221;off&#8221; admin_label=&#8221;Modulo Separatore&#8221; _builder_version=&#8221;4.16&#8243; height=&#8221;20px&#8221; hide_on_mobile=&#8221;off&#8221; global_colors_info=&#8221;{}&#8221;][\/et_pb_divider][et_pb_blurb title=&#8221;STA\u0162II STANDARD&#8221; url=&#8221;\/ro\/ce-facem\/instalatii-standard\/&#8221; image=&#8221;https:\/\/www.hidromatic.it\/wp-content\/uploads\/2017\/01\/traspa_png.png&#8221; image_icon_width=&#8221;none&#8221; admin_label=&#8221;Blurb&#8221; module_id=&#8221;cf-blurb2&#8243; module_class=&#8221;rounded-blurb-home&#8221; _builder_version=&#8221;4.16&#8243; background_size=&#8221;initial&#8221; background_position=&#8221;top_left&#8221; background_repeat=&#8221;repeat&#8221; text_orientation=&#8221;center&#8221; use_border_color=&#8221;off&#8221; border_color=&#8221;#ffffff&#8221; border_style=&#8221;solid&#8221; image_max_width=&#8221;none&#8221; use_circle=&#8221;off&#8221; use_circle_border=&#8221;off&#8221; circle_border_color=&#8221;#7EBEC5&#8243; circle_color=&#8221;#7EBEC5&#8243; global_colors_info=&#8221;{}&#8221;][\/et_pb_blurb][et_pb_blurb title=&#8221;LABORATOR ANALIZE&#8221; url=&#8221;\/ro\/ce-facem\/laborator-si-cercetare\/&#8221; image=&#8221;https:\/\/www.hidromatic.it\/wp-content\/uploads\/2017\/01\/traspa_png.png&#8221; image_icon_width=&#8221;none&#8221; admin_label=&#8221;Blurb&#8221; module_id=&#8221;cf-blurb5&#8243; module_class=&#8221;rounded-blurb-home&#8221; _builder_version=&#8221;4.16&#8243; background_size=&#8221;initial&#8221; background_position=&#8221;top_left&#8221; background_repeat=&#8221;repeat&#8221; text_orientation=&#8221;center&#8221; use_border_color=&#8221;off&#8221; border_color=&#8221;#ffffff&#8221; border_style=&#8221;solid&#8221; image_max_width=&#8221;none&#8221; use_circle=&#8221;off&#8221; use_circle_border=&#8221;off&#8221; circle_border_color=&#8221;#7EBEC5&#8243; circle_color=&#8221;#7EBEC5&#8243; global_colors_info=&#8221;{}&#8221;][\/et_pb_blurb][\/et_pb_column][et_pb_column type=&#8221;1_3&#8243; _builder_version=&#8221;4.16&#8243; custom_padding=&#8221;|||&#8221; global_colors_info=&#8221;{}&#8221; custom_padding__hover=&#8221;|||&#8221;][et_pb_divider show_divider=&#8221;off&#8221; admin_label=&#8221;Modulo Separatore&#8221; _builder_version=&#8221;4.16&#8243; height=&#8221;20px&#8221; hide_on_mobile=&#8221;off&#8221; global_colors_info=&#8221;{}&#8221;][\/et_pb_divider][et_pb_blurb title=&#8221;CHIMICALE&#8221; url=&#8221;\/ro\/ce-facem\/chimicale\/&#8221; image=&#8221;https:\/\/www.hidromatic.it\/wp-content\/uploads\/2017\/01\/traspa_png.png&#8221; image_icon_width=&#8221;none&#8221; admin_label=&#8221;Blurb&#8221; module_id=&#8221;cf-blurb3&#8243; module_class=&#8221;rounded-blurb-home&#8221; _builder_version=&#8221;4.16&#8243; background_size=&#8221;initial&#8221; background_position=&#8221;top_left&#8221; background_repeat=&#8221;repeat&#8221; text_orientation=&#8221;center&#8221; use_border_color=&#8221;off&#8221; border_color=&#8221;#ffffff&#8221; border_style=&#8221;solid&#8221; image_max_width=&#8221;none&#8221; use_circle=&#8221;off&#8221; use_circle_border=&#8221;off&#8221; circle_border_color=&#8221;#7EBEC5&#8243; circle_color=&#8221;#7EBEC5&#8243; global_colors_info=&#8221;{}&#8221;][\/et_pb_blurb][et_pb_blurb title=&#8221;SERVICE&#8221; url=&#8221;\/ro\/ce-facem\/service\/&#8221; image=&#8221;https:\/\/www.hidromatic.it\/wp-content\/uploads\/2017\/01\/traspa_png.png&#8221; image_icon_width=&#8221;none&#8221; admin_label=&#8221;Blurb&#8221; module_id=&#8221;cf-blurb6&#8243; module_class=&#8221;rounded-blurb-home&#8221; _builder_version=&#8221;4.16&#8243; background_size=&#8221;initial&#8221; background_position=&#8221;top_left&#8221; background_repeat=&#8221;repeat&#8221; text_orientation=&#8221;center&#8221; use_border_color=&#8221;off&#8221; border_color=&#8221;#ffffff&#8221; border_style=&#8221;solid&#8221; image_max_width=&#8221;none&#8221; use_circle=&#8221;off&#8221; use_circle_border=&#8221;off&#8221; circle_border_color=&#8221;#7EBEC5&#8243; circle_color=&#8221;#7EBEC5&#8243; global_colors_info=&#8221;{}&#8221;][\/et_pb_blurb][\/et_pb_column][\/et_pb_row][\/et_pb_section]<\/p>\n","protected":false},"excerpt":{"rendered":"<p>SOLU\u021aIIPENTRU FIECARE NEVOIE Hidromatic Lider \u00een proiectarea \u0219i construc\u021biade instala\u021bii industriale pentru tratarea apei. Compania noastr\u0103 este \u00een m\u0103sur\u0103 s\u0103 ofere solu\u021bii inovatoare \u0219i durabile pentru producerea de ap\u0103 pentru consumul casnic, industrial \u0219i pentru tratarea apelor reziduale. O echip\u0103 intern\u0103 format\u0103 din ingineri cu \u00eenalt\u0103 calificare, cu experien\u021b\u0103 \u00een toate domeniile de tratare a [&hellip;]<\/p>\n","protected":false},"author":3,"featured_media":0,"parent":0,"menu_order":0,"comment_status":"closed","ping_status":"closed","template":"","meta":{"_et_pb_use_builder":"on","_et_pb_old_content":"","_et_gb_content_width":"","footnotes":""},"class_list":["post-2941","page","type-page","status-publish","hentry"],"yoast_head":"<!-- This site is optimized with the Yoast SEO plugin v27.4 - https:\/\/yoast.com\/product\/yoast-seo-wordpress\/ -->\n<title>Hidromatic srl - Epurare a apelor - Plante industriale \u015fi civile - CE FACEM<\/title>\n<meta name=\"robots\" content=\"index, follow, max-snippet:-1, max-image-preview:large, max-video-preview:-1\" \/>\n<link rel=\"canonical\" href=\"https:\/\/www.hidromatic.it\/ro\/ce-facem\/\" \/>\n<meta property=\"og:locale\" content=\"ro_RO\" \/>\n<meta property=\"og:type\" content=\"article\" \/>\n<meta property=\"og:title\" content=\"Hidromatic srl - Epurare a apelor - Plante industriale \u015fi civile - CE FACEM\" \/>\n<meta property=\"og:description\" content=\"SOLU\u021aIIPENTRU FIECARE NEVOIE Hidromatic Lider \u00een proiectarea \u0219i construc\u021biade instala\u021bii industriale pentru tratarea apei. Compania noastr\u0103 este \u00een m\u0103sur\u0103 s\u0103 ofere solu\u021bii inovatoare \u0219i durabile pentru producerea de ap\u0103 pentru consumul casnic, industrial \u0219i pentru tratarea apelor reziduale. O echip\u0103 intern\u0103 format\u0103 din ingineri cu \u00eenalt\u0103 calificare, cu experien\u021b\u0103 \u00een toate domeniile de tratare a [&hellip;]\" \/>\n<meta property=\"og:url\" content=\"https:\/\/www.hidromatic.it\/ro\/ce-facem\/\" \/>\n<meta property=\"og:site_name\" content=\"Hidromatic srl - Epurare a apelor\" \/>\n<meta property=\"article:publisher\" content=\"https:\/\/it-it.facebook.com\/HidromaticSrl\/\" \/>\n<meta property=\"article:modified_time\" content=\"2024-11-29T15:41:27+00:00\" \/>\n<meta name=\"twitter:card\" content=\"summary_large_image\" \/>\n<meta name=\"twitter:label1\" content=\"Timp estimat pentru citire\" \/>\n\t<meta name=\"twitter:data1\" content=\"3 minute\" \/>\n<script type=\"application\/ld+json\" class=\"yoast-schema-graph\">{\"@context\":\"https:\\\/\\\/schema.org\",\"@graph\":[{\"@type\":\"WebPage\",\"@id\":\"https:\\\/\\\/www.hidromatic.it\\\/ro\\\/ce-facem\\\/\",\"url\":\"https:\\\/\\\/www.hidromatic.it\\\/ro\\\/ce-facem\\\/\",\"name\":\"Hidromatic srl - Epurare a apelor - Plante industriale \u015fi civile - CE FACEM\",\"isPartOf\":{\"@id\":\"https:\\\/\\\/www.hidromatic.it\\\/#website\"},\"datePublished\":\"2017-01-10T14:50:59+00:00\",\"dateModified\":\"2024-11-29T15:41:27+00:00\",\"breadcrumb\":{\"@id\":\"https:\\\/\\\/www.hidromatic.it\\\/ro\\\/ce-facem\\\/#breadcrumb\"},\"inLanguage\":\"ro-RO\",\"potentialAction\":[{\"@type\":\"ReadAction\",\"target\":[\"https:\\\/\\\/www.hidromatic.it\\\/ro\\\/ce-facem\\\/\"]}]},{\"@type\":\"BreadcrumbList\",\"@id\":\"https:\\\/\\\/www.hidromatic.it\\\/ro\\\/ce-facem\\\/#breadcrumb\",\"itemListElement\":[{\"@type\":\"ListItem\",\"position\":1,\"name\":\"Home\",\"item\":\"https:\\\/\\\/www.hidromatic.it\\\/ro\\\/\"},{\"@type\":\"ListItem\",\"position\":2,\"name\":\"CE FACEM\"}]},{\"@type\":\"WebSite\",\"@id\":\"https:\\\/\\\/www.hidromatic.it\\\/#website\",\"url\":\"https:\\\/\\\/www.hidromatic.it\\\/\",\"name\":\"Hidromatic srl - Epurare a apelor\",\"description\":\"Plante industriale \u015fi civile\",\"potentialAction\":[{\"@type\":\"SearchAction\",\"target\":{\"@type\":\"EntryPoint\",\"urlTemplate\":\"https:\\\/\\\/www.hidromatic.it\\\/?s={search_term_string}\"},\"query-input\":{\"@type\":\"PropertyValueSpecification\",\"valueRequired\":true,\"valueName\":\"search_term_string\"}}],\"inLanguage\":\"ro-RO\"}]}<\/script>\n<!-- \/ Yoast SEO plugin. -->","yoast_head_json":{"title":"Hidromatic srl - Epurare a apelor - Plante industriale \u015fi civile - CE FACEM","robots":{"index":"index","follow":"follow","max-snippet":"max-snippet:-1","max-image-preview":"max-image-preview:large","max-video-preview":"max-video-preview:-1"},"canonical":"https:\/\/www.hidromatic.it\/ro\/ce-facem\/","og_locale":"ro_RO","og_type":"article","og_title":"Hidromatic srl - Epurare a apelor - Plante industriale \u015fi civile - CE FACEM","og_description":"SOLU\u021aIIPENTRU FIECARE NEVOIE Hidromatic Lider \u00een proiectarea \u0219i construc\u021biade instala\u021bii industriale pentru tratarea apei. Compania noastr\u0103 este \u00een m\u0103sur\u0103 s\u0103 ofere solu\u021bii inovatoare \u0219i durabile pentru producerea de ap\u0103 pentru consumul casnic, industrial \u0219i pentru tratarea apelor reziduale. O echip\u0103 intern\u0103 format\u0103 din ingineri cu \u00eenalt\u0103 calificare, cu experien\u021b\u0103 \u00een toate domeniile de tratare a [&hellip;]","og_url":"https:\/\/www.hidromatic.it\/ro\/ce-facem\/","og_site_name":"Hidromatic srl - Epurare a apelor","article_publisher":"https:\/\/it-it.facebook.com\/HidromaticSrl\/","article_modified_time":"2024-11-29T15:41:27+00:00","twitter_card":"summary_large_image","twitter_misc":{"Timp estimat pentru citire":"3 minute"},"schema":{"@context":"https:\/\/schema.org","@graph":[{"@type":"WebPage","@id":"https:\/\/www.hidromatic.it\/ro\/ce-facem\/","url":"https:\/\/www.hidromatic.it\/ro\/ce-facem\/","name":"Hidromatic srl - Epurare a apelor - Plante industriale \u015fi civile - CE FACEM","isPartOf":{"@id":"https:\/\/www.hidromatic.it\/#website"},"datePublished":"2017-01-10T14:50:59+00:00","dateModified":"2024-11-29T15:41:27+00:00","breadcrumb":{"@id":"https:\/\/www.hidromatic.it\/ro\/ce-facem\/#breadcrumb"},"inLanguage":"ro-RO","potentialAction":[{"@type":"ReadAction","target":["https:\/\/www.hidromatic.it\/ro\/ce-facem\/"]}]},{"@type":"BreadcrumbList","@id":"https:\/\/www.hidromatic.it\/ro\/ce-facem\/#breadcrumb","itemListElement":[{"@type":"ListItem","position":1,"name":"Home","item":"https:\/\/www.hidromatic.it\/ro\/"},{"@type":"ListItem","position":2,"name":"CE FACEM"}]},{"@type":"WebSite","@id":"https:\/\/www.hidromatic.it\/#website","url":"https:\/\/www.hidromatic.it\/","name":"Hidromatic srl - Epurare a apelor","description":"Plante industriale \u015fi civile","potentialAction":[{"@type":"SearchAction","target":{"@type":"EntryPoint","urlTemplate":"https:\/\/www.hidromatic.it\/?s={search_term_string}"},"query-input":{"@type":"PropertyValueSpecification","valueRequired":true,"valueName":"search_term_string"}}],"inLanguage":"ro-RO"}]}},"_links":{"self":[{"href":"https:\/\/www.hidromatic.it\/ro\/wp-json\/wp\/v2\/pages\/2941","targetHints":{"allow":["GET"]}}],"collection":[{"href":"https:\/\/www.hidromatic.it\/ro\/wp-json\/wp\/v2\/pages"}],"about":[{"href":"https:\/\/www.hidromatic.it\/ro\/wp-json\/wp\/v2\/types\/page"}],"author":[{"embeddable":true,"href":"https:\/\/www.hidromatic.it\/ro\/wp-json\/wp\/v2\/users\/3"}],"replies":[{"embeddable":true,"href":"https:\/\/www.hidromatic.it\/ro\/wp-json\/wp\/v2\/comments?post=2941"}],"version-history":[{"count":4,"href":"https:\/\/www.hidromatic.it\/ro\/wp-json\/wp\/v2\/pages\/2941\/revisions"}],"predecessor-version":[{"id":5676,"href":"https:\/\/www.hidromatic.it\/ro\/wp-json\/wp\/v2\/pages\/2941\/revisions\/5676"}],"wp:attachment":[{"href":"https:\/\/www.hidromatic.it\/ro\/wp-json\/wp\/v2\/media?parent=2941"}],"curies":[{"name":"wp","href":"https:\/\/api.w.org\/{rel}","templated":true}]}}