{"id":2927,"date":"2017-01-16T17:03:02","date_gmt":"2017-01-16T16:03:02","guid":{"rendered":"http:\/\/www.hidromatic.it\/ro\/azienda\/ricerca-e-sviluppo\/"},"modified":"2024-11-29T16:38:48","modified_gmt":"2024-11-29T15:38:48","slug":"cercetare-si-dezvoltare","status":"publish","type":"page","link":"https:\/\/www.hidromatic.it\/ro\/compania\/cercetare-si-dezvoltare\/","title":{"rendered":"CERCETARE \u0218I DEZVOLTARE"},"content":{"rendered":"<p>[et_pb_section fb_built=&#8221;1&#8243; fullwidth=&#8221;on&#8221; admin_label=&#8221;Sezione&#8221; _builder_version=&#8221;4.16&#8243; global_colors_info=&#8221;{}&#8221;][et_pb_fullwidth_header header_fullscreen=&#8221;on&#8221; image_orientation=&#8221;bottom&#8221; content_max_width=&#8221;none&#8221; admin_label=&#8221;Intestazione a Larghezza Piena&#8221; _builder_version=&#8221;4.16&#8243; background_color=&#8221;rgba(255, 255, 255, 0)&#8221; background_image=&#8221;https:\/\/www.hidromatic.it\/wp-content\/uploads\/2017\/01\/top-ricercasviluppo.jpg&#8221; background_layout=&#8221;light&#8221; background_url=&#8221;https:\/\/www.hidromatic.it\/wp-content\/uploads\/2017\/01\/top-ricercasviluppo.jpg&#8221; button_one_letter_spacing_hover=&#8221;0&#8243; button_two_letter_spacing_hover=&#8221;0&#8243; global_colors_info=&#8221;{}&#8221; button_one_text_size__hover_enabled=&#8221;off&#8221; button_two_text_size__hover_enabled=&#8221;off&#8221; button_one_text_color__hover_enabled=&#8221;off&#8221; button_two_text_color__hover_enabled=&#8221;off&#8221; button_one_border_width__hover_enabled=&#8221;off&#8221; button_two_border_width__hover_enabled=&#8221;off&#8221; button_one_border_color__hover_enabled=&#8221;off&#8221; button_two_border_color__hover_enabled=&#8221;off&#8221; button_one_border_radius__hover_enabled=&#8221;off&#8221; button_two_border_radius__hover_enabled=&#8221;off&#8221; button_one_letter_spacing__hover_enabled=&#8221;on&#8221; button_one_letter_spacing__hover=&#8221;0&#8243; button_two_letter_spacing__hover_enabled=&#8221;on&#8221; button_two_letter_spacing__hover=&#8221;0&#8243; button_one_bg_color__hover_enabled=&#8221;off&#8221; button_two_bg_color__hover_enabled=&#8221;off&#8221;]<\/p>\n<div class=\"contenitore-info-immagine-2\">\n<div><span>PROIECTARE<\/span><\/div>\n<div><span>PENTRU \u00ceMBUN\u0102T\u0102\u021aIRE<\/span><\/div>\n<\/div>\n<p>[\/et_pb_fullwidth_header][\/et_pb_section][et_pb_section fb_built=&#8221;1&#8243; admin_label=&#8221;section&#8221; module_id=&#8221;riga_1_home&#8221; module_class=&#8221;azienda&#8221; _builder_version=&#8221;4.16&#8243; transparent_background=&#8221;off&#8221; make_fullwidth=&#8221;off&#8221; use_custom_width=&#8221;off&#8221; width_unit=&#8221;on&#8221; global_colors_info=&#8221;{}&#8221;][et_pb_row admin_label=&#8221;row&#8221; _builder_version=&#8221;4.16&#8243; background_size=&#8221;initial&#8221; background_position=&#8221;top_left&#8221; background_repeat=&#8221;repeat&#8221; global_colors_info=&#8221;{}&#8221;][et_pb_column type=&#8221;4_4&#8243; _builder_version=&#8221;4.16&#8243; custom_padding=&#8221;|||&#8221; global_colors_info=&#8221;{}&#8221; custom_padding__hover=&#8221;|||&#8221;][et_pb_text admin_label=&#8221;Testo&#8221; _builder_version=&#8221;4.16&#8243; background_size=&#8221;initial&#8221; background_position=&#8221;top_left&#8221; background_repeat=&#8221;repeat&#8221; use_border_color=&#8221;off&#8221; border_color=&#8221;#ffffff&#8221; border_style=&#8221;solid&#8221; global_colors_info=&#8221;{}&#8221;]<\/p>\n<div>\n<div class=\"big-big green\">CERCETARE \u0218I DEZVOLTARE<\/div>\n<div class=\"sub-big-big green\">Hidromatic este capacitatea de proiectare<\/div>\n<div class=\"testo\">Punem la dispozitia Clientului o gam\u0103 larg\u0103 de servicii, de la studii de fezabilitate pentru proiectarea detaliat\u0103 a insta\u021biilor de tratare a apei la gestionarea resurselor \u015fi asisten\u021b\u0103 opera\u021bional\u0103. Inginerii \u0219i tehnicienii no\u0219tri cu \u00eenalt\u0103 calificare sunt \u00een mod constant angaja\u0163i \u00een fruntea inova\u021biei tehnologice, cu scopul de a combina sinergic procesele, func\u021biile \u0219i instala\u0163iile de tratare a apei, c\u0103ut\u00e2nd astfel maximizarea constant\u0103 a performan\u021belor \u0219i actualizarea proiect\u0103rii.<\/div>\n<\/div>\n<p>[\/et_pb_text][\/et_pb_column][\/et_pb_row][\/et_pb_section][et_pb_section fb_built=&#8221;1&#8243; admin_label=&#8221;Sezione&#8221; module_id=&#8221;riga_3_home&#8221; module_class=&#8221;azienda&#8221; _builder_version=&#8221;4.16&#8243; background_color=&#8221;rgba(255,255,255,0)&#8221; background_image=&#8221;https:\/\/www.hidromatic.it\/wp-content\/uploads\/2017\/01\/bg_innovazione_02.jpg&#8221; parallax=&#8221;on&#8221; parallax_method=&#8221;off&#8221; transparent_background=&#8221;on&#8221; make_fullwidth=&#8221;off&#8221; use_custom_width=&#8221;off&#8221; width_unit=&#8221;on&#8221; global_colors_info=&#8221;{}&#8221;][et_pb_row admin_label=&#8221;Riga&#8221; _builder_version=&#8221;4.16&#8243; background_size=&#8221;initial&#8221; background_position=&#8221;top_left&#8221; background_repeat=&#8221;repeat&#8221; global_colors_info=&#8221;{}&#8221;][et_pb_column type=&#8221;4_4&#8243; _builder_version=&#8221;4.16&#8243; custom_padding=&#8221;|||&#8221; global_colors_info=&#8221;{}&#8221; custom_padding__hover=&#8221;|||&#8221;][et_pb_divider show_divider=&#8221;off&#8221; admin_label=&#8221;Modulo Separatore&#8221; module_class=&#8221;big-separatore&#8221; _builder_version=&#8221;4.16&#8243; hide_on_mobile=&#8221;off&#8221; global_colors_info=&#8221;{}&#8221;][\/et_pb_divider][\/et_pb_column][\/et_pb_row][et_pb_row admin_label=&#8221;Riga&#8221; _builder_version=&#8221;4.16&#8243; background_size=&#8221;initial&#8221; background_position=&#8221;top_left&#8221; background_repeat=&#8221;repeat&#8221; global_colors_info=&#8221;{}&#8221;][et_pb_column type=&#8221;4_4&#8243; _builder_version=&#8221;4.16&#8243; custom_padding=&#8221;|||&#8221; global_colors_info=&#8221;{}&#8221; custom_padding__hover=&#8221;|||&#8221;][et_pb_text admin_label=&#8221;Testo&#8221; _builder_version=&#8221;4.16&#8243; background_size=&#8221;initial&#8221; background_position=&#8221;top_left&#8221; background_repeat=&#8221;repeat&#8221; use_border_color=&#8221;off&#8221; border_color=&#8221;#ffffff&#8221; border_style=&#8221;solid&#8221; global_colors_info=&#8221;{}&#8221;]<\/p>\n<div>\n<div class=\"big-big bianco\">INOVA\u021aIE<\/div>\n<div class=\"big-big stretto-stretto bianco\">Pentru a cre\u015fte \u00eempreun\u0103<\/div>\n<div class=\"testo bianco\">Hidromatic, cu pozi\u021bia sa de lider tehnologic, cere angaja\u021bilor \u0219i cercet\u0103torilor s\u0103i un angajament puternic pentru identificarea, cultivarea, protejarea \u0219i cre\u0219terea celor mai inovatoare tehnologii, capabile s\u0103 satisfac\u0103 nevoile din ce \u00een ce mai complexe ale clien\u021bilor de ast\u0103zi \u0219i de m\u00e2ine. Prin intermediul grupurilor de cercetare la nivel interna\u021bional vom dezvolta idei cheie care pot garanta procesele de inovare \u0219i principii de condi\u021bionare chimice.<\/div>\n<\/div>\n<p>[\/et_pb_text][\/et_pb_column][\/et_pb_row][\/et_pb_section]<\/p>\n","protected":false},"excerpt":{"rendered":"<p>PROIECTARE PENTRU \u00ceMBUN\u0102T\u0102\u021aIRE CERCETARE \u0218I DEZVOLTARE Hidromatic este capacitatea de proiectare Punem la dispozitia Clientului o gam\u0103 larg\u0103 de servicii, de la studii de fezabilitate pentru proiectarea detaliat\u0103 a insta\u021biilor de tratare a apei la gestionarea resurselor \u015fi asisten\u021b\u0103 opera\u021bional\u0103. Inginerii \u0219i tehnicienii no\u0219tri cu \u00eenalt\u0103 calificare sunt \u00een mod constant angaja\u0163i \u00een fruntea inova\u021biei [&hellip;]<\/p>\n","protected":false},"author":3,"featured_media":0,"parent":2918,"menu_order":0,"comment_status":"closed","ping_status":"closed","template":"","meta":{"_et_pb_use_builder":"on","_et_pb_old_content":"","_et_gb_content_width":"","footnotes":""},"class_list":["post-2927","page","type-page","status-publish","hentry"],"yoast_head":"<!-- This site is optimized with the Yoast SEO plugin v27.4 - https:\/\/yoast.com\/product\/yoast-seo-wordpress\/ -->\n<title>Hidromatic srl - Epurare a apelor - Plante industriale \u015fi civile - CERCETARE \u0218I DEZVOLTARE<\/title>\n<meta name=\"robots\" content=\"index, follow, max-snippet:-1, max-image-preview:large, max-video-preview:-1\" \/>\n<link rel=\"canonical\" href=\"https:\/\/www.hidromatic.it\/ro\/compania\/cercetare-si-dezvoltare\/\" \/>\n<meta property=\"og:locale\" content=\"ro_RO\" \/>\n<meta property=\"og:type\" content=\"article\" \/>\n<meta property=\"og:title\" content=\"Hidromatic srl - Epurare a apelor - Plante industriale \u015fi civile - CERCETARE \u0218I DEZVOLTARE\" \/>\n<meta property=\"og:description\" content=\"PROIECTARE PENTRU \u00ceMBUN\u0102T\u0102\u021aIRE CERCETARE \u0218I DEZVOLTARE Hidromatic este capacitatea de proiectare Punem la dispozitia Clientului o gam\u0103 larg\u0103 de servicii, de la studii de fezabilitate pentru proiectarea detaliat\u0103 a insta\u021biilor de tratare a apei la gestionarea resurselor \u015fi asisten\u021b\u0103 opera\u021bional\u0103. Inginerii \u0219i tehnicienii no\u0219tri cu \u00eenalt\u0103 calificare sunt \u00een mod constant angaja\u0163i \u00een fruntea inova\u021biei [&hellip;]\" \/>\n<meta property=\"og:url\" content=\"https:\/\/www.hidromatic.it\/ro\/compania\/cercetare-si-dezvoltare\/\" \/>\n<meta property=\"og:site_name\" content=\"Hidromatic srl - Epurare a apelor\" \/>\n<meta property=\"article:publisher\" content=\"https:\/\/it-it.facebook.com\/HidromaticSrl\/\" \/>\n<meta property=\"article:modified_time\" content=\"2024-11-29T15:38:48+00:00\" \/>\n<meta name=\"twitter:card\" content=\"summary_large_image\" \/>\n<meta name=\"twitter:label1\" content=\"Timp estimat pentru citire\" \/>\n\t<meta name=\"twitter:data1\" content=\"2 minute\" \/>\n<script type=\"application\/ld+json\" class=\"yoast-schema-graph\">{\"@context\":\"https:\\\/\\\/schema.org\",\"@graph\":[{\"@type\":\"WebPage\",\"@id\":\"https:\\\/\\\/www.hidromatic.it\\\/ro\\\/compania\\\/cercetare-si-dezvoltare\\\/\",\"url\":\"https:\\\/\\\/www.hidromatic.it\\\/ro\\\/compania\\\/cercetare-si-dezvoltare\\\/\",\"name\":\"Hidromatic srl - Epurare a apelor - Plante industriale \u015fi civile - CERCETARE \u0218I DEZVOLTARE\",\"isPartOf\":{\"@id\":\"https:\\\/\\\/www.hidromatic.it\\\/#website\"},\"datePublished\":\"2017-01-16T16:03:02+00:00\",\"dateModified\":\"2024-11-29T15:38:48+00:00\",\"breadcrumb\":{\"@id\":\"https:\\\/\\\/www.hidromatic.it\\\/ro\\\/compania\\\/cercetare-si-dezvoltare\\\/#breadcrumb\"},\"inLanguage\":\"ro-RO\",\"potentialAction\":[{\"@type\":\"ReadAction\",\"target\":[\"https:\\\/\\\/www.hidromatic.it\\\/ro\\\/compania\\\/cercetare-si-dezvoltare\\\/\"]}]},{\"@type\":\"BreadcrumbList\",\"@id\":\"https:\\\/\\\/www.hidromatic.it\\\/ro\\\/compania\\\/cercetare-si-dezvoltare\\\/#breadcrumb\",\"itemListElement\":[{\"@type\":\"ListItem\",\"position\":1,\"name\":\"Home\",\"item\":\"https:\\\/\\\/www.hidromatic.it\\\/ro\\\/\"},{\"@type\":\"ListItem\",\"position\":2,\"name\":\"COMPANIA\",\"item\":\"https:\\\/\\\/www.hidromatic.it\\\/ro\\\/compania\\\/\"},{\"@type\":\"ListItem\",\"position\":3,\"name\":\"CERCETARE \u0218I DEZVOLTARE\"}]},{\"@type\":\"WebSite\",\"@id\":\"https:\\\/\\\/www.hidromatic.it\\\/#website\",\"url\":\"https:\\\/\\\/www.hidromatic.it\\\/\",\"name\":\"Hidromatic srl - Epurare a apelor\",\"description\":\"Plante industriale \u015fi civile\",\"potentialAction\":[{\"@type\":\"SearchAction\",\"target\":{\"@type\":\"EntryPoint\",\"urlTemplate\":\"https:\\\/\\\/www.hidromatic.it\\\/?s={search_term_string}\"},\"query-input\":{\"@type\":\"PropertyValueSpecification\",\"valueRequired\":true,\"valueName\":\"search_term_string\"}}],\"inLanguage\":\"ro-RO\"}]}<\/script>\n<!-- \/ Yoast SEO plugin. -->","yoast_head_json":{"title":"Hidromatic srl - Epurare a apelor - Plante industriale \u015fi civile - CERCETARE \u0218I DEZVOLTARE","robots":{"index":"index","follow":"follow","max-snippet":"max-snippet:-1","max-image-preview":"max-image-preview:large","max-video-preview":"max-video-preview:-1"},"canonical":"https:\/\/www.hidromatic.it\/ro\/compania\/cercetare-si-dezvoltare\/","og_locale":"ro_RO","og_type":"article","og_title":"Hidromatic srl - Epurare a apelor - Plante industriale \u015fi civile - CERCETARE \u0218I DEZVOLTARE","og_description":"PROIECTARE PENTRU \u00ceMBUN\u0102T\u0102\u021aIRE CERCETARE \u0218I DEZVOLTARE Hidromatic este capacitatea de proiectare Punem la dispozitia Clientului o gam\u0103 larg\u0103 de servicii, de la studii de fezabilitate pentru proiectarea detaliat\u0103 a insta\u021biilor de tratare a apei la gestionarea resurselor \u015fi asisten\u021b\u0103 opera\u021bional\u0103. Inginerii \u0219i tehnicienii no\u0219tri cu \u00eenalt\u0103 calificare sunt \u00een mod constant angaja\u0163i \u00een fruntea inova\u021biei [&hellip;]","og_url":"https:\/\/www.hidromatic.it\/ro\/compania\/cercetare-si-dezvoltare\/","og_site_name":"Hidromatic srl - Epurare a apelor","article_publisher":"https:\/\/it-it.facebook.com\/HidromaticSrl\/","article_modified_time":"2024-11-29T15:38:48+00:00","twitter_card":"summary_large_image","twitter_misc":{"Timp estimat pentru citire":"2 minute"},"schema":{"@context":"https:\/\/schema.org","@graph":[{"@type":"WebPage","@id":"https:\/\/www.hidromatic.it\/ro\/compania\/cercetare-si-dezvoltare\/","url":"https:\/\/www.hidromatic.it\/ro\/compania\/cercetare-si-dezvoltare\/","name":"Hidromatic srl - Epurare a apelor - Plante industriale \u015fi civile - CERCETARE \u0218I DEZVOLTARE","isPartOf":{"@id":"https:\/\/www.hidromatic.it\/#website"},"datePublished":"2017-01-16T16:03:02+00:00","dateModified":"2024-11-29T15:38:48+00:00","breadcrumb":{"@id":"https:\/\/www.hidromatic.it\/ro\/compania\/cercetare-si-dezvoltare\/#breadcrumb"},"inLanguage":"ro-RO","potentialAction":[{"@type":"ReadAction","target":["https:\/\/www.hidromatic.it\/ro\/compania\/cercetare-si-dezvoltare\/"]}]},{"@type":"BreadcrumbList","@id":"https:\/\/www.hidromatic.it\/ro\/compania\/cercetare-si-dezvoltare\/#breadcrumb","itemListElement":[{"@type":"ListItem","position":1,"name":"Home","item":"https:\/\/www.hidromatic.it\/ro\/"},{"@type":"ListItem","position":2,"name":"COMPANIA","item":"https:\/\/www.hidromatic.it\/ro\/compania\/"},{"@type":"ListItem","position":3,"name":"CERCETARE \u0218I DEZVOLTARE"}]},{"@type":"WebSite","@id":"https:\/\/www.hidromatic.it\/#website","url":"https:\/\/www.hidromatic.it\/","name":"Hidromatic srl - Epurare a apelor","description":"Plante industriale \u015fi civile","potentialAction":[{"@type":"SearchAction","target":{"@type":"EntryPoint","urlTemplate":"https:\/\/www.hidromatic.it\/?s={search_term_string}"},"query-input":{"@type":"PropertyValueSpecification","valueRequired":true,"valueName":"search_term_string"}}],"inLanguage":"ro-RO"}]}},"_links":{"self":[{"href":"https:\/\/www.hidromatic.it\/ro\/wp-json\/wp\/v2\/pages\/2927","targetHints":{"allow":["GET"]}}],"collection":[{"href":"https:\/\/www.hidromatic.it\/ro\/wp-json\/wp\/v2\/pages"}],"about":[{"href":"https:\/\/www.hidromatic.it\/ro\/wp-json\/wp\/v2\/types\/page"}],"author":[{"embeddable":true,"href":"https:\/\/www.hidromatic.it\/ro\/wp-json\/wp\/v2\/users\/3"}],"replies":[{"embeddable":true,"href":"https:\/\/www.hidromatic.it\/ro\/wp-json\/wp\/v2\/comments?post=2927"}],"version-history":[{"count":5,"href":"https:\/\/www.hidromatic.it\/ro\/wp-json\/wp\/v2\/pages\/2927\/revisions"}],"predecessor-version":[{"id":5672,"href":"https:\/\/www.hidromatic.it\/ro\/wp-json\/wp\/v2\/pages\/2927\/revisions\/5672"}],"up":[{"embeddable":true,"href":"https:\/\/www.hidromatic.it\/ro\/wp-json\/wp\/v2\/pages\/2918"}],"wp:attachment":[{"href":"https:\/\/www.hidromatic.it\/ro\/wp-json\/wp\/v2\/media?parent=2927"}],"curies":[{"name":"wp","href":"https:\/\/api.w.org\/{rel}","templated":true}]}}