{"id":2924,"date":"2017-01-16T16:54:28","date_gmt":"2017-01-16T15:54:28","guid":{"rendered":"http:\/\/www.hidromatic.it\/ro\/azienda\/responsability\/"},"modified":"2024-11-29T16:38:05","modified_gmt":"2024-11-29T15:38:05","slug":"responsabilitate","status":"publish","type":"page","link":"https:\/\/www.hidromatic.it\/ro\/compania\/responsabilitate\/","title":{"rendered":"RESPONSABILITATE"},"content":{"rendered":"<p>[et_pb_section fb_built=&#8221;1&#8243; fullwidth=&#8221;on&#8221; admin_label=&#8221;Sezione&#8221; _builder_version=&#8221;4.16&#8243; global_colors_info=&#8221;{}&#8221;][et_pb_fullwidth_header header_fullscreen=&#8221;on&#8221; image_orientation=&#8221;bottom&#8221; content_max_width=&#8221;none&#8221; admin_label=&#8221;Intestazione a Larghezza Piena&#8221; _builder_version=&#8221;4.16&#8243; background_color=&#8221;rgba(255, 255, 255, 0)&#8221; background_image=&#8221;https:\/\/www.hidromatic.it\/wp-content\/uploads\/2017\/01\/top-responsability.jpg&#8221; background_layout=&#8221;light&#8221; background_url=&#8221;https:\/\/www.hidromatic.it\/wp-content\/uploads\/2017\/01\/top-responsability.jpg&#8221; button_one_letter_spacing_hover=&#8221;0&#8243; button_two_letter_spacing_hover=&#8221;0&#8243; global_colors_info=&#8221;{}&#8221; button_one_text_size__hover_enabled=&#8221;off&#8221; button_two_text_size__hover_enabled=&#8221;off&#8221; button_one_text_color__hover_enabled=&#8221;off&#8221; button_two_text_color__hover_enabled=&#8221;off&#8221; button_one_border_width__hover_enabled=&#8221;off&#8221; button_two_border_width__hover_enabled=&#8221;off&#8221; button_one_border_color__hover_enabled=&#8221;off&#8221; button_two_border_color__hover_enabled=&#8221;off&#8221; button_one_border_radius__hover_enabled=&#8221;off&#8221; button_two_border_radius__hover_enabled=&#8221;off&#8221; button_one_letter_spacing__hover_enabled=&#8221;on&#8221; button_one_letter_spacing__hover=&#8221;0&#8243; button_two_letter_spacing__hover_enabled=&#8221;on&#8221; button_two_letter_spacing__hover=&#8221;0&#8243; button_one_bg_color__hover_enabled=&#8221;off&#8221; button_two_bg_color__hover_enabled=&#8221;off&#8221;]<\/p>\n<div class=\"contenitore-info-immagine-2\">\n<div><span>MEDIUL NOSTRU<\/span><\/div>\n<div><span>PE M\u00c2INI BUNE<\/span><\/div>\n<\/div>\n<p>[\/et_pb_fullwidth_header][\/et_pb_section][et_pb_section fb_built=&#8221;1&#8243; admin_label=&#8221;section&#8221; module_id=&#8221;riga_1_home&#8221; module_class=&#8221;azienda&#8221; _builder_version=&#8221;4.16&#8243; transparent_background=&#8221;off&#8221; make_fullwidth=&#8221;off&#8221; use_custom_width=&#8221;off&#8221; width_unit=&#8221;on&#8221; global_colors_info=&#8221;{}&#8221;][et_pb_row admin_label=&#8221;row&#8221; _builder_version=&#8221;4.16&#8243; background_size=&#8221;initial&#8221; background_position=&#8221;top_left&#8221; background_repeat=&#8221;repeat&#8221; global_colors_info=&#8221;{}&#8221;][et_pb_column type=&#8221;4_4&#8243; _builder_version=&#8221;4.16&#8243; custom_padding=&#8221;|||&#8221; global_colors_info=&#8221;{}&#8221; custom_padding__hover=&#8221;|||&#8221;][et_pb_text admin_label=&#8221;Testo&#8221; _builder_version=&#8221;4.16&#8243; background_size=&#8221;initial&#8221; background_position=&#8221;top_left&#8221; background_repeat=&#8221;repeat&#8221; use_border_color=&#8221;off&#8221; border_color=&#8221;#ffffff&#8221; border_style=&#8221;solid&#8221; global_colors_info=&#8221;{}&#8221;]<\/p>\n<div>\n<div class=\"big-big green\">RESPONSABILITATE<\/div>\n<div class=\"sub-big-big green\">Pentru Hidromatic lumea de m\u00e2ine este \u201eAst\u0103zi\u201d<\/div>\n<div class=\"testo\">Protejarea \u0219i \u00eembun\u0103t\u0103\u021birea resurselor de ap\u0103 ale ecosistemul nostru a fost \u00eentotdeauna o prioritate pentru Hidromatic. Experien\u021ba noastr\u0103 \u00eendelungat\u0103 \u0219i profund\u0103 \u00een tratarea apelor reziduale \u0219i know-how-ul \u00een proiectarea instala\u021bilor industriale sunt piatra de temelie pentru studiul \u0219i aplicarea noilor tehnologii. Suntem \u00een colaborare constant\u0103 cu institu\u021biile de cercetare \u0219i ne angaj\u0103m la crearea de produse \u0219i procese care pot simplifica \u015fi pot face mai eficient\u0103 tratarea apelor, cu durabilitate ridicat\u0103 a mediului.<\/div>\n<\/div>\n<p>[\/et_pb_text][\/et_pb_column][\/et_pb_row][\/et_pb_section][et_pb_section fb_built=&#8221;1&#8243; admin_label=&#8221;Sezione&#8221; module_id=&#8221;riga_3_home&#8221; module_class=&#8221;azienda&#8221; _builder_version=&#8221;4.16&#8243; background_color=&#8221;rgba(255,255,255,0)&#8221; background_image=&#8221;https:\/\/www.hidromatic.it\/wp-content\/uploads\/2017\/01\/bg_erba.jpg&#8221; parallax=&#8221;on&#8221; parallax_method=&#8221;off&#8221; transparent_background=&#8221;on&#8221; make_fullwidth=&#8221;off&#8221; use_custom_width=&#8221;off&#8221; width_unit=&#8221;on&#8221; global_colors_info=&#8221;{}&#8221;][et_pb_row admin_label=&#8221;Riga&#8221; _builder_version=&#8221;4.16&#8243; background_size=&#8221;initial&#8221; background_position=&#8221;top_left&#8221; background_repeat=&#8221;repeat&#8221; global_colors_info=&#8221;{}&#8221;][et_pb_column type=&#8221;4_4&#8243; _builder_version=&#8221;4.16&#8243; custom_padding=&#8221;|||&#8221; global_colors_info=&#8221;{}&#8221; custom_padding__hover=&#8221;|||&#8221;][et_pb_divider show_divider=&#8221;off&#8221; admin_label=&#8221;Modulo Separatore&#8221; module_class=&#8221;big-separatore&#8221; _builder_version=&#8221;4.16&#8243; hide_on_mobile=&#8221;off&#8221; global_colors_info=&#8221;{}&#8221;][\/et_pb_divider][\/et_pb_column][\/et_pb_row][et_pb_row admin_label=&#8221;Riga&#8221; _builder_version=&#8221;4.16&#8243; background_size=&#8221;initial&#8221; background_position=&#8221;top_left&#8221; background_repeat=&#8221;repeat&#8221; global_colors_info=&#8221;{}&#8221;][et_pb_column type=&#8221;4_4&#8243; _builder_version=&#8221;4.16&#8243; custom_padding=&#8221;|||&#8221; global_colors_info=&#8221;{}&#8221; custom_padding__hover=&#8221;|||&#8221;][et_pb_text admin_label=&#8221;Testo&#8221; _builder_version=&#8221;4.16&#8243; background_size=&#8221;initial&#8221; background_position=&#8221;top_left&#8221; background_repeat=&#8221;repeat&#8221; use_border_color=&#8221;off&#8221; border_color=&#8221;#ffffff&#8221; border_style=&#8221;solid&#8221; global_colors_info=&#8221;{}&#8221;]<\/p>\n<div>\n<div class=\"big-big bianco\">APA<\/div>\n<div class=\"big-big stretto-stretto bianco\">Adev\u0103rata valoare a lucrurilor<\/div>\n<div class=\"testo bianco\">Apa este printre cele mai importante resurse \u00een aproape toate activit\u0103\u021bile industriale: condi\u021bionarea sa, \u00een aplica\u021bii tehnologice \u0219i tratarea acesteia \u00eenainte de a reveni la mediul \u00eenconjur\u0103tor, necesit\u0103 expertiz\u0103 \u0219i d\u0103ruire la fel ca orice alt proces industrial, prin urmare, Hidromatic este partener activ \u00een furnizarea de contribu\u021bii pozitive pentru industrie, pentru companie \u0219i pentru mediul \u00eenconjur\u0103tor. Modul nostru de lucru const\u0103 \u00een proiectarea \u0219i crearea de programe cu profesionalism, transparen\u021b\u0103, fiabilitate, r\u0103m\u00e2n\u00e2nd \u00een acela\u0219i timp rapid \u0219i flexibil. Acest lucru ne-a permis dezvoltarea \u00een mod constant de noi solu\u021bii pentru pia\u021ba mondial\u0103, s\u0103 ne consolid\u0103m pozi\u021bia de lideri \u00een acest sector \u0219i s\u0103 ne extindem zonele geografice de operare, av\u00e2nd \u00eentotdeauna o aten\u021bie special\u0103 pentru mediu \u0219i viitorul s\u0103u.<\/div>\n<\/div>\n<p>[\/et_pb_text][\/et_pb_column][\/et_pb_row][\/et_pb_section]<\/p>\n","protected":false},"excerpt":{"rendered":"<p>MEDIUL NOSTRUPE M\u00c2INI BUNE RESPONSABILITATE Pentru Hidromatic lumea de m\u00e2ine este \u201eAst\u0103zi\u201d Protejarea \u0219i \u00eembun\u0103t\u0103\u021birea resurselor de ap\u0103 ale ecosistemul nostru a fost \u00eentotdeauna o prioritate pentru Hidromatic. Experien\u021ba noastr\u0103 \u00eendelungat\u0103 \u0219i profund\u0103 \u00een tratarea apelor reziduale \u0219i know-how-ul \u00een proiectarea instala\u021bilor industriale sunt piatra de temelie pentru studiul \u0219i aplicarea noilor tehnologii. Suntem \u00een [&hellip;]<\/p>\n","protected":false},"author":3,"featured_media":0,"parent":2918,"menu_order":0,"comment_status":"closed","ping_status":"closed","template":"","meta":{"_et_pb_use_builder":"on","_et_pb_old_content":"","_et_gb_content_width":"","footnotes":""},"class_list":["post-2924","page","type-page","status-publish","hentry"],"yoast_head":"<!-- This site is optimized with the Yoast SEO plugin v27.4 - https:\/\/yoast.com\/product\/yoast-seo-wordpress\/ -->\n<title>Hidromatic srl - Epurare a apelor - Plante industriale \u015fi civile - RESPONSABILITATE<\/title>\n<meta name=\"robots\" content=\"index, follow, max-snippet:-1, max-image-preview:large, max-video-preview:-1\" \/>\n<link rel=\"canonical\" href=\"https:\/\/www.hidromatic.it\/ro\/compania\/responsabilitate\/\" \/>\n<meta property=\"og:locale\" content=\"ro_RO\" \/>\n<meta property=\"og:type\" content=\"article\" \/>\n<meta property=\"og:title\" content=\"Hidromatic srl - Epurare a apelor - Plante industriale \u015fi civile - RESPONSABILITATE\" \/>\n<meta property=\"og:description\" content=\"MEDIUL NOSTRUPE M\u00c2INI BUNE RESPONSABILITATE Pentru Hidromatic lumea de m\u00e2ine este \u201eAst\u0103zi\u201d Protejarea \u0219i \u00eembun\u0103t\u0103\u021birea resurselor de ap\u0103 ale ecosistemul nostru a fost \u00eentotdeauna o prioritate pentru Hidromatic. Experien\u021ba noastr\u0103 \u00eendelungat\u0103 \u0219i profund\u0103 \u00een tratarea apelor reziduale \u0219i know-how-ul \u00een proiectarea instala\u021bilor industriale sunt piatra de temelie pentru studiul \u0219i aplicarea noilor tehnologii. Suntem \u00een [&hellip;]\" \/>\n<meta property=\"og:url\" content=\"https:\/\/www.hidromatic.it\/ro\/compania\/responsabilitate\/\" \/>\n<meta property=\"og:site_name\" content=\"Hidromatic srl - Epurare a apelor\" \/>\n<meta property=\"article:publisher\" content=\"https:\/\/it-it.facebook.com\/HidromaticSrl\/\" \/>\n<meta property=\"article:modified_time\" content=\"2024-11-29T15:38:05+00:00\" \/>\n<meta name=\"twitter:card\" content=\"summary_large_image\" \/>\n<meta name=\"twitter:label1\" content=\"Timp estimat pentru citire\" \/>\n\t<meta name=\"twitter:data1\" content=\"2 minute\" \/>\n<script type=\"application\/ld+json\" class=\"yoast-schema-graph\">{\"@context\":\"https:\\\/\\\/schema.org\",\"@graph\":[{\"@type\":\"WebPage\",\"@id\":\"https:\\\/\\\/www.hidromatic.it\\\/ro\\\/compania\\\/responsabilitate\\\/\",\"url\":\"https:\\\/\\\/www.hidromatic.it\\\/ro\\\/compania\\\/responsabilitate\\\/\",\"name\":\"Hidromatic srl - Epurare a apelor - Plante industriale \u015fi civile - RESPONSABILITATE\",\"isPartOf\":{\"@id\":\"https:\\\/\\\/www.hidromatic.it\\\/#website\"},\"datePublished\":\"2017-01-16T15:54:28+00:00\",\"dateModified\":\"2024-11-29T15:38:05+00:00\",\"breadcrumb\":{\"@id\":\"https:\\\/\\\/www.hidromatic.it\\\/ro\\\/compania\\\/responsabilitate\\\/#breadcrumb\"},\"inLanguage\":\"ro-RO\",\"potentialAction\":[{\"@type\":\"ReadAction\",\"target\":[\"https:\\\/\\\/www.hidromatic.it\\\/ro\\\/compania\\\/responsabilitate\\\/\"]}]},{\"@type\":\"BreadcrumbList\",\"@id\":\"https:\\\/\\\/www.hidromatic.it\\\/ro\\\/compania\\\/responsabilitate\\\/#breadcrumb\",\"itemListElement\":[{\"@type\":\"ListItem\",\"position\":1,\"name\":\"Home\",\"item\":\"https:\\\/\\\/www.hidromatic.it\\\/ro\\\/\"},{\"@type\":\"ListItem\",\"position\":2,\"name\":\"COMPANIA\",\"item\":\"https:\\\/\\\/www.hidromatic.it\\\/ro\\\/compania\\\/\"},{\"@type\":\"ListItem\",\"position\":3,\"name\":\"RESPONSABILITATE\"}]},{\"@type\":\"WebSite\",\"@id\":\"https:\\\/\\\/www.hidromatic.it\\\/#website\",\"url\":\"https:\\\/\\\/www.hidromatic.it\\\/\",\"name\":\"Hidromatic srl - Epurare a apelor\",\"description\":\"Plante industriale \u015fi civile\",\"potentialAction\":[{\"@type\":\"SearchAction\",\"target\":{\"@type\":\"EntryPoint\",\"urlTemplate\":\"https:\\\/\\\/www.hidromatic.it\\\/?s={search_term_string}\"},\"query-input\":{\"@type\":\"PropertyValueSpecification\",\"valueRequired\":true,\"valueName\":\"search_term_string\"}}],\"inLanguage\":\"ro-RO\"}]}<\/script>\n<!-- \/ Yoast SEO plugin. -->","yoast_head_json":{"title":"Hidromatic srl - Epurare a apelor - Plante industriale \u015fi civile - RESPONSABILITATE","robots":{"index":"index","follow":"follow","max-snippet":"max-snippet:-1","max-image-preview":"max-image-preview:large","max-video-preview":"max-video-preview:-1"},"canonical":"https:\/\/www.hidromatic.it\/ro\/compania\/responsabilitate\/","og_locale":"ro_RO","og_type":"article","og_title":"Hidromatic srl - Epurare a apelor - Plante industriale \u015fi civile - RESPONSABILITATE","og_description":"MEDIUL NOSTRUPE M\u00c2INI BUNE RESPONSABILITATE Pentru Hidromatic lumea de m\u00e2ine este \u201eAst\u0103zi\u201d Protejarea \u0219i \u00eembun\u0103t\u0103\u021birea resurselor de ap\u0103 ale ecosistemul nostru a fost \u00eentotdeauna o prioritate pentru Hidromatic. Experien\u021ba noastr\u0103 \u00eendelungat\u0103 \u0219i profund\u0103 \u00een tratarea apelor reziduale \u0219i know-how-ul \u00een proiectarea instala\u021bilor industriale sunt piatra de temelie pentru studiul \u0219i aplicarea noilor tehnologii. Suntem \u00een [&hellip;]","og_url":"https:\/\/www.hidromatic.it\/ro\/compania\/responsabilitate\/","og_site_name":"Hidromatic srl - Epurare a apelor","article_publisher":"https:\/\/it-it.facebook.com\/HidromaticSrl\/","article_modified_time":"2024-11-29T15:38:05+00:00","twitter_card":"summary_large_image","twitter_misc":{"Timp estimat pentru citire":"2 minute"},"schema":{"@context":"https:\/\/schema.org","@graph":[{"@type":"WebPage","@id":"https:\/\/www.hidromatic.it\/ro\/compania\/responsabilitate\/","url":"https:\/\/www.hidromatic.it\/ro\/compania\/responsabilitate\/","name":"Hidromatic srl - Epurare a apelor - Plante industriale \u015fi civile - RESPONSABILITATE","isPartOf":{"@id":"https:\/\/www.hidromatic.it\/#website"},"datePublished":"2017-01-16T15:54:28+00:00","dateModified":"2024-11-29T15:38:05+00:00","breadcrumb":{"@id":"https:\/\/www.hidromatic.it\/ro\/compania\/responsabilitate\/#breadcrumb"},"inLanguage":"ro-RO","potentialAction":[{"@type":"ReadAction","target":["https:\/\/www.hidromatic.it\/ro\/compania\/responsabilitate\/"]}]},{"@type":"BreadcrumbList","@id":"https:\/\/www.hidromatic.it\/ro\/compania\/responsabilitate\/#breadcrumb","itemListElement":[{"@type":"ListItem","position":1,"name":"Home","item":"https:\/\/www.hidromatic.it\/ro\/"},{"@type":"ListItem","position":2,"name":"COMPANIA","item":"https:\/\/www.hidromatic.it\/ro\/compania\/"},{"@type":"ListItem","position":3,"name":"RESPONSABILITATE"}]},{"@type":"WebSite","@id":"https:\/\/www.hidromatic.it\/#website","url":"https:\/\/www.hidromatic.it\/","name":"Hidromatic srl - Epurare a apelor","description":"Plante industriale \u015fi civile","potentialAction":[{"@type":"SearchAction","target":{"@type":"EntryPoint","urlTemplate":"https:\/\/www.hidromatic.it\/?s={search_term_string}"},"query-input":{"@type":"PropertyValueSpecification","valueRequired":true,"valueName":"search_term_string"}}],"inLanguage":"ro-RO"}]}},"_links":{"self":[{"href":"https:\/\/www.hidromatic.it\/ro\/wp-json\/wp\/v2\/pages\/2924","targetHints":{"allow":["GET"]}}],"collection":[{"href":"https:\/\/www.hidromatic.it\/ro\/wp-json\/wp\/v2\/pages"}],"about":[{"href":"https:\/\/www.hidromatic.it\/ro\/wp-json\/wp\/v2\/types\/page"}],"author":[{"embeddable":true,"href":"https:\/\/www.hidromatic.it\/ro\/wp-json\/wp\/v2\/users\/3"}],"replies":[{"embeddable":true,"href":"https:\/\/www.hidromatic.it\/ro\/wp-json\/wp\/v2\/comments?post=2924"}],"version-history":[{"count":4,"href":"https:\/\/www.hidromatic.it\/ro\/wp-json\/wp\/v2\/pages\/2924\/revisions"}],"predecessor-version":[{"id":5671,"href":"https:\/\/www.hidromatic.it\/ro\/wp-json\/wp\/v2\/pages\/2924\/revisions\/5671"}],"up":[{"embeddable":true,"href":"https:\/\/www.hidromatic.it\/ro\/wp-json\/wp\/v2\/pages\/2918"}],"wp:attachment":[{"href":"https:\/\/www.hidromatic.it\/ro\/wp-json\/wp\/v2\/media?parent=2924"}],"curies":[{"name":"wp","href":"https:\/\/api.w.org\/{rel}","templated":true}]}}