{"id":2918,"date":"2017-01-09T12:53:11","date_gmt":"2017-01-09T11:53:11","guid":{"rendered":"http:\/\/www.hidromatic.it\/ro\/azienda\/"},"modified":"2024-11-29T16:17:04","modified_gmt":"2024-11-29T15:17:04","slug":"compania","status":"publish","type":"page","link":"https:\/\/www.hidromatic.it\/ro\/compania\/","title":{"rendered":"COMPANIA"},"content":{"rendered":"<p>[et_pb_section fb_built=&#8221;1&#8243; fullwidth=&#8221;on&#8221; admin_label=&#8221;Sezione&#8221; _builder_version=&#8221;4.16&#8243; global_colors_info=&#8221;{}&#8221;][et_pb_fullwidth_header header_fullscreen=&#8221;on&#8221; image_orientation=&#8221;bottom&#8221; content_max_width=&#8221;none&#8221; admin_label=&#8221;Intestazione a Larghezza Piena&#8221; _builder_version=&#8221;4.16&#8243; background_color=&#8221;rgba(255, 255, 255, 0)&#8221; background_image=&#8221;https:\/\/www.hidromatic.it\/wp-content\/uploads\/2017\/01\/aziendajpg.jpg&#8221; background_layout=&#8221;light&#8221; background_url=&#8221;https:\/\/www.hidromatic.it\/wp-content\/uploads\/2017\/01\/aziendajpg.jpg&#8221; button_one_letter_spacing_hover=&#8221;0&#8243; button_two_letter_spacing_hover=&#8221;0&#8243; global_colors_info=&#8221;{}&#8221; button_one_text_size__hover_enabled=&#8221;off&#8221; button_two_text_size__hover_enabled=&#8221;off&#8221; button_one_text_color__hover_enabled=&#8221;off&#8221; button_two_text_color__hover_enabled=&#8221;off&#8221; button_one_border_width__hover_enabled=&#8221;off&#8221; button_two_border_width__hover_enabled=&#8221;off&#8221; button_one_border_color__hover_enabled=&#8221;off&#8221; button_two_border_color__hover_enabled=&#8221;off&#8221; button_one_border_radius__hover_enabled=&#8221;off&#8221; button_two_border_radius__hover_enabled=&#8221;off&#8221; button_one_letter_spacing__hover_enabled=&#8221;on&#8221; button_one_letter_spacing__hover=&#8221;0&#8243; button_two_letter_spacing__hover_enabled=&#8221;on&#8221; button_two_letter_spacing__hover=&#8221;0&#8243; button_one_bg_color__hover_enabled=&#8221;off&#8221; button_two_bg_color__hover_enabled=&#8221;off&#8221;]<\/p>\n<div class=\"contenitore-info-immagine-2\">\n<div><span>DE PESTE 60 DE ANI<\/span><\/div>\n<div><span>LA DISPOZI\u0162IA VOASTR\u0102<\/span><\/div>\n<\/div>\n<p>[\/et_pb_fullwidth_header][\/et_pb_section][et_pb_section fb_built=&#8221;1&#8243; admin_label=&#8221;section&#8221; module_id=&#8221;riga_1_home&#8221; module_class=&#8221;azienda&#8221; _builder_version=&#8221;4.16&#8243; transparent_background=&#8221;off&#8221; make_fullwidth=&#8221;off&#8221; use_custom_width=&#8221;off&#8221; width_unit=&#8221;on&#8221; global_colors_info=&#8221;{}&#8221;][et_pb_row admin_label=&#8221;row&#8221; _builder_version=&#8221;4.16&#8243; background_size=&#8221;initial&#8221; background_position=&#8221;top_left&#8221; background_repeat=&#8221;repeat&#8221; global_colors_info=&#8221;{}&#8221;][et_pb_column type=&#8221;4_4&#8243; _builder_version=&#8221;4.16&#8243; custom_padding=&#8221;|||&#8221; global_colors_info=&#8221;{}&#8221; custom_padding__hover=&#8221;|||&#8221;][et_pb_text admin_label=&#8221;Testo&#8221; _builder_version=&#8221;4.16&#8243; background_size=&#8221;initial&#8221; background_position=&#8221;top_left&#8221; background_repeat=&#8221;repeat&#8221; use_border_color=&#8221;off&#8221; border_color=&#8221;#ffffff&#8221; border_style=&#8221;solid&#8221; global_colors_info=&#8221;{}&#8221;]<\/p>\n<div>\n<div class=\"big-big green\">COMPANIA<\/div>\n<div class=\"sub-big-big green\">Tehnologia noastr\u0103 este proiectat\u0103 s\u0103 dureze<\/div>\n<div class=\"testo\">De peste 60 de ani Hidromatic furnizeaz\u0103 tehnologii inovatoare \u0219i durabile pentru proiectarea \u0219i construc\u021bia de instala\u021bii industriale pentru tratarea apei. Procesele noastre sunt \u00een m\u0103sur\u0103 s\u0103 rezolve probleme complexe \u0219i s\u0103 propun\u0103 solu\u021bii care s\u0103 r\u0103spund\u0103 nevoilor specifice ale sectorului. Obiectivele noastre principale sunt \u00eembun\u0103t\u0103\u021birea performan\u021belor \u0219i fiabilitatea sistemului, reduc\u00e2nd semnificativ costurile \u0219i timpii de instalare, oferind tehnologie de lider \u0219i performan\u021be excelente \u0219i sprijinirea clien\u021bilor no\u0219tri cu un serviciu profesional \u0219i solu\u021bii durabile.<\/div>\n<\/div>\n<p>[\/et_pb_text][\/et_pb_column][\/et_pb_row][\/et_pb_section][et_pb_section fb_built=&#8221;1&#8243; admin_label=&#8221;Sezione&#8221; module_id=&#8221;riga_3_home&#8221; module_class=&#8221;azienda overflow-hidden&#8221; _builder_version=&#8221;4.27.0&#8243; background_color=&#8221;rgba(255,255,255,0)&#8221; background_image=&#8221;https:\/\/www.hidromatic.it\/wp-content\/uploads\/2017\/01\/bg_acqua.jpg&#8221; parallax=&#8221;on&#8221; parallax_method=&#8221;off&#8221; hover_enabled=&#8221;0&#8243; transparent_background=&#8221;on&#8221; make_fullwidth=&#8221;off&#8221; use_custom_width=&#8221;off&#8221; width_unit=&#8221;on&#8221; global_colors_info=&#8221;{}&#8221; sticky_enabled=&#8221;0&#8243;][et_pb_row admin_label=&#8221;Riga&#8221; _builder_version=&#8221;4.16&#8243; background_size=&#8221;initial&#8221; background_position=&#8221;top_left&#8221; background_repeat=&#8221;repeat&#8221; global_colors_info=&#8221;{}&#8221;][et_pb_column type=&#8221;4_4&#8243; _builder_version=&#8221;4.16&#8243; custom_padding=&#8221;|||&#8221; global_colors_info=&#8221;{}&#8221; custom_padding__hover=&#8221;|||&#8221;][et_pb_divider show_divider=&#8221;off&#8221; admin_label=&#8221;Modulo Separatore&#8221; module_class=&#8221;big-separatore&#8221; _builder_version=&#8221;4.16&#8243; hide_on_mobile=&#8221;off&#8221; global_colors_info=&#8221;{}&#8221;][\/et_pb_divider][et_pb_divider show_divider=&#8221;off&#8221; admin_label=&#8221;Modulo Separatore&#8221; module_class=&#8221;big-separatore&#8221; _builder_version=&#8221;4.16&#8243; hide_on_mobile=&#8221;off&#8221; global_colors_info=&#8221;{}&#8221;][\/et_pb_divider][\/et_pb_column][\/et_pb_row][et_pb_row admin_label=&#8221;Riga&#8221; _builder_version=&#8221;4.16&#8243; background_size=&#8221;initial&#8221; background_position=&#8221;top_left&#8221; background_repeat=&#8221;repeat&#8221; global_colors_info=&#8221;{}&#8221;][et_pb_column type=&#8221;4_4&#8243; _builder_version=&#8221;4.16&#8243; custom_padding=&#8221;|||&#8221; global_colors_info=&#8221;{}&#8221; custom_padding__hover=&#8221;|||&#8221;][et_pb_text admin_label=&#8221;Testo&#8221; _builder_version=&#8221;4.16&#8243; background_size=&#8221;initial&#8221; background_position=&#8221;top_left&#8221; background_repeat=&#8221;repeat&#8221; text_orientation=&#8221;center&#8221; module_alignment=&#8221;center&#8221; use_border_color=&#8221;off&#8221; border_color=&#8221;#ffffff&#8221; border_style=&#8221;solid&#8221; global_colors_info=&#8221;{}&#8221;]<\/p>\n<div>\n<div class=\"big-big bianco\">\n<div>HIDROMATIC ESTE<\/div>\n<div>60 de ani de istorie<\/div>\n<\/div>\n<div class=\"big-big stretto-stretto bianco\">\n<div>\u00een proiectarea \u0219i construc\u021bia<\/div>\n<div>de instala\u021bii industriale pentru tratarea apei.<\/div>\n<\/div>\n<\/div>\n<p>[\/et_pb_text][\/et_pb_column][\/et_pb_row][et_pb_row admin_label=&#8221;Riga&#8221; _builder_version=&#8221;4.16&#8243; background_size=&#8221;initial&#8221; background_position=&#8221;top_left&#8221; background_repeat=&#8221;repeat&#8221; global_colors_info=&#8221;{}&#8221;][et_pb_column type=&#8221;4_4&#8243; _builder_version=&#8221;4.16&#8243; custom_padding=&#8221;|||&#8221; global_colors_info=&#8221;{}&#8221; custom_padding__hover=&#8221;|||&#8221;][et_pb_divider show_divider=&#8221;off&#8221; admin_label=&#8221;Modulo Separatore&#8221; module_class=&#8221;big-separatore&#8221; _builder_version=&#8221;4.16&#8243; hide_on_mobile=&#8221;off&#8221; global_colors_info=&#8221;{}&#8221;][\/et_pb_divider][et_pb_divider show_divider=&#8221;off&#8221; admin_label=&#8221;Modulo Separatore&#8221; module_class=&#8221;big-separatore&#8221; _builder_version=&#8221;4.16&#8243; hide_on_mobile=&#8221;off&#8221; global_colors_info=&#8221;{}&#8221;][\/et_pb_divider][\/et_pb_column][\/et_pb_row][\/et_pb_section][et_pb_section fb_built=&#8221;1&#8243; admin_label=&#8221;Sezione&#8221; module_id=&#8221;riga_4_azienda&#8221; module_class=&#8221;azienda&#8221; _builder_version=&#8221;4.16&#8243; transparent_background=&#8221;off&#8221; make_fullwidth=&#8221;off&#8221; use_custom_width=&#8221;off&#8221; width_unit=&#8221;on&#8221; global_colors_info=&#8221;{}&#8221;][et_pb_row admin_label=&#8221;Riga&#8221; _builder_version=&#8221;4.16&#8243; background_size=&#8221;initial&#8221; background_position=&#8221;top_left&#8221; background_repeat=&#8221;repeat&#8221; global_colors_info=&#8221;{}&#8221;][et_pb_column type=&#8221;4_4&#8243; _builder_version=&#8221;4.16&#8243; custom_padding=&#8221;|||&#8221; global_colors_info=&#8221;{}&#8221; custom_padding__hover=&#8221;|||&#8221;][\/et_pb_column][\/et_pb_row][et_pb_row admin_label=&#8221;Riga&#8221; _builder_version=&#8221;4.16&#8243; background_size=&#8221;initial&#8221; background_position=&#8221;top_left&#8221; background_repeat=&#8221;repeat&#8221; global_colors_info=&#8221;{}&#8221;][et_pb_column type=&#8221;4_4&#8243; _builder_version=&#8221;4.16&#8243; custom_padding=&#8221;|||&#8221; global_colors_info=&#8221;{}&#8221; custom_padding__hover=&#8221;|||&#8221;][et_pb_text admin_label=&#8221;Testo&#8221; _builder_version=&#8221;4.16&#8243; background_size=&#8221;initial&#8221; background_position=&#8221;top_left&#8221; background_repeat=&#8221;repeat&#8221; use_border_color=&#8221;off&#8221; border_color=&#8221;#ffffff&#8221; border_style=&#8221;solid&#8221; global_colors_info=&#8221;{}&#8221;]<\/p>\n<div>\n<div class=\"big-big bianco\">MISIUNE<\/div>\n<div class=\"big-big stretto-stretto bianco\">Hidromatic este inova\u021bia \u0219i durabilitatea \u00eempreun\u0103<\/div>\n<div class=\"testo cellasx\">Misiunea noastr\u0103 este de a urm\u0103ri \u00eentregul proces de ap\u0103 cu tehnologii de ultim\u0103 or\u0103. Noi lucr\u0103m cu dedica\u021bie \u0219i pasiune pentru a supraveghea activit\u0103\u021bile noastre globale adopt\u00e2nd politici pentru s\u0103n\u0103tatea \u0219i siguran\u021ba angaja\u021bilor no\u0219tri, a clien\u021bilor, a comunit\u0103\u0163ii \u0219i a mediului \u00eenconjur\u0103tor. \u00centreaga noastr\u0103 echip\u0103 este angajat\u0103 la aceste principii pentru a asigura dezvoltarea eficient\u0103 prin generarea de procese \u0219i servicii care creeaz\u0103 o valoare de excedent semnificativ\u0103 \u0219i promovarea resurselor naturale, p\u0103str\u00e2nd ideea respect\u0103rii mediul \u00eenconjur\u0103tor \u0219i a persoanelor precum \u0219i a angaja\u021bilor \u0219i a clien\u021bilor no\u0219tri. Etic\u0103, transparen\u021b\u0103 \u0219i respectarea legii reprezint\u0103 crezul Hidromatic. Prin sisteme verificabile \u0219i transparente ne str\u0103duim s\u0103 \u00eembun\u0103t\u0103\u021bim continuu rezultatele \u0219i obiectivele pentru optimizarea real\u0103 a viitorului resurselor noastre.<\/div>\n<\/div>\n<p>[\/et_pb_text][\/et_pb_column][\/et_pb_row][et_pb_row admin_label=&#8221;Riga&#8221; _builder_version=&#8221;4.16&#8243; background_size=&#8221;initial&#8221; background_position=&#8221;top_left&#8221; background_repeat=&#8221;repeat&#8221; global_colors_info=&#8221;{}&#8221;][et_pb_column type=&#8221;4_4&#8243; _builder_version=&#8221;4.16&#8243; custom_padding=&#8221;|||&#8221; global_colors_info=&#8221;{}&#8221; custom_padding__hover=&#8221;|||&#8221;][\/et_pb_column][\/et_pb_row][\/et_pb_section]<\/p>\n","protected":false},"excerpt":{"rendered":"<p>DE PESTE 60 DE ANI LA DISPOZI\u0162IA VOASTR\u0102 COMPANIA Tehnologia noastr\u0103 este proiectat\u0103 s\u0103 dureze De peste 60 de ani Hidromatic furnizeaz\u0103 tehnologii inovatoare \u0219i durabile pentru proiectarea \u0219i construc\u021bia de instala\u021bii industriale pentru tratarea apei. Procesele noastre sunt \u00een m\u0103sur\u0103 s\u0103 rezolve probleme complexe \u0219i s\u0103 propun\u0103 solu\u021bii care s\u0103 r\u0103spund\u0103 nevoilor specifice ale [&hellip;]<\/p>\n","protected":false},"author":3,"featured_media":0,"parent":0,"menu_order":0,"comment_status":"closed","ping_status":"closed","template":"","meta":{"_et_pb_use_builder":"on","_et_pb_old_content":"","_et_gb_content_width":"","footnotes":""},"class_list":["post-2918","page","type-page","status-publish","hentry"],"yoast_head":"<!-- This site is optimized with the Yoast SEO plugin v24.7 - https:\/\/yoast.com\/wordpress\/plugins\/seo\/ -->\n<title>Hidromatic srl - Epurare a apelor - Plante industriale \u015fi civile - COMPANIA<\/title>\n<meta name=\"robots\" content=\"index, follow, max-snippet:-1, max-image-preview:large, max-video-preview:-1\" \/>\n<link rel=\"canonical\" href=\"https:\/\/www.hidromatic.it\/ro\/compania\/\" \/>\n<meta property=\"og:locale\" content=\"ro_RO\" \/>\n<meta property=\"og:type\" content=\"article\" \/>\n<meta property=\"og:title\" content=\"Hidromatic srl - Epurare a apelor - Plante industriale \u015fi civile - COMPANIA\" \/>\n<meta property=\"og:description\" content=\"DE PESTE 60 DE ANI LA DISPOZI\u0162IA VOASTR\u0102 COMPANIA Tehnologia noastr\u0103 este proiectat\u0103 s\u0103 dureze De peste 60 de ani Hidromatic furnizeaz\u0103 tehnologii inovatoare \u0219i durabile pentru proiectarea \u0219i construc\u021bia de instala\u021bii industriale pentru tratarea apei. Procesele noastre sunt \u00een m\u0103sur\u0103 s\u0103 rezolve probleme complexe \u0219i s\u0103 propun\u0103 solu\u021bii care s\u0103 r\u0103spund\u0103 nevoilor specifice ale [&hellip;]\" \/>\n<meta property=\"og:url\" content=\"https:\/\/www.hidromatic.it\/ro\/compania\/\" \/>\n<meta property=\"og:site_name\" content=\"Hidromatic srl - Epurare a apelor\" \/>\n<meta property=\"article:publisher\" content=\"https:\/\/it-it.facebook.com\/HidromaticSrl\/\" \/>\n<meta property=\"article:modified_time\" content=\"2024-11-29T15:17:04+00:00\" \/>\n<meta name=\"twitter:card\" content=\"summary_large_image\" \/>\n<meta name=\"twitter:label1\" content=\"Timp estimat pentru citire\" \/>\n\t<meta name=\"twitter:data1\" content=\"2 minute\" \/>\n<script type=\"application\/ld+json\" class=\"yoast-schema-graph\">{\"@context\":\"https:\/\/schema.org\",\"@graph\":[{\"@type\":\"WebPage\",\"@id\":\"https:\/\/www.hidromatic.it\/ro\/compania\/\",\"url\":\"https:\/\/www.hidromatic.it\/ro\/compania\/\",\"name\":\"Hidromatic srl - Epurare a apelor - Plante industriale \u015fi civile - COMPANIA\",\"isPartOf\":{\"@id\":\"https:\/\/www.hidromatic.it\/#website\"},\"datePublished\":\"2017-01-09T11:53:11+00:00\",\"dateModified\":\"2024-11-29T15:17:04+00:00\",\"breadcrumb\":{\"@id\":\"https:\/\/www.hidromatic.it\/ro\/compania\/#breadcrumb\"},\"inLanguage\":\"ro-RO\",\"potentialAction\":[{\"@type\":\"ReadAction\",\"target\":[\"https:\/\/www.hidromatic.it\/ro\/compania\/\"]}]},{\"@type\":\"BreadcrumbList\",\"@id\":\"https:\/\/www.hidromatic.it\/ro\/compania\/#breadcrumb\",\"itemListElement\":[{\"@type\":\"ListItem\",\"position\":1,\"name\":\"Home\",\"item\":\"https:\/\/www.hidromatic.it\/ro\/\"},{\"@type\":\"ListItem\",\"position\":2,\"name\":\"COMPANIA\"}]},{\"@type\":\"WebSite\",\"@id\":\"https:\/\/www.hidromatic.it\/#website\",\"url\":\"https:\/\/www.hidromatic.it\/\",\"name\":\"Hidromatic srl - Epurare a apelor\",\"description\":\"Plante industriale \u015fi civile\",\"potentialAction\":[{\"@type\":\"SearchAction\",\"target\":{\"@type\":\"EntryPoint\",\"urlTemplate\":\"https:\/\/www.hidromatic.it\/?s={search_term_string}\"},\"query-input\":{\"@type\":\"PropertyValueSpecification\",\"valueRequired\":true,\"valueName\":\"search_term_string\"}}],\"inLanguage\":\"ro-RO\"}]}<\/script>\n<!-- \/ Yoast SEO plugin. -->","yoast_head_json":{"title":"Hidromatic srl - Epurare a apelor - Plante industriale \u015fi civile - COMPANIA","robots":{"index":"index","follow":"follow","max-snippet":"max-snippet:-1","max-image-preview":"max-image-preview:large","max-video-preview":"max-video-preview:-1"},"canonical":"https:\/\/www.hidromatic.it\/ro\/compania\/","og_locale":"ro_RO","og_type":"article","og_title":"Hidromatic srl - Epurare a apelor - Plante industriale \u015fi civile - COMPANIA","og_description":"DE PESTE 60 DE ANI LA DISPOZI\u0162IA VOASTR\u0102 COMPANIA Tehnologia noastr\u0103 este proiectat\u0103 s\u0103 dureze De peste 60 de ani Hidromatic furnizeaz\u0103 tehnologii inovatoare \u0219i durabile pentru proiectarea \u0219i construc\u021bia de instala\u021bii industriale pentru tratarea apei. Procesele noastre sunt \u00een m\u0103sur\u0103 s\u0103 rezolve probleme complexe \u0219i s\u0103 propun\u0103 solu\u021bii care s\u0103 r\u0103spund\u0103 nevoilor specifice ale [&hellip;]","og_url":"https:\/\/www.hidromatic.it\/ro\/compania\/","og_site_name":"Hidromatic srl - Epurare a apelor","article_publisher":"https:\/\/it-it.facebook.com\/HidromaticSrl\/","article_modified_time":"2024-11-29T15:17:04+00:00","twitter_card":"summary_large_image","twitter_misc":{"Timp estimat pentru citire":"2 minute"},"schema":{"@context":"https:\/\/schema.org","@graph":[{"@type":"WebPage","@id":"https:\/\/www.hidromatic.it\/ro\/compania\/","url":"https:\/\/www.hidromatic.it\/ro\/compania\/","name":"Hidromatic srl - Epurare a apelor - Plante industriale \u015fi civile - COMPANIA","isPartOf":{"@id":"https:\/\/www.hidromatic.it\/#website"},"datePublished":"2017-01-09T11:53:11+00:00","dateModified":"2024-11-29T15:17:04+00:00","breadcrumb":{"@id":"https:\/\/www.hidromatic.it\/ro\/compania\/#breadcrumb"},"inLanguage":"ro-RO","potentialAction":[{"@type":"ReadAction","target":["https:\/\/www.hidromatic.it\/ro\/compania\/"]}]},{"@type":"BreadcrumbList","@id":"https:\/\/www.hidromatic.it\/ro\/compania\/#breadcrumb","itemListElement":[{"@type":"ListItem","position":1,"name":"Home","item":"https:\/\/www.hidromatic.it\/ro\/"},{"@type":"ListItem","position":2,"name":"COMPANIA"}]},{"@type":"WebSite","@id":"https:\/\/www.hidromatic.it\/#website","url":"https:\/\/www.hidromatic.it\/","name":"Hidromatic srl - Epurare a apelor","description":"Plante industriale \u015fi civile","potentialAction":[{"@type":"SearchAction","target":{"@type":"EntryPoint","urlTemplate":"https:\/\/www.hidromatic.it\/?s={search_term_string}"},"query-input":{"@type":"PropertyValueSpecification","valueRequired":true,"valueName":"search_term_string"}}],"inLanguage":"ro-RO"}]}},"_links":{"self":[{"href":"https:\/\/www.hidromatic.it\/ro\/wp-json\/wp\/v2\/pages\/2918","targetHints":{"allow":["GET"]}}],"collection":[{"href":"https:\/\/www.hidromatic.it\/ro\/wp-json\/wp\/v2\/pages"}],"about":[{"href":"https:\/\/www.hidromatic.it\/ro\/wp-json\/wp\/v2\/types\/page"}],"author":[{"embeddable":true,"href":"https:\/\/www.hidromatic.it\/ro\/wp-json\/wp\/v2\/users\/3"}],"replies":[{"embeddable":true,"href":"https:\/\/www.hidromatic.it\/ro\/wp-json\/wp\/v2\/comments?post=2918"}],"version-history":[{"count":5,"href":"https:\/\/www.hidromatic.it\/ro\/wp-json\/wp\/v2\/pages\/2918\/revisions"}],"predecessor-version":[{"id":5669,"href":"https:\/\/www.hidromatic.it\/ro\/wp-json\/wp\/v2\/pages\/2918\/revisions\/5669"}],"wp:attachment":[{"href":"https:\/\/www.hidromatic.it\/ro\/wp-json\/wp\/v2\/media?parent=2918"}],"curies":[{"name":"wp","href":"https:\/\/api.w.org\/{rel}","templated":true}]}}