{"id":2775,"date":"2017-03-13T14:39:31","date_gmt":"2017-03-13T13:39:31","guid":{"rendered":"http:\/\/www.hidromatic.it\/pt-pt\/infojobs\/"},"modified":"2017-05-12T16:06:15","modified_gmt":"2017-05-12T14:06:15","slug":"infojobs","status":"publish","type":"page","link":"https:\/\/www.hidromatic.it\/pt-pt\/infojobs\/","title":{"rendered":"Infojobs"},"content":{"rendered":"<p>[et_pb_section admin_label=&#8221;Sezione&#8221; fullwidth=&#8221;off&#8221; specialty=&#8221;off&#8221; transparent_background=&#8221;off&#8221; allow_player_pause=&#8221;off&#8221; inner_shadow=&#8221;off&#8221; parallax=&#8221;off&#8221; parallax_method=&#8221;off&#8221; make_fullwidth=&#8221;off&#8221; use_custom_width=&#8221;off&#8221; width_unit=&#8221;on&#8221; make_equal=&#8221;off&#8221; use_custom_gutter=&#8221;off&#8221; module_id=&#8221;riga_2_contatti&#8221;][et_pb_row admin_label=&#8221;Riga&#8221;][et_pb_column type=&#8221;4_4&#8243;][et_pb_divider admin_label=&#8221;Modulo Separatore&#8221; color=&#8221;#ffffff&#8221; show_divider=&#8221;off&#8221; divider_style=&#8221;solid&#8221; divider_position=&#8221;top&#8221; hide_on_mobile=&#8221;on&#8221;] [\/et_pb_divider][\/et_pb_column][\/et_pb_row][et_pb_row admin_label=&#8221;Riga&#8221;][et_pb_column type=&#8221;4_4&#8243;][et_pb_text admin_label=&#8221;Testo&#8221; background_layout=&#8221;light&#8221; text_orientation=&#8221;left&#8221; use_border_color=&#8221;off&#8221; border_color=&#8221;#ffffff&#8221; border_style=&#8221;solid&#8221;]<\/p>\n<div class=\"big-big green\">INFOJOBS<\/div>\n<p>[\/et_pb_text][et_pb_text admin_label=&#8221;Testo&#8221; background_layout=&#8221;light&#8221; text_orientation=&#8221;left&#8221; use_border_color=&#8221;off&#8221; border_color=&#8221;#ffffff&#8221; border_style=&#8221;solid&#8221; module_id=&#8221;form_infojobs&#8221;] \n<div class=\"wpcf7 no-js\" id=\"wpcf7-f2776-o1\" lang=\"it-IT\" dir=\"ltr\" data-wpcf7-id=\"2776\">\n<div class=\"screen-reader-response\"><p role=\"status\" aria-live=\"polite\" aria-atomic=\"true\"><\/p> <ul><\/ul><\/div>\n<form action=\"\/pt-pt\/wp-json\/wp\/v2\/pages\/2775#wpcf7-f2776-o1\" method=\"post\" class=\"wpcf7-form init\" aria-label=\"Modulo di contatto\" enctype=\"multipart\/form-data\" novalidate=\"novalidate\" data-status=\"init\">\n<fieldset class=\"hidden-fields-container\"><input type=\"hidden\" name=\"_wpcf7\" value=\"2776\" \/><input type=\"hidden\" name=\"_wpcf7_version\" value=\"6.1.5\" \/><input type=\"hidden\" name=\"_wpcf7_locale\" value=\"it_IT\" \/><input type=\"hidden\" name=\"_wpcf7_unit_tag\" value=\"wpcf7-f2776-o1\" \/><input type=\"hidden\" name=\"_wpcf7_container_post\" value=\"0\" \/><input type=\"hidden\" name=\"_wpcf7_posted_data_hash\" value=\"\" \/><input type=\"hidden\" name=\"_wpcf7_recaptcha_response\" value=\"\" \/>\n<\/fieldset>\n<div class=\"strong-c\">\n\t<p>ENVIAR CV\n\t<\/p>\n<\/div>\n<div class=\"contenitore-cf\">\n\t<div class=\"sx\">\n\t\t<p><span class=\"wpcf7-form-control-wrap\" data-name=\"your-name\"><input size=\"40\" maxlength=\"400\" class=\"wpcf7-form-control wpcf7-text wpcf7-validates-as-required\" aria-required=\"true\" aria-invalid=\"false\" placeholder=\"*O seu nome\" value=\"\" type=\"text\" name=\"your-name\" \/><\/span>\n\t\t<\/p>\n\t<\/div>\n\t<div class=\"dx\">\n\t\t<p><span class=\"wpcf7-form-control-wrap\" data-name=\"your-cognome\"><input size=\"40\" maxlength=\"400\" class=\"wpcf7-form-control wpcf7-text wpcf7-validates-as-required\" aria-required=\"true\" aria-invalid=\"false\" placeholder=\"*O seu apelido\" value=\"\" type=\"text\" name=\"your-cognome\" \/><\/span>\n\t\t<\/p>\n\t<\/div>\n\t<div class=\"sx\">\n\t\t<p><span class=\"wpcf7-form-control-wrap\" data-name=\"your-email\"><input size=\"40\" maxlength=\"400\" class=\"wpcf7-form-control wpcf7-email wpcf7-validates-as-required wpcf7-text wpcf7-validates-as-email\" aria-required=\"true\" aria-invalid=\"false\" placeholder=\"*E-mail\" value=\"\" type=\"email\" name=\"your-email\" \/><\/span>\n\t\t<\/p>\n\t<\/div>\n\t<div class=\"dx\">\n\t\t<p><span class=\"wpcf7-form-control-wrap\" data-name=\"your-citta\"><input size=\"40\" maxlength=\"400\" class=\"wpcf7-form-control wpcf7-text wpcf7-validates-as-required\" aria-required=\"true\" aria-invalid=\"false\" placeholder=\"*Cidade\" value=\"\" type=\"text\" name=\"your-citta\" \/><\/span>\n\t\t<\/p>\n\t<\/div>\n\t<div class=\"sx\">\n\t\t<p><span class=\"wpcf7-form-control-wrap\" data-name=\"your-provincia\"><input size=\"40\" maxlength=\"400\" class=\"wpcf7-form-control wpcf7-text wpcf7-validates-as-required\" aria-required=\"true\" aria-invalid=\"false\" placeholder=\"*Prov\u00edncia\" value=\"\" type=\"text\" name=\"your-provincia\" \/><\/span>\n\t\t<\/p>\n\t<\/div>\n\t<div class=\"dx\">\n\t\t<p><span class=\"wpcf7-form-control-wrap\" data-name=\"your-nazione\"><input size=\"40\" maxlength=\"400\" class=\"wpcf7-form-control wpcf7-text wpcf7-validates-as-required\" aria-required=\"true\" aria-invalid=\"false\" placeholder=\"*Pa\u00eds\" value=\"\" type=\"text\" name=\"your-nazione\" \/><\/span>\n\t\t<\/p>\n\t<\/div>\n\t<div class=\"sx\">\n\t\t<p><span class=\"wpcf7-form-control-wrap\" data-name=\"your-telefono\"><input size=\"40\" maxlength=\"400\" class=\"wpcf7-form-control wpcf7-text wpcf7-validates-as-required\" aria-required=\"true\" aria-invalid=\"false\" placeholder=\"*Telefone\" value=\"\" type=\"text\" name=\"your-telefono\" \/><\/span>\n\t\t<\/p>\n\t<\/div>\n\t<div class=\"sxdx cnt_curri\">\n\t\t<p>*Curr\u00edculo<br \/>\n<span class=\"wpcf7-form-control-wrap\" data-name=\"file-curri\"><input size=\"40\" class=\"wpcf7-form-control wpcf7-file wpcf7-validates-as-required\" accept=\".doc,.txt,.docx,.pdf,.zip,.rtf\" aria-required=\"true\" aria-invalid=\"false\" type=\"file\" name=\"file-curri\" \/><\/span>\n\t\t<\/p>\n\t<\/div>\n\t<div class=\"sxdx\">\n\t\t<p><span class=\"wpcf7-form-control-wrap\" data-name=\"your-message\"><textarea cols=\"40\" rows=\"10\" maxlength=\"2000\" class=\"wpcf7-form-control wpcf7-textarea wpcf7-validates-as-required\" aria-required=\"true\" aria-invalid=\"false\" placeholder=\"*Mensagem\" name=\"your-message\"><\/textarea><\/span>\n\t\t<\/p>\n\t<\/div>\n\t<div class=\"privacy\">\n\t\t<p>O tratamento dos dados pessoais \u00e9 efetuado nos termos do Decreto Legislativo 196\/03. Eventuais dados pessoais fornecidos voluntariamente pelos visitantes ser\u00e3o utilizados pela Hidromatic na base do consenso dado por eles. Para a utiliza\u00e7\u00e3o de servi\u00e7os espec\u00edficos dos visitantes ser\u00e1 dada a informa\u00e7\u00e3o apropriada e solicitada se necess\u00e1rio, o consenso para o tratamento dos seus dados pessoais.\n\t\t<\/p>\n\t<\/div>\n\t<div class=\"accept\">\n\t\t<p><span class=\"wpcf7-form-control-wrap\" data-name=\"acceptance-834\"><span class=\"wpcf7-form-control wpcf7-acceptance\"><span class=\"wpcf7-list-item\"><input type=\"checkbox\" name=\"acceptance-834\" value=\"1\" class=\"accept-info\" aria-invalid=\"false\" \/><\/span><\/span><\/span><span>Aceito a pol\u00edtica de privacidade<\/span>\n\t\t<\/p>\n\t<\/div>\n\n\t<p><input class=\"wpcf7-form-control wpcf7-submit has-spinner\" type=\"submit\" value=\"ENVIA\" \/>\n\t<\/p>\n<\/div><input type='hidden' class='wpcf7-pum' value='{\"closepopup\":false,\"closedelay\":0,\"openpopup\":false,\"openpopup_id\":0}' \/><div class=\"wpcf7-response-output\" aria-hidden=\"true\"><\/div>\n<\/form>\n<\/div>\n [\/et_pb_text][\/et_pb_column][\/et_pb_row][\/et_pb_section][et_pb_section admin_label=&#8221;Sezione&#8221; fullwidth=&#8221;off&#8221; specialty=&#8221;off&#8221; transparent_background=&#8221;off&#8221; allow_player_pause=&#8221;off&#8221; inner_shadow=&#8221;off&#8221; parallax=&#8221;off&#8221; parallax_method=&#8221;off&#8221; make_fullwidth=&#8221;off&#8221; use_custom_width=&#8221;off&#8221; width_unit=&#8221;on&#8221; make_equal=&#8221;off&#8221; use_custom_gutter=&#8221;off&#8221; module_id=&#8221;riga_pre_footer&#8221;][et_pb_row admin_label=&#8221;Riga&#8221; make_fullwidth=&#8221;off&#8221; use_custom_width=&#8221;off&#8221; width_unit=&#8221;on&#8221; use_custom_gutter=&#8221;off&#8221; allow_player_pause=&#8221;off&#8221; parallax=&#8221;off&#8221; parallax_method=&#8221;off&#8221; make_equal=&#8221;off&#8221; parallax_1=&#8221;off&#8221; parallax_method_1=&#8221;off&#8221; parallax_2=&#8221;off&#8221; parallax_method_2=&#8221;off&#8221; module_id=&#8221;inside_riga_prefooter&#8221;][et_pb_column type=&#8221;1_2&#8243;][et_pb_blurb admin_label=&#8221;Blurb&#8221; url_new_window=&#8221;off&#8221; use_icon=&#8221;off&#8221; icon_color=&#8221;#7EBEC5&#8243; use_circle=&#8221;off&#8221; circle_color=&#8221;#7EBEC5&#8243; use_circle_border=&#8221;off&#8221; circle_border_color=&#8221;#7EBEC5&#8243; image=&#8221;http:\/\/www.hidromatic.it\/wp-content\/uploads\/2017\/01\/iso-9001.png&#8221; icon_placement=&#8221;top&#8221; animation=&#8221;top&#8221; background_layout=&#8221;light&#8221; text_orientation=&#8221;left&#8221; use_icon_font_size=&#8221;off&#8221; use_border_color=&#8221;off&#8221; border_color=&#8221;#ffffff&#8221; border_style=&#8221;solid&#8221; url=&#8221;\/pt-pt\/empresa\/certificados\/&#8221;]<\/p>\n<div class=\"fi_container\">\n<div class=\"f1_titolo\">EMPRESA CERTIFICADA<\/div>\n<div class=\"f1_info\">Certiquality e IQNet as mais importantes certifica\u00e7\u00f5es internacionais para garantir os processos de pesquisa e desenvolvimento de alta tecnologia para proteger o ambiente, qualidade e seguran\u00e7a.<\/div>\n<\/div>\n<p>[\/et_pb_blurb][\/et_pb_column][et_pb_column type=&#8221;1_2&#8243;][et_pb_blurb admin_label=&#8221;Blurb&#8221; url_new_window=&#8221;on&#8221; use_icon=&#8221;off&#8221; icon_color=&#8221;#7EBEC5&#8243; use_circle=&#8221;off&#8221; circle_color=&#8221;#7EBEC5&#8243; use_circle_border=&#8221;off&#8221; circle_border_color=&#8221;#7EBEC5&#8243; image=&#8221;http:\/\/www.hidromatic.it\/wp-content\/uploads\/2017\/01\/ico_download.png&#8221; icon_placement=&#8221;top&#8221; animation=&#8221;top&#8221; background_layout=&#8221;light&#8221; text_orientation=&#8221;left&#8221; use_icon_font_size=&#8221;off&#8221; use_border_color=&#8221;off&#8221; border_color=&#8221;#ffffff&#8221; border_style=&#8221;solid&#8221; url=&#8221;\/wp-content\/uploads\/pdf\/def_secure.pdf&#8221;]<\/p>\n<div class=\"fi_container\">\n<div class=\"f1_titolo\">DOWNLOAD APRESENTA\u00c7\u00c3O<\/div>\n<div class=\"f1_info\">Descarrega a nossa apresenta\u00e7\u00e3o e verifica detalhadamente a inova\u00e7\u00e3o dos nossos equipamentos e a aplica\u00e7\u00e3o concreta dos nossos servi\u00e7os.<\/div>\n<\/div>\n<p>[\/et_pb_blurb][\/et_pb_column][\/et_pb_row][\/et_pb_section]<\/p>\n","protected":false},"excerpt":{"rendered":"<p>INFOJOBS \n<div class=\"wpcf7 no-js\" id=\"wpcf7-f2776-o2\" lang=\"it-IT\" dir=\"ltr\" data-wpcf7-id=\"2776\">\n<div class=\"screen-reader-response\"><p role=\"status\" aria-live=\"polite\" aria-atomic=\"true\"><\/p> <ul><\/ul><\/div>\n<form action=\"\/pt-pt\/wp-json\/wp\/v2\/pages\/2775#wpcf7-f2776-o2\" method=\"post\" class=\"wpcf7-form init\" aria-label=\"Modulo di contatto\" enctype=\"multipart\/form-data\" novalidate=\"novalidate\" data-status=\"init\">\n<fieldset class=\"hidden-fields-container\"><input type=\"hidden\" name=\"_wpcf7\" value=\"2776\" \/><input type=\"hidden\" name=\"_wpcf7_version\" value=\"6.1.5\" \/><input type=\"hidden\" name=\"_wpcf7_locale\" value=\"it_IT\" \/><input type=\"hidden\" name=\"_wpcf7_unit_tag\" value=\"wpcf7-f2776-o2\" \/><input type=\"hidden\" name=\"_wpcf7_container_post\" value=\"0\" \/><input type=\"hidden\" name=\"_wpcf7_posted_data_hash\" value=\"\" \/><input type=\"hidden\" name=\"_wpcf7_recaptcha_response\" value=\"\" \/>\n<\/fieldset>\n<div class=\"strong-c\">\n\t<p>ENVIAR CV\n\t<\/p>\n<\/div>\n<div class=\"contenitore-cf\">\n\t<div class=\"sx\">\n\t\t<p><span class=\"wpcf7-form-control-wrap\" data-name=\"your-name\"><input size=\"40\" maxlength=\"400\" class=\"wpcf7-form-control wpcf7-text wpcf7-validates-as-required\" aria-required=\"true\" aria-invalid=\"false\" placeholder=\"*O seu nome\" value=\"\" type=\"text\" name=\"your-name\" \/><\/span>\n\t\t<\/p>\n\t<\/div>\n\t<div class=\"dx\">\n\t\t<p><span class=\"wpcf7-form-control-wrap\" data-name=\"your-cognome\"><input size=\"40\" maxlength=\"400\" class=\"wpcf7-form-control wpcf7-text wpcf7-validates-as-required\" aria-required=\"true\" aria-invalid=\"false\" placeholder=\"*O seu apelido\" value=\"\" type=\"text\" name=\"your-cognome\" \/><\/span>\n\t\t<\/p>\n\t<\/div>\n\t<div class=\"sx\">\n\t\t<p><span class=\"wpcf7-form-control-wrap\" data-name=\"your-email\"><input size=\"40\" maxlength=\"400\" class=\"wpcf7-form-control wpcf7-email wpcf7-validates-as-required wpcf7-text wpcf7-validates-as-email\" aria-required=\"true\" aria-invalid=\"false\" placeholder=\"*E-mail\" value=\"\" type=\"email\" name=\"your-email\" \/><\/span>\n\t\t<\/p>\n\t<\/div>\n\t<div class=\"dx\">\n\t\t<p><span class=\"wpcf7-form-control-wrap\" data-name=\"your-citta\"><input size=\"40\" maxlength=\"400\" class=\"wpcf7-form-control wpcf7-text wpcf7-validates-as-required\" aria-required=\"true\" aria-invalid=\"false\" placeholder=\"*Cidade\" value=\"\" type=\"text\" name=\"your-citta\" \/><\/span>\n\t\t<\/p>\n\t<\/div>\n\t<div class=\"sx\">\n\t\t<p><span class=\"wpcf7-form-control-wrap\" data-name=\"your-provincia\"><input size=\"40\" maxlength=\"400\" class=\"wpcf7-form-control wpcf7-text wpcf7-validates-as-required\" aria-required=\"true\" aria-invalid=\"false\" placeholder=\"*Prov\u00edncia\" value=\"\" type=\"text\" name=\"your-provincia\" \/><\/span>\n\t\t<\/p>\n\t<\/div>\n\t<div class=\"dx\">\n\t\t<p><span class=\"wpcf7-form-control-wrap\" data-name=\"your-nazione\"><input size=\"40\" maxlength=\"400\" class=\"wpcf7-form-control wpcf7-text wpcf7-validates-as-required\" aria-required=\"true\" aria-invalid=\"false\" placeholder=\"*Pa\u00eds\" value=\"\" type=\"text\" name=\"your-nazione\" \/><\/span>\n\t\t<\/p>\n\t<\/div>\n\t<div class=\"sx\">\n\t\t<p><span class=\"wpcf7-form-control-wrap\" data-name=\"your-telefono\"><input size=\"40\" maxlength=\"400\" class=\"wpcf7-form-control wpcf7-text wpcf7-validates-as-required\" aria-required=\"true\" aria-invalid=\"false\" placeholder=\"*Telefone\" value=\"\" type=\"text\" name=\"your-telefono\" \/><\/span>\n\t\t<\/p>\n\t<\/div>\n\t<div class=\"sxdx cnt_curri\">\n\t\t<p>*Curr\u00edculo<br \/>\n<span class=\"wpcf7-form-control-wrap\" data-name=\"file-curri\"><input size=\"40\" class=\"wpcf7-form-control wpcf7-file wpcf7-validates-as-required\" accept=\".doc,.txt,.docx,.pdf,.zip,.rtf\" aria-required=\"true\" aria-invalid=\"false\" type=\"file\" name=\"file-curri\" \/><\/span>\n\t\t<\/p>\n\t<\/div>\n\t<div class=\"sxdx\">\n\t\t<p><span class=\"wpcf7-form-control-wrap\" data-name=\"your-message\"><textarea cols=\"40\" rows=\"10\" maxlength=\"2000\" class=\"wpcf7-form-control wpcf7-textarea wpcf7-validates-as-required\" aria-required=\"true\" aria-invalid=\"false\" placeholder=\"*Mensagem\" name=\"your-message\"><\/textarea><\/span>\n\t\t<\/p>\n\t<\/div>\n\t<div class=\"privacy\">\n\t\t<p>O tratamento dos dados pessoais \u00e9 efetuado nos termos do Decreto Legislativo 196\/03. Eventuais dados pessoais fornecidos voluntariamente pelos visitantes ser\u00e3o utilizados pela Hidromatic na base do consenso dado por eles. Para a utiliza\u00e7\u00e3o de servi\u00e7os espec\u00edficos dos visitantes ser\u00e1 dada a informa\u00e7\u00e3o apropriada e solicitada se necess\u00e1rio, o consenso para o tratamento dos seus dados pessoais.\n\t\t<\/p>\n\t<\/div>\n\t<div class=\"accept\">\n\t\t<p><span class=\"wpcf7-form-control-wrap\" data-name=\"acceptance-834\"><span class=\"wpcf7-form-control wpcf7-acceptance\"><span class=\"wpcf7-list-item\"><input type=\"checkbox\" name=\"acceptance-834\" value=\"1\" class=\"accept-info\" aria-invalid=\"false\" \/><\/span><\/span><\/span><span>Aceito a pol\u00edtica de privacidade<\/span>\n\t\t<\/p>\n\t<\/div>\n\n\t<p><input class=\"wpcf7-form-control wpcf7-submit has-spinner\" type=\"submit\" value=\"ENVIA\" \/>\n\t<\/p>\n<\/div><input type='hidden' class='wpcf7-pum' value='{\"closepopup\":false,\"closedelay\":0,\"openpopup\":false,\"openpopup_id\":0}' \/><div class=\"wpcf7-response-output\" aria-hidden=\"true\"><\/div>\n<\/form>\n<\/div>\n EMPRESA CERTIFICADA Certiquality e IQNet as mais importantes certifica\u00e7\u00f5es internacionais para garantir os processos de pesquisa e desenvolvimento de alta tecnologia para proteger o ambiente, qualidade e seguran\u00e7a. DOWNLOAD APRESENTA\u00c7\u00c3O Descarrega a nossa apresenta\u00e7\u00e3o e verifica detalhadamente a inova\u00e7\u00e3o dos nossos equipamentos e a aplica\u00e7\u00e3o concreta dos nossos servi\u00e7os.<\/p>\n","protected":false},"author":3,"featured_media":0,"parent":0,"menu_order":0,"comment_status":"closed","ping_status":"closed","template":"","meta":{"_et_pb_use_builder":"on","_et_pb_old_content":"","_et_gb_content_width":"","footnotes":""},"class_list":["post-2775","page","type-page","status-publish","hentry"],"yoast_head":"<!-- This site is optimized with the Yoast SEO plugin v27.6 - https:\/\/yoast.com\/product\/yoast-seo-wordpress\/ -->\n<title>Hidromatic srl - Esta\u00e7\u00f5es de tratamento de \u00e1gua - Plantas industriais e civis - Infojobs<\/title>\n<meta name=\"robots\" content=\"index, follow, max-snippet:-1, max-image-preview:large, max-video-preview:-1\" \/>\n<link rel=\"canonical\" href=\"https:\/\/www.hidromatic.it\/infojobs\/\" \/>\n<meta property=\"og:locale\" content=\"pt_PT\" \/>\n<meta property=\"og:type\" content=\"article\" \/>\n<meta property=\"og:title\" content=\"Hidromatic srl - Esta\u00e7\u00f5es de tratamento de \u00e1gua - Plantas industriais e civis - Infojobs\" \/>\n<meta property=\"og:description\" content=\"INFOJOBS EMPRESA CERTIFICADA Certiquality e IQNet as mais importantes certifica\u00e7\u00f5es internacionais para garantir os processos de pesquisa e desenvolvimento de alta tecnologia para proteger o ambiente, qualidade e seguran\u00e7a. DOWNLOAD APRESENTA\u00c7\u00c3O Descarrega a nossa apresenta\u00e7\u00e3o e verifica detalhadamente a inova\u00e7\u00e3o dos nossos equipamentos e a aplica\u00e7\u00e3o concreta dos nossos servi\u00e7os.\" \/>\n<meta property=\"og:url\" content=\"https:\/\/www.hidromatic.it\/infojobs\/\" \/>\n<meta property=\"og:site_name\" content=\"Hidromatic srl - Esta\u00e7\u00f5es de tratamento de \u00e1gua\" \/>\n<meta property=\"article:publisher\" content=\"https:\/\/it-it.facebook.com\/HidromaticSrl\/\" \/>\n<meta property=\"article:modified_time\" content=\"2017-05-12T14:06:15+00:00\" \/>\n<meta name=\"twitter:card\" content=\"summary_large_image\" \/>\n<meta name=\"twitter:label1\" content=\"Tempo estimado de leitura\" \/>\n\t<meta name=\"twitter:data1\" content=\"2 minutos\" \/>\n<script type=\"application\/ld+json\" class=\"yoast-schema-graph\">{\"@context\":\"https:\\\/\\\/schema.org\",\"@graph\":[{\"@type\":\"WebPage\",\"@id\":\"https:\\\/\\\/www.hidromatic.it\\\/infojobs\\\/\",\"url\":\"https:\\\/\\\/www.hidromatic.it\\\/infojobs\\\/\",\"name\":\"Hidromatic srl - Esta\u00e7\u00f5es de tratamento de \u00e1gua - Plantas industriais e civis - Infojobs\",\"isPartOf\":{\"@id\":\"https:\\\/\\\/www.hidromatic.it\\\/#website\"},\"datePublished\":\"2017-03-13T13:39:31+00:00\",\"dateModified\":\"2017-05-12T14:06:15+00:00\",\"breadcrumb\":{\"@id\":\"https:\\\/\\\/www.hidromatic.it\\\/infojobs\\\/#breadcrumb\"},\"inLanguage\":\"pt-PT\",\"potentialAction\":[{\"@type\":\"ReadAction\",\"target\":[\"https:\\\/\\\/www.hidromatic.it\\\/infojobs\\\/\"]}]},{\"@type\":\"BreadcrumbList\",\"@id\":\"https:\\\/\\\/www.hidromatic.it\\\/infojobs\\\/#breadcrumb\",\"itemListElement\":[{\"@type\":\"ListItem\",\"position\":1,\"name\":\"Home\",\"item\":\"https:\\\/\\\/www.hidromatic.it\\\/pt-pt\\\/\"},{\"@type\":\"ListItem\",\"position\":2,\"name\":\"Infojobs\"}]},{\"@type\":\"WebSite\",\"@id\":\"https:\\\/\\\/www.hidromatic.it\\\/#website\",\"url\":\"https:\\\/\\\/www.hidromatic.it\\\/\",\"name\":\"Hidromatic srl - Esta\u00e7\u00f5es de tratamento de \u00e1gua\",\"description\":\"Plantas industriais e civis\",\"potentialAction\":[{\"@type\":\"SearchAction\",\"target\":{\"@type\":\"EntryPoint\",\"urlTemplate\":\"https:\\\/\\\/www.hidromatic.it\\\/?s={search_term_string}\"},\"query-input\":{\"@type\":\"PropertyValueSpecification\",\"valueRequired\":true,\"valueName\":\"search_term_string\"}}],\"inLanguage\":\"pt-PT\"}]}<\/script>\n<!-- \/ Yoast SEO plugin. -->","yoast_head_json":{"title":"Hidromatic srl - Esta\u00e7\u00f5es de tratamento de \u00e1gua - Plantas industriais e civis - Infojobs","robots":{"index":"index","follow":"follow","max-snippet":"max-snippet:-1","max-image-preview":"max-image-preview:large","max-video-preview":"max-video-preview:-1"},"canonical":"https:\/\/www.hidromatic.it\/infojobs\/","og_locale":"pt_PT","og_type":"article","og_title":"Hidromatic srl - Esta\u00e7\u00f5es de tratamento de \u00e1gua - Plantas industriais e civis - Infojobs","og_description":"INFOJOBS EMPRESA CERTIFICADA Certiquality e IQNet as mais importantes certifica\u00e7\u00f5es internacionais para garantir os processos de pesquisa e desenvolvimento de alta tecnologia para proteger o ambiente, qualidade e seguran\u00e7a. DOWNLOAD APRESENTA\u00c7\u00c3O Descarrega a nossa apresenta\u00e7\u00e3o e verifica detalhadamente a inova\u00e7\u00e3o dos nossos equipamentos e a aplica\u00e7\u00e3o concreta dos nossos servi\u00e7os.","og_url":"https:\/\/www.hidromatic.it\/infojobs\/","og_site_name":"Hidromatic srl - Esta\u00e7\u00f5es de tratamento de \u00e1gua","article_publisher":"https:\/\/it-it.facebook.com\/HidromaticSrl\/","article_modified_time":"2017-05-12T14:06:15+00:00","twitter_card":"summary_large_image","twitter_misc":{"Tempo estimado de leitura":"2 minutos"},"schema":{"@context":"https:\/\/schema.org","@graph":[{"@type":"WebPage","@id":"https:\/\/www.hidromatic.it\/infojobs\/","url":"https:\/\/www.hidromatic.it\/infojobs\/","name":"Hidromatic srl - Esta\u00e7\u00f5es de tratamento de \u00e1gua - Plantas industriais e civis - Infojobs","isPartOf":{"@id":"https:\/\/www.hidromatic.it\/#website"},"datePublished":"2017-03-13T13:39:31+00:00","dateModified":"2017-05-12T14:06:15+00:00","breadcrumb":{"@id":"https:\/\/www.hidromatic.it\/infojobs\/#breadcrumb"},"inLanguage":"pt-PT","potentialAction":[{"@type":"ReadAction","target":["https:\/\/www.hidromatic.it\/infojobs\/"]}]},{"@type":"BreadcrumbList","@id":"https:\/\/www.hidromatic.it\/infojobs\/#breadcrumb","itemListElement":[{"@type":"ListItem","position":1,"name":"Home","item":"https:\/\/www.hidromatic.it\/pt-pt\/"},{"@type":"ListItem","position":2,"name":"Infojobs"}]},{"@type":"WebSite","@id":"https:\/\/www.hidromatic.it\/#website","url":"https:\/\/www.hidromatic.it\/","name":"Hidromatic srl - Esta\u00e7\u00f5es de tratamento de \u00e1gua","description":"Plantas industriais e civis","potentialAction":[{"@type":"SearchAction","target":{"@type":"EntryPoint","urlTemplate":"https:\/\/www.hidromatic.it\/?s={search_term_string}"},"query-input":{"@type":"PropertyValueSpecification","valueRequired":true,"valueName":"search_term_string"}}],"inLanguage":"pt-PT"}]}},"_links":{"self":[{"href":"https:\/\/www.hidromatic.it\/pt-pt\/wp-json\/wp\/v2\/pages\/2775","targetHints":{"allow":["GET"]}}],"collection":[{"href":"https:\/\/www.hidromatic.it\/pt-pt\/wp-json\/wp\/v2\/pages"}],"about":[{"href":"https:\/\/www.hidromatic.it\/pt-pt\/wp-json\/wp\/v2\/types\/page"}],"author":[{"embeddable":true,"href":"https:\/\/www.hidromatic.it\/pt-pt\/wp-json\/wp\/v2\/users\/3"}],"replies":[{"embeddable":true,"href":"https:\/\/www.hidromatic.it\/pt-pt\/wp-json\/wp\/v2\/comments?post=2775"}],"version-history":[{"count":4,"href":"https:\/\/www.hidromatic.it\/pt-pt\/wp-json\/wp\/v2\/pages\/2775\/revisions"}],"predecessor-version":[{"id":3322,"href":"https:\/\/www.hidromatic.it\/pt-pt\/wp-json\/wp\/v2\/pages\/2775\/revisions\/3322"}],"wp:attachment":[{"href":"https:\/\/www.hidromatic.it\/pt-pt\/wp-json\/wp\/v2\/media?parent=2775"}],"curies":[{"name":"wp","href":"https:\/\/api.w.org\/{rel}","templated":true}]}}