{"id":2748,"date":"2017-01-12T12:19:57","date_gmt":"2017-01-12T11:19:57","guid":{"rendered":"http:\/\/www.hidromatic.it\/pt-pt\/cosa-facciamo\/impianti-depurazione-acque-reflue\/"},"modified":"2024-11-29T17:02:38","modified_gmt":"2024-11-29T16:02:38","slug":"laboratorio-de-analises","status":"publish","type":"page","link":"https:\/\/www.hidromatic.it\/pt-pt\/o-que-fazemos\/laboratorio-de-analises\/","title":{"rendered":"LABORATORIO DE AN\u00c1LISES"},"content":{"rendered":"<p>[et_pb_section fb_built=&#8221;1&#8243; fullwidth=&#8221;on&#8221; admin_label=&#8221;Sezione&#8221; _builder_version=&#8221;4.16&#8243; transparent_background=&#8221;off&#8221; make_fullwidth=&#8221;off&#8221; use_custom_width=&#8221;off&#8221; width_unit=&#8221;on&#8221; global_colors_info=&#8221;{}&#8221;][et_pb_fullwidth_header header_fullscreen=&#8221;on&#8221; image_orientation=&#8221;bottom&#8221; content_max_width=&#8221;none&#8221; admin_label=&#8221;Intestazione a Larghezza Piena&#8221; _builder_version=&#8221;4.27.0&#8243; background_color=&#8221;rgba(255, 255, 255, 0)&#8221; background_image=&#8221;https:\/\/www.hidromatic.it\/wp-content\/uploads\/2017\/01\/Lab_top.jpg&#8221; background_layout=&#8221;light&#8221; hover_enabled=&#8221;0&#8243; background_url=&#8221;https:\/\/www.hidromatic.it\/wp-content\/uploads\/2017\/01\/Lab_top.jpg&#8221; button_one_letter_spacing_hover=&#8221;0&#8243; button_two_letter_spacing_hover=&#8221;0&#8243; global_colors_info=&#8221;{}&#8221; button_one_text_size__hover_enabled=&#8221;off&#8221; button_two_text_size__hover_enabled=&#8221;off&#8221; button_one_text_color__hover_enabled=&#8221;off&#8221; button_two_text_color__hover_enabled=&#8221;off&#8221; button_one_border_width__hover_enabled=&#8221;off&#8221; button_two_border_width__hover_enabled=&#8221;off&#8221; button_one_border_color__hover_enabled=&#8221;off&#8221; button_two_border_color__hover_enabled=&#8221;off&#8221; button_one_border_radius__hover_enabled=&#8221;off&#8221; button_two_border_radius__hover_enabled=&#8221;off&#8221; button_one_letter_spacing__hover_enabled=&#8221;on&#8221; button_one_letter_spacing__hover=&#8221;0&#8243; button_two_letter_spacing__hover_enabled=&#8221;on&#8221; button_two_letter_spacing__hover=&#8221;0&#8243; button_one_bg_color__hover_enabled=&#8221;off&#8221; button_two_bg_color__hover_enabled=&#8221;off&#8221; sticky_enabled=&#8221;0&#8243;]<\/p>\n<div class=\"contenitore-info-immagine-2\">\n<div><span>ALTA TECNOLOGIA<\/span><\/div>\n<div><span>PARA GRANDES PROCESSOS<\/span><\/div>\n<\/div>\n<p>[\/et_pb_fullwidth_header][\/et_pb_section][et_pb_section fb_built=&#8221;1&#8243; admin_label=&#8221;section&#8221; module_id=&#8221;riga_1_home&#8221; module_class=&#8221;azienda&#8221; _builder_version=&#8221;4.16&#8243; transparent_background=&#8221;off&#8221; make_fullwidth=&#8221;off&#8221; use_custom_width=&#8221;off&#8221; width_unit=&#8221;on&#8221; global_colors_info=&#8221;{}&#8221;][et_pb_row admin_label=&#8221;row&#8221; _builder_version=&#8221;4.16&#8243; background_size=&#8221;initial&#8221; background_position=&#8221;top_left&#8221; background_repeat=&#8221;repeat&#8221; global_colors_info=&#8221;{}&#8221;][et_pb_column type=&#8221;4_4&#8243; _builder_version=&#8221;4.16&#8243; custom_padding=&#8221;|||&#8221; global_colors_info=&#8221;{}&#8221; custom_padding__hover=&#8221;|||&#8221;][et_pb_text admin_label=&#8221;Testo&#8221; _builder_version=&#8221;4.16&#8243; background_size=&#8221;initial&#8221; background_position=&#8221;top_left&#8221; background_repeat=&#8221;repeat&#8221; use_border_color=&#8221;off&#8221; border_color=&#8221;#ffffff&#8221; border_style=&#8221;solid&#8221; global_colors_info=&#8221;{}&#8221;]<\/p>\n<div>\n<div class=\"big-big green\">Laboratorio de an\u00e1lise<\/div>\n<div class=\"sub-big-big green\">Melhorar a gest\u00e3o da \u00e1gua<\/div>\n<div class=\"testo\">A \u00e1gua \u00e9 parte integrante de muitos processos dos nossos clientes, em v\u00e1rias \u00e1reas industriais, raz\u00e3o pela qual Hidromatic trabalha constantemente para contribuir \u00e0 melhor gest\u00e3o deste importante recurso, o controle de qualidade atrav\u00e9s de an\u00e1lises, monitora\u00e7\u00e3o e inspe\u00e7\u00f5es cont\u00ednuas. Hidromatic otimiza os processos de aquecimento e arrefecimento, os processos industrial, o tratamento das \u00e1guas residuais e a higieniza\u00e7\u00e3o dos sistemas produtivos, assegurando o alcance dos objetivos prefixados e tentando de os melhorar constantemente atrav\u00e9s da pesquisa. Hidromatic emprega desde sempre as melhores tecnologias dispon\u00edveis, hardware e software inclu\u00eddos, para a melhor gest\u00e3o da efici\u00eancia no utilizo dos recursos h\u00eddricos e portanto da melhor sustentabilidade ambiental.<\/div>\n<\/div>\n<p>[\/et_pb_text][\/et_pb_column][\/et_pb_row][\/et_pb_section][et_pb_section fb_built=&#8221;1&#8243; admin_label=&#8221;Sezione&#8221; module_id=&#8221;contenitore-blurb-prodotti-list&#8221; _builder_version=&#8221;4.16&#8243; transparent_background=&#8221;off&#8221; make_fullwidth=&#8221;off&#8221; use_custom_width=&#8221;off&#8221; width_unit=&#8221;on&#8221; global_colors_info=&#8221;{}&#8221;][et_pb_row admin_label=&#8221;Riga&#8221; _builder_version=&#8221;4.16&#8243; background_size=&#8221;initial&#8221; background_position=&#8221;top_left&#8221; background_repeat=&#8221;repeat&#8221; global_colors_info=&#8221;{}&#8221; column_structure=&#8221;1_4,1_4,1_4,1_4&#8243;][et_pb_column type=&#8221;1_4&#8243; _builder_version=&#8221;4.16&#8243; custom_padding=&#8221;|||&#8221; global_colors_info=&#8221;{}&#8221; custom_padding__hover=&#8221;|||&#8221;][et_pb_divider show_divider=&#8221;off&#8221; disabled_on=&#8221;on|on|off&#8221; admin_label=&#8221;Modulo Separatore&#8221; _builder_version=&#8221;4.16&#8243; height=&#8221;45px&#8221; hide_on_mobile=&#8221;on&#8221; global_colors_info=&#8221;{}&#8221;] [\/et_pb_divider][\/et_pb_column][et_pb_column type=&#8221;1_4&#8243; _builder_version=&#8221;4.16&#8243; custom_padding=&#8221;|||&#8221; global_colors_info=&#8221;{}&#8221; custom_padding__hover=&#8221;|||&#8221;][et_pb_divider show_divider=&#8221;off&#8221; disabled_on=&#8221;on|on|off&#8221; admin_label=&#8221;Modulo Separatore&#8221; _builder_version=&#8221;4.16&#8243; height=&#8221;45px&#8221; hide_on_mobile=&#8221;on&#8221; global_colors_info=&#8221;{}&#8221;] [\/et_pb_divider][\/et_pb_column][et_pb_column type=&#8221;1_4&#8243; _builder_version=&#8221;4.16&#8243; custom_padding=&#8221;|||&#8221; global_colors_info=&#8221;{}&#8221; custom_padding__hover=&#8221;|||&#8221;][et_pb_divider show_divider=&#8221;off&#8221; disabled_on=&#8221;on|on|off&#8221; admin_label=&#8221;Modulo Separatore&#8221; _builder_version=&#8221;4.16&#8243; height=&#8221;45px&#8221; hide_on_mobile=&#8221;on&#8221; global_colors_info=&#8221;{}&#8221;] [\/et_pb_divider][\/et_pb_column][et_pb_column type=&#8221;1_4&#8243; _builder_version=&#8221;4.16&#8243; custom_padding=&#8221;|||&#8221; global_colors_info=&#8221;{}&#8221; custom_padding__hover=&#8221;|||&#8221;][et_pb_divider show_divider=&#8221;off&#8221; disabled_on=&#8221;on|on|off&#8221; admin_label=&#8221;Modulo Separatore&#8221; _builder_version=&#8221;4.16&#8243; height=&#8221;45px&#8221; hide_on_mobile=&#8221;on&#8221; global_colors_info=&#8221;{}&#8221;] [\/et_pb_divider][\/et_pb_column][\/et_pb_row][et_pb_row admin_label=&#8221;Riga&#8221; _builder_version=&#8221;4.16&#8243; background_size=&#8221;initial&#8221; background_position=&#8221;top_left&#8221; background_repeat=&#8221;repeat&#8221; global_colors_info=&#8221;{}&#8221;][et_pb_column type=&#8221;4_4&#8243; _builder_version=&#8221;4.16&#8243; custom_padding=&#8221;|||&#8221; global_colors_info=&#8221;{}&#8221; custom_padding__hover=&#8221;|||&#8221;][et_pb_blurb title=&#8221;GRANDES ESTA\u00c7\u00d5ES&#8221; url=&#8221;\/pt-pt\/o-que-fazemos\/grandes-estacoes\/&#8221; image=&#8221;https:\/\/www.hidromatic.it\/wp-content\/uploads\/2017\/01\/traspa_png.png&#8221; image_icon_width=&#8221;none&#8221; admin_label=&#8221;Blurb&#8221; module_id=&#8221;blurb_p1&#8243; module_class=&#8221;blurb-1-sesto&#8221; _builder_version=&#8221;4.16&#8243; background_size=&#8221;initial&#8221; background_position=&#8221;top_left&#8221; background_repeat=&#8221;repeat&#8221; text_orientation=&#8221;center&#8221; use_border_color=&#8221;off&#8221; border_color=&#8221;#ffffff&#8221; border_style=&#8221;solid&#8221; image_max_width=&#8221;none&#8221; use_circle=&#8221;off&#8221; use_circle_border=&#8221;off&#8221; circle_border_color=&#8221;#7EBEC5&#8243; circle_color=&#8221;#7EBEC5&#8243; global_colors_info=&#8221;{}&#8221;] [\/et_pb_blurb][et_pb_blurb title=&#8221;INSTALA\u00c7\u00d5ES STANDARD&#8221; url=&#8221;\/pt-pt\/o-que-fazemos\/instalacoes-standard\/&#8221; image=&#8221;https:\/\/www.hidromatic.it\/wp-content\/uploads\/2017\/01\/traspa_png.png&#8221; image_icon_width=&#8221;none&#8221; admin_label=&#8221;Blurb&#8221; module_id=&#8221;blurb_p2&#8243; module_class=&#8221;blurb-1-sesto&#8221; _builder_version=&#8221;4.16&#8243; background_size=&#8221;initial&#8221; background_position=&#8221;top_left&#8221; background_repeat=&#8221;repeat&#8221; text_orientation=&#8221;center&#8221; use_border_color=&#8221;off&#8221; border_color=&#8221;#ffffff&#8221; border_style=&#8221;solid&#8221; image_max_width=&#8221;none&#8221; use_circle=&#8221;off&#8221; use_circle_border=&#8221;off&#8221; circle_border_color=&#8221;#7EBEC5&#8243; circle_color=&#8221;#7EBEC5&#8243; global_colors_info=&#8221;{}&#8221;] [\/et_pb_blurb][et_pb_blurb title=&#8221;CHEMICAL&#8221; url=&#8221;\/pt-pt\/o-que-fazemos\/chemical\/&#8221; image=&#8221;https:\/\/www.hidromatic.it\/wp-content\/uploads\/2017\/01\/traspa_png.png&#8221; image_icon_width=&#8221;none&#8221; admin_label=&#8221;Blurb&#8221; module_id=&#8221;blurb_p3&#8243; module_class=&#8221;blurb-1-sesto&#8221; _builder_version=&#8221;4.16&#8243; background_size=&#8221;initial&#8221; background_position=&#8221;top_left&#8221; background_repeat=&#8221;repeat&#8221; text_orientation=&#8221;center&#8221; use_border_color=&#8221;off&#8221; border_color=&#8221;#ffffff&#8221; border_style=&#8221;solid&#8221; image_max_width=&#8221;none&#8221; use_circle=&#8221;off&#8221; use_circle_border=&#8221;off&#8221; circle_border_color=&#8221;#7EBEC5&#8243; circle_color=&#8221;#7EBEC5&#8243; global_colors_info=&#8221;{}&#8221;] [\/et_pb_blurb][et_pb_blurb title=&#8221;PROJETOS&#8221; url=&#8221;\/pt-pt\/o-que-fazemos\/projetos\/&#8221; image=&#8221;https:\/\/www.hidromatic.it\/wp-content\/uploads\/2017\/01\/traspa_png.png&#8221; image_icon_width=&#8221;none&#8221; admin_label=&#8221;Blurb&#8221; module_id=&#8221;blurb_p4&#8243; module_class=&#8221;blurb-1-sesto&#8221; _builder_version=&#8221;4.16&#8243; background_size=&#8221;initial&#8221; background_position=&#8221;top_left&#8221; background_repeat=&#8221;repeat&#8221; text_orientation=&#8221;center&#8221; use_border_color=&#8221;off&#8221; border_color=&#8221;#ffffff&#8221; border_style=&#8221;solid&#8221; image_max_width=&#8221;none&#8221; use_circle=&#8221;off&#8221; use_circle_border=&#8221;off&#8221; circle_border_color=&#8221;#7EBEC5&#8243; circle_color=&#8221;#7EBEC5&#8243; global_colors_info=&#8221;{}&#8221;] [\/et_pb_blurb][et_pb_blurb title=&#8221;LABORATORIO DE AN\u00c1LISES&#8221; url=&#8221;\/pt-pt\/o-que-fazemos\/laboratorio-de-analises\/&#8221; image=&#8221;https:\/\/www.hidromatic.it\/wp-content\/uploads\/2017\/01\/traspa_png.png&#8221; image_icon_width=&#8221;none&#8221; admin_label=&#8221;Blurb&#8221; module_id=&#8221;blurb_p5&#8243; module_class=&#8221;blurb-1-sesto&#8221; _builder_version=&#8221;4.16&#8243; background_size=&#8221;initial&#8221; background_position=&#8221;top_left&#8221; background_repeat=&#8221;repeat&#8221; text_orientation=&#8221;center&#8221; use_border_color=&#8221;off&#8221; border_color=&#8221;#ffffff&#8221; border_style=&#8221;solid&#8221; image_max_width=&#8221;none&#8221; use_circle=&#8221;off&#8221; use_circle_border=&#8221;off&#8221; circle_border_color=&#8221;#7EBEC5&#8243; circle_color=&#8221;#7EBEC5&#8243; global_colors_info=&#8221;{}&#8221;] [\/et_pb_blurb][et_pb_blurb title=&#8221;ASSIST\u00caNCIA&#8221; url=&#8221;\/pt-pt\/o-que-fazemos\/assistencia\/&#8221; image=&#8221;https:\/\/www.hidromatic.it\/wp-content\/uploads\/2017\/01\/traspa_png.png&#8221; image_icon_width=&#8221;none&#8221; admin_label=&#8221;Blurb&#8221; module_id=&#8221;blurb_p6&#8243; module_class=&#8221;blurb-1-sesto&#8221; _builder_version=&#8221;4.16&#8243; background_size=&#8221;initial&#8221; background_position=&#8221;top_left&#8221; background_repeat=&#8221;repeat&#8221; text_orientation=&#8221;center&#8221; use_border_color=&#8221;off&#8221; border_color=&#8221;#ffffff&#8221; border_style=&#8221;solid&#8221; image_max_width=&#8221;none&#8221; use_circle=&#8221;off&#8221; use_circle_border=&#8221;off&#8221; circle_border_color=&#8221;#7EBEC5&#8243; circle_color=&#8221;#7EBEC5&#8243; global_colors_info=&#8221;{}&#8221;] [\/et_pb_blurb][\/et_pb_column][\/et_pb_row][\/et_pb_section]<\/p>\n","protected":false},"excerpt":{"rendered":"<p>ALTA TECNOLOGIA PARA GRANDES PROCESSOS Laboratorio de an\u00e1lise Melhorar a gest\u00e3o da \u00e1gua A \u00e1gua \u00e9 parte integrante de muitos processos dos nossos clientes, em v\u00e1rias \u00e1reas industriais, raz\u00e3o pela qual Hidromatic trabalha constantemente para contribuir \u00e0 melhor gest\u00e3o deste importante recurso, o controle de qualidade atrav\u00e9s de an\u00e1lises, monitora\u00e7\u00e3o e inspe\u00e7\u00f5es cont\u00ednuas. Hidromatic otimiza [&hellip;]<\/p>\n","protected":false},"author":3,"featured_media":0,"parent":2551,"menu_order":0,"comment_status":"closed","ping_status":"closed","template":"","meta":{"_et_pb_use_builder":"on","_et_pb_old_content":"","_et_gb_content_width":"","footnotes":""},"class_list":["post-2748","page","type-page","status-publish","hentry"],"yoast_head":"<!-- This site is optimized with the Yoast SEO plugin v27.4 - https:\/\/yoast.com\/product\/yoast-seo-wordpress\/ -->\n<title>Hidromatic srl - Esta\u00e7\u00f5es de tratamento de \u00e1gua - Plantas industriais e civis - LABORATORIO DE AN\u00c1LISES<\/title>\n<meta name=\"robots\" content=\"index, follow, max-snippet:-1, max-image-preview:large, max-video-preview:-1\" \/>\n<link rel=\"canonical\" href=\"https:\/\/www.hidromatic.it\/pt-pt\/o-que-fazemos\/laboratorio-de-analises\/\" \/>\n<meta property=\"og:locale\" content=\"pt_PT\" \/>\n<meta property=\"og:type\" content=\"article\" \/>\n<meta property=\"og:title\" content=\"Hidromatic srl - Esta\u00e7\u00f5es de tratamento de \u00e1gua - Plantas industriais e civis - LABORATORIO DE AN\u00c1LISES\" \/>\n<meta property=\"og:description\" content=\"ALTA TECNOLOGIA PARA GRANDES PROCESSOS Laboratorio de an\u00e1lise Melhorar a gest\u00e3o da \u00e1gua A \u00e1gua \u00e9 parte integrante de muitos processos dos nossos clientes, em v\u00e1rias \u00e1reas industriais, raz\u00e3o pela qual Hidromatic trabalha constantemente para contribuir \u00e0 melhor gest\u00e3o deste importante recurso, o controle de qualidade atrav\u00e9s de an\u00e1lises, monitora\u00e7\u00e3o e inspe\u00e7\u00f5es cont\u00ednuas. Hidromatic otimiza [&hellip;]\" \/>\n<meta property=\"og:url\" content=\"https:\/\/www.hidromatic.it\/pt-pt\/o-que-fazemos\/laboratorio-de-analises\/\" \/>\n<meta property=\"og:site_name\" content=\"Hidromatic srl - Esta\u00e7\u00f5es de tratamento de \u00e1gua\" \/>\n<meta property=\"article:publisher\" content=\"https:\/\/it-it.facebook.com\/HidromaticSrl\/\" \/>\n<meta property=\"article:modified_time\" content=\"2024-11-29T16:02:38+00:00\" \/>\n<meta name=\"twitter:card\" content=\"summary_large_image\" \/>\n<meta name=\"twitter:label1\" content=\"Tempo estimado de leitura\" \/>\n\t<meta name=\"twitter:data1\" content=\"3 minutos\" \/>\n<script type=\"application\/ld+json\" class=\"yoast-schema-graph\">{\"@context\":\"https:\\\/\\\/schema.org\",\"@graph\":[{\"@type\":\"WebPage\",\"@id\":\"https:\\\/\\\/www.hidromatic.it\\\/pt-pt\\\/o-que-fazemos\\\/laboratorio-de-analises\\\/\",\"url\":\"https:\\\/\\\/www.hidromatic.it\\\/pt-pt\\\/o-que-fazemos\\\/laboratorio-de-analises\\\/\",\"name\":\"Hidromatic srl - Esta\u00e7\u00f5es de tratamento de \u00e1gua - Plantas industriais e civis - LABORATORIO DE AN\u00c1LISES\",\"isPartOf\":{\"@id\":\"https:\\\/\\\/www.hidromatic.it\\\/#website\"},\"datePublished\":\"2017-01-12T11:19:57+00:00\",\"dateModified\":\"2024-11-29T16:02:38+00:00\",\"breadcrumb\":{\"@id\":\"https:\\\/\\\/www.hidromatic.it\\\/pt-pt\\\/o-que-fazemos\\\/laboratorio-de-analises\\\/#breadcrumb\"},\"inLanguage\":\"pt-PT\",\"potentialAction\":[{\"@type\":\"ReadAction\",\"target\":[\"https:\\\/\\\/www.hidromatic.it\\\/pt-pt\\\/o-que-fazemos\\\/laboratorio-de-analises\\\/\"]}]},{\"@type\":\"BreadcrumbList\",\"@id\":\"https:\\\/\\\/www.hidromatic.it\\\/pt-pt\\\/o-que-fazemos\\\/laboratorio-de-analises\\\/#breadcrumb\",\"itemListElement\":[{\"@type\":\"ListItem\",\"position\":1,\"name\":\"Home\",\"item\":\"https:\\\/\\\/www.hidromatic.it\\\/pt-pt\\\/\"},{\"@type\":\"ListItem\",\"position\":2,\"name\":\"O QUE FAZEMOS\",\"item\":\"https:\\\/\\\/www.hidromatic.it\\\/pt-pt\\\/o-que-fazemos\\\/\"},{\"@type\":\"ListItem\",\"position\":3,\"name\":\"LABORATORIO DE AN\u00c1LISES\"}]},{\"@type\":\"WebSite\",\"@id\":\"https:\\\/\\\/www.hidromatic.it\\\/#website\",\"url\":\"https:\\\/\\\/www.hidromatic.it\\\/\",\"name\":\"Hidromatic srl - Esta\u00e7\u00f5es de tratamento de \u00e1gua\",\"description\":\"Plantas industriais e civis\",\"potentialAction\":[{\"@type\":\"SearchAction\",\"target\":{\"@type\":\"EntryPoint\",\"urlTemplate\":\"https:\\\/\\\/www.hidromatic.it\\\/?s={search_term_string}\"},\"query-input\":{\"@type\":\"PropertyValueSpecification\",\"valueRequired\":true,\"valueName\":\"search_term_string\"}}],\"inLanguage\":\"pt-PT\"}]}<\/script>\n<!-- \/ Yoast SEO plugin. -->","yoast_head_json":{"title":"Hidromatic srl - Esta\u00e7\u00f5es de tratamento de \u00e1gua - Plantas industriais e civis - LABORATORIO DE AN\u00c1LISES","robots":{"index":"index","follow":"follow","max-snippet":"max-snippet:-1","max-image-preview":"max-image-preview:large","max-video-preview":"max-video-preview:-1"},"canonical":"https:\/\/www.hidromatic.it\/pt-pt\/o-que-fazemos\/laboratorio-de-analises\/","og_locale":"pt_PT","og_type":"article","og_title":"Hidromatic srl - Esta\u00e7\u00f5es de tratamento de \u00e1gua - Plantas industriais e civis - LABORATORIO DE AN\u00c1LISES","og_description":"ALTA TECNOLOGIA PARA GRANDES PROCESSOS Laboratorio de an\u00e1lise Melhorar a gest\u00e3o da \u00e1gua A \u00e1gua \u00e9 parte integrante de muitos processos dos nossos clientes, em v\u00e1rias \u00e1reas industriais, raz\u00e3o pela qual Hidromatic trabalha constantemente para contribuir \u00e0 melhor gest\u00e3o deste importante recurso, o controle de qualidade atrav\u00e9s de an\u00e1lises, monitora\u00e7\u00e3o e inspe\u00e7\u00f5es cont\u00ednuas. Hidromatic otimiza [&hellip;]","og_url":"https:\/\/www.hidromatic.it\/pt-pt\/o-que-fazemos\/laboratorio-de-analises\/","og_site_name":"Hidromatic srl - Esta\u00e7\u00f5es de tratamento de \u00e1gua","article_publisher":"https:\/\/it-it.facebook.com\/HidromaticSrl\/","article_modified_time":"2024-11-29T16:02:38+00:00","twitter_card":"summary_large_image","twitter_misc":{"Tempo estimado de leitura":"3 minutos"},"schema":{"@context":"https:\/\/schema.org","@graph":[{"@type":"WebPage","@id":"https:\/\/www.hidromatic.it\/pt-pt\/o-que-fazemos\/laboratorio-de-analises\/","url":"https:\/\/www.hidromatic.it\/pt-pt\/o-que-fazemos\/laboratorio-de-analises\/","name":"Hidromatic srl - Esta\u00e7\u00f5es de tratamento de \u00e1gua - Plantas industriais e civis - LABORATORIO DE AN\u00c1LISES","isPartOf":{"@id":"https:\/\/www.hidromatic.it\/#website"},"datePublished":"2017-01-12T11:19:57+00:00","dateModified":"2024-11-29T16:02:38+00:00","breadcrumb":{"@id":"https:\/\/www.hidromatic.it\/pt-pt\/o-que-fazemos\/laboratorio-de-analises\/#breadcrumb"},"inLanguage":"pt-PT","potentialAction":[{"@type":"ReadAction","target":["https:\/\/www.hidromatic.it\/pt-pt\/o-que-fazemos\/laboratorio-de-analises\/"]}]},{"@type":"BreadcrumbList","@id":"https:\/\/www.hidromatic.it\/pt-pt\/o-que-fazemos\/laboratorio-de-analises\/#breadcrumb","itemListElement":[{"@type":"ListItem","position":1,"name":"Home","item":"https:\/\/www.hidromatic.it\/pt-pt\/"},{"@type":"ListItem","position":2,"name":"O QUE FAZEMOS","item":"https:\/\/www.hidromatic.it\/pt-pt\/o-que-fazemos\/"},{"@type":"ListItem","position":3,"name":"LABORATORIO DE AN\u00c1LISES"}]},{"@type":"WebSite","@id":"https:\/\/www.hidromatic.it\/#website","url":"https:\/\/www.hidromatic.it\/","name":"Hidromatic srl - Esta\u00e7\u00f5es de tratamento de \u00e1gua","description":"Plantas industriais e civis","potentialAction":[{"@type":"SearchAction","target":{"@type":"EntryPoint","urlTemplate":"https:\/\/www.hidromatic.it\/?s={search_term_string}"},"query-input":{"@type":"PropertyValueSpecification","valueRequired":true,"valueName":"search_term_string"}}],"inLanguage":"pt-PT"}]}},"_links":{"self":[{"href":"https:\/\/www.hidromatic.it\/pt-pt\/wp-json\/wp\/v2\/pages\/2748","targetHints":{"allow":["GET"]}}],"collection":[{"href":"https:\/\/www.hidromatic.it\/pt-pt\/wp-json\/wp\/v2\/pages"}],"about":[{"href":"https:\/\/www.hidromatic.it\/pt-pt\/wp-json\/wp\/v2\/types\/page"}],"author":[{"embeddable":true,"href":"https:\/\/www.hidromatic.it\/pt-pt\/wp-json\/wp\/v2\/users\/3"}],"replies":[{"embeddable":true,"href":"https:\/\/www.hidromatic.it\/pt-pt\/wp-json\/wp\/v2\/comments?post=2748"}],"version-history":[{"count":5,"href":"https:\/\/www.hidromatic.it\/pt-pt\/wp-json\/wp\/v2\/pages\/2748\/revisions"}],"predecessor-version":[{"id":5708,"href":"https:\/\/www.hidromatic.it\/pt-pt\/wp-json\/wp\/v2\/pages\/2748\/revisions\/5708"}],"up":[{"embeddable":true,"href":"https:\/\/www.hidromatic.it\/pt-pt\/wp-json\/wp\/v2\/pages\/2551"}],"wp:attachment":[{"href":"https:\/\/www.hidromatic.it\/pt-pt\/wp-json\/wp\/v2\/media?parent=2748"}],"curies":[{"name":"wp","href":"https:\/\/api.w.org\/{rel}","templated":true}]}}