{"id":2826,"date":"2017-03-13T14:39:31","date_gmt":"2017-03-13T13:39:31","guid":{"rendered":"http:\/\/www.hidromatic.it\/fr\/infojobs\/"},"modified":"2024-11-29T16:15:24","modified_gmt":"2024-11-29T15:15:24","slug":"infojobs","status":"publish","type":"page","link":"https:\/\/www.hidromatic.it\/fr\/infojobs\/","title":{"rendered":"Infojobs"},"content":{"rendered":"<p>[et_pb_section fb_built=\u00a0\u00bb1&Prime; admin_label=\u00a0\u00bbSezione\u00a0\u00bb module_id=\u00a0\u00bbriga_2_contatti\u00a0\u00bb _builder_version=\u00a0\u00bb4.16&Prime; transparent_background=\u00a0\u00bboff\u00a0\u00bb make_fullwidth=\u00a0\u00bboff\u00a0\u00bb use_custom_width=\u00a0\u00bboff\u00a0\u00bb width_unit=\u00a0\u00bbon\u00a0\u00bb locked=\u00a0\u00bboff\u00a0\u00bb global_colors_info=\u00a0\u00bb{}\u00a0\u00bb][et_pb_row admin_label=\u00a0\u00bbRiga\u00a0\u00bb _builder_version=\u00a0\u00bb4.16&Prime; background_size=\u00a0\u00bbinitial\u00a0\u00bb background_position=\u00a0\u00bbtop_left\u00a0\u00bb background_repeat=\u00a0\u00bbrepeat\u00a0\u00bb global_colors_info=\u00a0\u00bb{}\u00a0\u00bb][et_pb_column type=\u00a0\u00bb4_4&Prime; _builder_version=\u00a0\u00bb4.16&Prime; custom_padding=\u00a0\u00bb|||\u00a0\u00bb global_colors_info=\u00a0\u00bb{}\u00a0\u00bb custom_padding__hover=\u00a0\u00bb|||\u00a0\u00bb][et_pb_divider show_divider=\u00a0\u00bboff\u00a0\u00bb disabled_on=\u00a0\u00bbon|on|off\u00a0\u00bb admin_label=\u00a0\u00bbModulo Separatore\u00a0\u00bb _builder_version=\u00a0\u00bb4.16&Prime; hide_on_mobile=\u00a0\u00bbon\u00a0\u00bb global_colors_info=\u00a0\u00bb{}\u00a0\u00bb][\/et_pb_divider][\/et_pb_column][\/et_pb_row][et_pb_row admin_label=\u00a0\u00bbRiga\u00a0\u00bb _builder_version=\u00a0\u00bb4.16&Prime; background_size=\u00a0\u00bbinitial\u00a0\u00bb background_position=\u00a0\u00bbtop_left\u00a0\u00bb background_repeat=\u00a0\u00bbrepeat\u00a0\u00bb global_colors_info=\u00a0\u00bb{}\u00a0\u00bb][et_pb_column type=\u00a0\u00bb4_4&Prime; _builder_version=\u00a0\u00bb4.16&Prime; custom_padding=\u00a0\u00bb|||\u00a0\u00bb global_colors_info=\u00a0\u00bb{}\u00a0\u00bb custom_padding__hover=\u00a0\u00bb|||\u00a0\u00bb][et_pb_text admin_label=\u00a0\u00bbTesto\u00a0\u00bb _builder_version=\u00a0\u00bb4.27.0&Prime; background_size=\u00a0\u00bbinitial\u00a0\u00bb background_position=\u00a0\u00bbtop_left\u00a0\u00bb background_repeat=\u00a0\u00bbrepeat\u00a0\u00bb hover_enabled=\u00a0\u00bb0&Prime; use_border_color=\u00a0\u00bboff\u00a0\u00bb border_color=\u00a0\u00bb#ffffff\u00a0\u00bb border_style=\u00a0\u00bbsolid\u00a0\u00bb global_colors_info=\u00a0\u00bb{}\u00a0\u00bb sticky_enabled=\u00a0\u00bb0&Prime;]<\/p>\n<div class=\"big-big green\">Infojobs<\/div>\n<p>[\/et_pb_text][et_pb_text admin_label=\u00a0\u00bbTesto\u00a0\u00bb _builder_version=\u00a0\u00bb4.16&Prime; background_size=\u00a0\u00bbinitial\u00a0\u00bb background_position=\u00a0\u00bbtop_left\u00a0\u00bb background_repeat=\u00a0\u00bbrepeat\u00a0\u00bb use_border_color=\u00a0\u00bboff\u00a0\u00bb border_color=\u00a0\u00bb#ffffff\u00a0\u00bb border_style=\u00a0\u00bbsolid\u00a0\u00bb global_colors_info=\u00a0\u00bb{}\u00a0\u00bb] \n<div class=\"wpcf7 no-js\" id=\"wpcf7-f2827-o1\" lang=\"it-IT\" dir=\"ltr\" data-wpcf7-id=\"2827\">\n<div class=\"screen-reader-response\"><p role=\"status\" aria-live=\"polite\" aria-atomic=\"true\"><\/p> <ul><\/ul><\/div>\n<form action=\"\/fr\/wp-json\/wp\/v2\/pages\/2826#wpcf7-f2827-o1\" method=\"post\" class=\"wpcf7-form init\" aria-label=\"Modulo di contatto\" enctype=\"multipart\/form-data\" novalidate=\"novalidate\" data-status=\"init\">\n<div style=\"display: none;\">\n<input type=\"hidden\" name=\"_wpcf7\" value=\"2827\" \/>\n<input type=\"hidden\" name=\"_wpcf7_version\" value=\"6.0.5\" \/>\n<input type=\"hidden\" name=\"_wpcf7_locale\" value=\"it_IT\" \/>\n<input type=\"hidden\" name=\"_wpcf7_unit_tag\" value=\"wpcf7-f2827-o1\" \/>\n<input type=\"hidden\" name=\"_wpcf7_container_post\" value=\"0\" \/>\n<input type=\"hidden\" name=\"_wpcf7_posted_data_hash\" value=\"\" \/>\n<input type=\"hidden\" name=\"_wpcf7_recaptcha_response\" value=\"\" \/>\n<\/div>\n<div class=\"strong-c\">\n\t<p>ENVOYEZ VOTRE CV\n\t<\/p>\n<\/div>\n<div class=\"contenitore-cf\">\n\t<div class=\"sx\">\n\t\t<p><span class=\"wpcf7-form-control-wrap\" data-name=\"your-name\"><input size=\"40\" maxlength=\"400\" class=\"wpcf7-form-control wpcf7-text wpcf7-validates-as-required\" aria-required=\"true\" aria-invalid=\"false\" placeholder=\"*Votre pr\u00e9nom\" value=\"\" type=\"text\" name=\"your-name\" \/><\/span>\n\t\t<\/p>\n\t<\/div>\n\t<div class=\"dx\">\n\t\t<p><span class=\"wpcf7-form-control-wrap\" data-name=\"your-cognome\"><input size=\"40\" maxlength=\"400\" class=\"wpcf7-form-control wpcf7-text wpcf7-validates-as-required\" aria-required=\"true\" aria-invalid=\"false\" placeholder=\"*Votre Nom\" value=\"\" type=\"text\" name=\"your-cognome\" \/><\/span>\n\t\t<\/p>\n\t<\/div>\n\t<div class=\"sx\">\n\t\t<p><span class=\"wpcf7-form-control-wrap\" data-name=\"your-email\"><input size=\"40\" maxlength=\"400\" class=\"wpcf7-form-control wpcf7-email wpcf7-validates-as-required wpcf7-text wpcf7-validates-as-email\" aria-required=\"true\" aria-invalid=\"false\" placeholder=\"*E-mail\" value=\"\" type=\"email\" name=\"your-email\" \/><\/span>\n\t\t<\/p>\n\t<\/div>\n\t<div class=\"dx\">\n\t\t<p><span class=\"wpcf7-form-control-wrap\" data-name=\"your-citta\"><input size=\"40\" maxlength=\"400\" class=\"wpcf7-form-control wpcf7-text wpcf7-validates-as-required\" aria-required=\"true\" aria-invalid=\"false\" placeholder=\"*Ville\" value=\"\" type=\"text\" name=\"your-citta\" \/><\/span>\n\t\t<\/p>\n\t<\/div>\n\t<div class=\"sx\">\n\t\t<p><span class=\"wpcf7-form-control-wrap\" data-name=\"your-provincia\"><input size=\"40\" maxlength=\"400\" class=\"wpcf7-form-control wpcf7-text wpcf7-validates-as-required\" aria-required=\"true\" aria-invalid=\"false\" placeholder=\"*D\u00e9partement\" value=\"\" type=\"text\" name=\"your-provincia\" \/><\/span>\n\t\t<\/p>\n\t<\/div>\n\t<div class=\"dx\">\n\t\t<p><span class=\"wpcf7-form-control-wrap\" data-name=\"your-nazione\"><input size=\"40\" maxlength=\"400\" class=\"wpcf7-form-control wpcf7-text wpcf7-validates-as-required\" aria-required=\"true\" aria-invalid=\"false\" placeholder=\"*Pays\" value=\"\" type=\"text\" name=\"your-nazione\" \/><\/span>\n\t\t<\/p>\n\t<\/div>\n\t<div class=\"sx\">\n\t\t<p><span class=\"wpcf7-form-control-wrap\" data-name=\"your-telefono\"><input size=\"40\" maxlength=\"400\" class=\"wpcf7-form-control wpcf7-text wpcf7-validates-as-required\" aria-required=\"true\" aria-invalid=\"false\" placeholder=\"*T\u00e9l\u00e9phone\" value=\"\" type=\"text\" name=\"your-telefono\" \/><\/span>\n\t\t<\/p>\n\t<\/div>\n\t<div class=\"sxdx cnt_curri\">\n\t\t<p>*CURRICULUM VITAE<br \/>\n<span class=\"wpcf7-form-control-wrap\" data-name=\"file-curri\"><input size=\"40\" class=\"wpcf7-form-control wpcf7-file wpcf7-validates-as-required\" accept=\".doc,.txt,.docx,.pdf,.zip,.rtf\" aria-required=\"true\" aria-invalid=\"false\" type=\"file\" name=\"file-curri\" \/><\/span>\n\t\t<\/p>\n\t<\/div>\n\t<div class=\"sxdx\">\n\t\t<p><span class=\"wpcf7-form-control-wrap\" data-name=\"your-message\"><textarea cols=\"40\" rows=\"10\" maxlength=\"2000\" class=\"wpcf7-form-control wpcf7-textarea wpcf7-validates-as-required\" aria-required=\"true\" aria-invalid=\"false\" placeholder=\"*Message\" name=\"your-message\"><\/textarea><\/span>\n\t\t<\/p>\n\t<\/div>\n\t<div class=\"privacy\">\n\t\t<p>Le traitement des donn\u00e9es \u00e0 caract\u00e8re personnel est effectu\u00e9 conform\u00e9ment au d\u00e9cret de la loi 196\/03. Les \u00e9ventuelles donn\u00e9es personnelles communiqu\u00e9es spontan\u00e9ment par les visiteurs pourront \u00eatre utilis\u00e9es par Hydromatics sur la base du consentement donn\u00e9 par ceux-ci. Pour l'utilisation des services sp\u00e9cifiques des visiteurs, une information appropri\u00e9e sera fournie et il sera demand\u00e9, le cas \u00e9ch\u00e9ant, le consentement au traitement des propres donn\u00e9es personnelles.\n\t\t<\/p>\n\t<\/div>\n\t<div class=\"accept\">\n\t\t<p><span class=\"wpcf7-form-control-wrap\" data-name=\"acceptance-834\"><span class=\"wpcf7-form-control wpcf7-acceptance\"><span class=\"wpcf7-list-item\"><input type=\"checkbox\" name=\"acceptance-834\" value=\"1\" class=\"accept-info\" aria-invalid=\"false\" \/><\/span><\/span><\/span><span>J'accepte la d\u00e9claration de confidentialit\u00e9<\/span>\n\t\t<\/p>\n\t<\/div>\n\n\t<p><input class=\"wpcf7-form-control wpcf7-submit has-spinner\" type=\"submit\" value=\"ENVOYER\" \/>\n\t<\/p>\n<\/div><input type='hidden' class='wpcf7-pum' value='{\"closepopup\":false,\"closedelay\":0,\"openpopup\":false,\"openpopup_id\":0}' \/><div class=\"wpcf7-response-output\" aria-hidden=\"true\"><\/div>\n<\/form>\n<\/div>\n [\/et_pb_text][\/et_pb_column][\/et_pb_row][\/et_pb_section]<\/p>\n","protected":false},"excerpt":{"rendered":"<p>Infojobs \n<div class=\"wpcf7 no-js\" id=\"wpcf7-f2827-o2\" lang=\"it-IT\" dir=\"ltr\" data-wpcf7-id=\"2827\">\n<div class=\"screen-reader-response\"><p role=\"status\" aria-live=\"polite\" aria-atomic=\"true\"><\/p> <ul><\/ul><\/div>\n<form action=\"\/fr\/wp-json\/wp\/v2\/pages\/2826#wpcf7-f2827-o2\" method=\"post\" class=\"wpcf7-form init\" aria-label=\"Modulo di contatto\" enctype=\"multipart\/form-data\" novalidate=\"novalidate\" data-status=\"init\">\n<div style=\"display: none;\">\n<input type=\"hidden\" name=\"_wpcf7\" value=\"2827\" \/>\n<input type=\"hidden\" name=\"_wpcf7_version\" value=\"6.0.5\" \/>\n<input type=\"hidden\" name=\"_wpcf7_locale\" value=\"it_IT\" \/>\n<input type=\"hidden\" name=\"_wpcf7_unit_tag\" value=\"wpcf7-f2827-o2\" \/>\n<input type=\"hidden\" name=\"_wpcf7_container_post\" value=\"0\" \/>\n<input type=\"hidden\" name=\"_wpcf7_posted_data_hash\" value=\"\" \/>\n<input type=\"hidden\" name=\"_wpcf7_recaptcha_response\" value=\"\" \/>\n<\/div>\n<div class=\"strong-c\">\n\t<p>ENVOYEZ VOTRE CV\n\t<\/p>\n<\/div>\n<div class=\"contenitore-cf\">\n\t<div class=\"sx\">\n\t\t<p><span class=\"wpcf7-form-control-wrap\" data-name=\"your-name\"><input size=\"40\" maxlength=\"400\" class=\"wpcf7-form-control wpcf7-text wpcf7-validates-as-required\" aria-required=\"true\" aria-invalid=\"false\" placeholder=\"*Votre pr\u00e9nom\" value=\"\" type=\"text\" name=\"your-name\" \/><\/span>\n\t\t<\/p>\n\t<\/div>\n\t<div class=\"dx\">\n\t\t<p><span class=\"wpcf7-form-control-wrap\" data-name=\"your-cognome\"><input size=\"40\" maxlength=\"400\" class=\"wpcf7-form-control wpcf7-text wpcf7-validates-as-required\" aria-required=\"true\" aria-invalid=\"false\" placeholder=\"*Votre Nom\" value=\"\" type=\"text\" name=\"your-cognome\" \/><\/span>\n\t\t<\/p>\n\t<\/div>\n\t<div class=\"sx\">\n\t\t<p><span class=\"wpcf7-form-control-wrap\" data-name=\"your-email\"><input size=\"40\" maxlength=\"400\" class=\"wpcf7-form-control wpcf7-email wpcf7-validates-as-required wpcf7-text wpcf7-validates-as-email\" aria-required=\"true\" aria-invalid=\"false\" placeholder=\"*E-mail\" value=\"\" type=\"email\" name=\"your-email\" \/><\/span>\n\t\t<\/p>\n\t<\/div>\n\t<div class=\"dx\">\n\t\t<p><span class=\"wpcf7-form-control-wrap\" data-name=\"your-citta\"><input size=\"40\" maxlength=\"400\" class=\"wpcf7-form-control wpcf7-text wpcf7-validates-as-required\" aria-required=\"true\" aria-invalid=\"false\" placeholder=\"*Ville\" value=\"\" type=\"text\" name=\"your-citta\" \/><\/span>\n\t\t<\/p>\n\t<\/div>\n\t<div class=\"sx\">\n\t\t<p><span class=\"wpcf7-form-control-wrap\" data-name=\"your-provincia\"><input size=\"40\" maxlength=\"400\" class=\"wpcf7-form-control wpcf7-text wpcf7-validates-as-required\" aria-required=\"true\" aria-invalid=\"false\" placeholder=\"*D\u00e9partement\" value=\"\" type=\"text\" name=\"your-provincia\" \/><\/span>\n\t\t<\/p>\n\t<\/div>\n\t<div class=\"dx\">\n\t\t<p><span class=\"wpcf7-form-control-wrap\" data-name=\"your-nazione\"><input size=\"40\" maxlength=\"400\" class=\"wpcf7-form-control wpcf7-text wpcf7-validates-as-required\" aria-required=\"true\" aria-invalid=\"false\" placeholder=\"*Pays\" value=\"\" type=\"text\" name=\"your-nazione\" \/><\/span>\n\t\t<\/p>\n\t<\/div>\n\t<div class=\"sx\">\n\t\t<p><span class=\"wpcf7-form-control-wrap\" data-name=\"your-telefono\"><input size=\"40\" maxlength=\"400\" class=\"wpcf7-form-control wpcf7-text wpcf7-validates-as-required\" aria-required=\"true\" aria-invalid=\"false\" placeholder=\"*T\u00e9l\u00e9phone\" value=\"\" type=\"text\" name=\"your-telefono\" \/><\/span>\n\t\t<\/p>\n\t<\/div>\n\t<div class=\"sxdx cnt_curri\">\n\t\t<p>*CURRICULUM VITAE<br \/>\n<span class=\"wpcf7-form-control-wrap\" data-name=\"file-curri\"><input size=\"40\" class=\"wpcf7-form-control wpcf7-file wpcf7-validates-as-required\" accept=\".doc,.txt,.docx,.pdf,.zip,.rtf\" aria-required=\"true\" aria-invalid=\"false\" type=\"file\" name=\"file-curri\" \/><\/span>\n\t\t<\/p>\n\t<\/div>\n\t<div class=\"sxdx\">\n\t\t<p><span class=\"wpcf7-form-control-wrap\" data-name=\"your-message\"><textarea cols=\"40\" rows=\"10\" maxlength=\"2000\" class=\"wpcf7-form-control wpcf7-textarea wpcf7-validates-as-required\" aria-required=\"true\" aria-invalid=\"false\" placeholder=\"*Message\" name=\"your-message\"><\/textarea><\/span>\n\t\t<\/p>\n\t<\/div>\n\t<div class=\"privacy\">\n\t\t<p>Le traitement des donn\u00e9es \u00e0 caract\u00e8re personnel est effectu\u00e9 conform\u00e9ment au d\u00e9cret de la loi 196\/03. Les \u00e9ventuelles donn\u00e9es personnelles communiqu\u00e9es spontan\u00e9ment par les visiteurs pourront \u00eatre utilis\u00e9es par Hydromatics sur la base du consentement donn\u00e9 par ceux-ci. Pour l'utilisation des services sp\u00e9cifiques des visiteurs, une information appropri\u00e9e sera fournie et il sera demand\u00e9, le cas \u00e9ch\u00e9ant, le consentement au traitement des propres donn\u00e9es personnelles.\n\t\t<\/p>\n\t<\/div>\n\t<div class=\"accept\">\n\t\t<p><span class=\"wpcf7-form-control-wrap\" data-name=\"acceptance-834\"><span class=\"wpcf7-form-control wpcf7-acceptance\"><span class=\"wpcf7-list-item\"><input type=\"checkbox\" name=\"acceptance-834\" value=\"1\" class=\"accept-info\" aria-invalid=\"false\" \/><\/span><\/span><\/span><span>J'accepte la d\u00e9claration de confidentialit\u00e9<\/span>\n\t\t<\/p>\n\t<\/div>\n\n\t<p><input class=\"wpcf7-form-control wpcf7-submit has-spinner\" type=\"submit\" value=\"ENVOYER\" \/>\n\t<\/p>\n<\/div><input type='hidden' class='wpcf7-pum' value='{\"closepopup\":false,\"closedelay\":0,\"openpopup\":false,\"openpopup_id\":0}' \/><div class=\"wpcf7-response-output\" aria-hidden=\"true\"><\/div>\n<\/form>\n<\/div>\n<\/p>\n","protected":false},"author":3,"featured_media":0,"parent":0,"menu_order":0,"comment_status":"closed","ping_status":"closed","template":"","meta":{"_et_pb_use_builder":"on","_et_pb_old_content":"","_et_gb_content_width":"","footnotes":""},"class_list":["post-2826","page","type-page","status-publish","hentry"],"yoast_head":"<!-- This site is optimized with the Yoast SEO plugin v24.7 - https:\/\/yoast.com\/wordpress\/plugins\/seo\/ -->\n<title>Hidromatic - eau traitement plants - +39059333139 - info@hidromatic.it<\/title>\n<meta name=\"description\" content=\"Hidromatic est une entreprise leader sur l\u2019eau d\u2019\u00e9puration, se trouve \u00e0 Mod\u00e8ne (Italie) en Via C. Della Chiesa 278 - +39059333139 - info@hidromatic.it\" \/>\n<meta name=\"robots\" content=\"index, follow, max-snippet:-1, max-image-preview:large, max-video-preview:-1\" \/>\n<link rel=\"canonical\" href=\"https:\/\/www.hidromatic.it\/fr\/infojobs\/\" \/>\n<meta property=\"og:locale\" content=\"fr_FR\" \/>\n<meta property=\"og:type\" content=\"article\" \/>\n<meta property=\"og:title\" content=\"Hidromatic - eau traitement plants - +39059333139 - info@hidromatic.it\" \/>\n<meta property=\"og:description\" content=\"Hidromatic est une entreprise leader sur l\u2019eau d\u2019\u00e9puration, se trouve \u00e0 Mod\u00e8ne (Italie) en Via C. Della Chiesa 278 - +39059333139 - info@hidromatic.it\" \/>\n<meta property=\"og:url\" content=\"https:\/\/www.hidromatic.it\/fr\/infojobs\/\" \/>\n<meta property=\"og:site_name\" content=\"HIDROMATIC srl - \u00c9puration des eaux\" \/>\n<meta property=\"article:publisher\" content=\"https:\/\/it-it.facebook.com\/HidromaticSrl\/\" \/>\n<meta property=\"article:modified_time\" content=\"2024-11-29T15:15:24+00:00\" \/>\n<meta name=\"twitter:card\" content=\"summary_large_image\" \/>\n<meta name=\"twitter:label1\" content=\"Dur\u00e9e de lecture estim\u00e9e\" \/>\n\t<meta name=\"twitter:data1\" content=\"1 minute\" \/>\n<script type=\"application\/ld+json\" class=\"yoast-schema-graph\">{\"@context\":\"https:\/\/schema.org\",\"@graph\":[{\"@type\":\"WebPage\",\"@id\":\"https:\/\/www.hidromatic.it\/fr\/infojobs\/\",\"url\":\"https:\/\/www.hidromatic.it\/fr\/infojobs\/\",\"name\":\"Hidromatic - eau traitement plants - +39059333139 - info@hidromatic.it\",\"isPartOf\":{\"@id\":\"https:\/\/www.hidromatic.it\/#website\"},\"datePublished\":\"2017-03-13T13:39:31+00:00\",\"dateModified\":\"2024-11-29T15:15:24+00:00\",\"description\":\"Hidromatic est une entreprise leader sur l\u2019eau d\u2019\u00e9puration, se trouve \u00e0 Mod\u00e8ne (Italie) en Via C. Della Chiesa 278 - +39059333139 - info@hidromatic.it\",\"breadcrumb\":{\"@id\":\"https:\/\/www.hidromatic.it\/fr\/infojobs\/#breadcrumb\"},\"inLanguage\":\"fr-FR\",\"potentialAction\":[{\"@type\":\"ReadAction\",\"target\":[\"https:\/\/www.hidromatic.it\/fr\/infojobs\/\"]}]},{\"@type\":\"BreadcrumbList\",\"@id\":\"https:\/\/www.hidromatic.it\/fr\/infojobs\/#breadcrumb\",\"itemListElement\":[{\"@type\":\"ListItem\",\"position\":1,\"name\":\"Home\",\"item\":\"https:\/\/www.hidromatic.it\/fr\/\"},{\"@type\":\"ListItem\",\"position\":2,\"name\":\"Infojobs\"}]},{\"@type\":\"WebSite\",\"@id\":\"https:\/\/www.hidromatic.it\/#website\",\"url\":\"https:\/\/www.hidromatic.it\/\",\"name\":\"HIDROMATIC srl - \u00c9puration des eaux\",\"description\":\"Plantes industrielles et civiles\",\"potentialAction\":[{\"@type\":\"SearchAction\",\"target\":{\"@type\":\"EntryPoint\",\"urlTemplate\":\"https:\/\/www.hidromatic.it\/?s={search_term_string}\"},\"query-input\":{\"@type\":\"PropertyValueSpecification\",\"valueRequired\":true,\"valueName\":\"search_term_string\"}}],\"inLanguage\":\"fr-FR\"}]}<\/script>\n<!-- \/ Yoast SEO plugin. -->","yoast_head_json":{"title":"Hidromatic - eau traitement plants - +39059333139 - info@hidromatic.it","description":"Hidromatic est une entreprise leader sur l\u2019eau d\u2019\u00e9puration, se trouve \u00e0 Mod\u00e8ne (Italie) en Via C. Della Chiesa 278 - +39059333139 - info@hidromatic.it","robots":{"index":"index","follow":"follow","max-snippet":"max-snippet:-1","max-image-preview":"max-image-preview:large","max-video-preview":"max-video-preview:-1"},"canonical":"https:\/\/www.hidromatic.it\/fr\/infojobs\/","og_locale":"fr_FR","og_type":"article","og_title":"Hidromatic - eau traitement plants - +39059333139 - info@hidromatic.it","og_description":"Hidromatic est une entreprise leader sur l\u2019eau d\u2019\u00e9puration, se trouve \u00e0 Mod\u00e8ne (Italie) en Via C. Della Chiesa 278 - +39059333139 - info@hidromatic.it","og_url":"https:\/\/www.hidromatic.it\/fr\/infojobs\/","og_site_name":"HIDROMATIC srl - \u00c9puration des eaux","article_publisher":"https:\/\/it-it.facebook.com\/HidromaticSrl\/","article_modified_time":"2024-11-29T15:15:24+00:00","twitter_card":"summary_large_image","twitter_misc":{"Dur\u00e9e de lecture estim\u00e9e":"1 minute"},"schema":{"@context":"https:\/\/schema.org","@graph":[{"@type":"WebPage","@id":"https:\/\/www.hidromatic.it\/fr\/infojobs\/","url":"https:\/\/www.hidromatic.it\/fr\/infojobs\/","name":"Hidromatic - eau traitement plants - +39059333139 - info@hidromatic.it","isPartOf":{"@id":"https:\/\/www.hidromatic.it\/#website"},"datePublished":"2017-03-13T13:39:31+00:00","dateModified":"2024-11-29T15:15:24+00:00","description":"Hidromatic est une entreprise leader sur l\u2019eau d\u2019\u00e9puration, se trouve \u00e0 Mod\u00e8ne (Italie) en Via C. Della Chiesa 278 - +39059333139 - info@hidromatic.it","breadcrumb":{"@id":"https:\/\/www.hidromatic.it\/fr\/infojobs\/#breadcrumb"},"inLanguage":"fr-FR","potentialAction":[{"@type":"ReadAction","target":["https:\/\/www.hidromatic.it\/fr\/infojobs\/"]}]},{"@type":"BreadcrumbList","@id":"https:\/\/www.hidromatic.it\/fr\/infojobs\/#breadcrumb","itemListElement":[{"@type":"ListItem","position":1,"name":"Home","item":"https:\/\/www.hidromatic.it\/fr\/"},{"@type":"ListItem","position":2,"name":"Infojobs"}]},{"@type":"WebSite","@id":"https:\/\/www.hidromatic.it\/#website","url":"https:\/\/www.hidromatic.it\/","name":"HIDROMATIC srl - \u00c9puration des eaux","description":"Plantes industrielles et civiles","potentialAction":[{"@type":"SearchAction","target":{"@type":"EntryPoint","urlTemplate":"https:\/\/www.hidromatic.it\/?s={search_term_string}"},"query-input":{"@type":"PropertyValueSpecification","valueRequired":true,"valueName":"search_term_string"}}],"inLanguage":"fr-FR"}]}},"_links":{"self":[{"href":"https:\/\/www.hidromatic.it\/fr\/wp-json\/wp\/v2\/pages\/2826","targetHints":{"allow":["GET"]}}],"collection":[{"href":"https:\/\/www.hidromatic.it\/fr\/wp-json\/wp\/v2\/pages"}],"about":[{"href":"https:\/\/www.hidromatic.it\/fr\/wp-json\/wp\/v2\/types\/page"}],"author":[{"embeddable":true,"href":"https:\/\/www.hidromatic.it\/fr\/wp-json\/wp\/v2\/users\/3"}],"replies":[{"embeddable":true,"href":"https:\/\/www.hidromatic.it\/fr\/wp-json\/wp\/v2\/comments?post=2826"}],"version-history":[{"count":8,"href":"https:\/\/www.hidromatic.it\/fr\/wp-json\/wp\/v2\/pages\/2826\/revisions"}],"predecessor-version":[{"id":5666,"href":"https:\/\/www.hidromatic.it\/fr\/wp-json\/wp\/v2\/pages\/2826\/revisions\/5666"}],"wp:attachment":[{"href":"https:\/\/www.hidromatic.it\/fr\/wp-json\/wp\/v2\/media?parent=2826"}],"curies":[{"name":"wp","href":"https:\/\/api.w.org\/{rel}","templated":true}]}}