{"id":2817,"date":"2017-01-12T12:17:10","date_gmt":"2017-01-12T11:17:10","guid":{"rendered":"http:\/\/www.hidromatic.it\/fr\/cosa-facciamo\/impianti-trattamento-acque-potabili\/"},"modified":"2024-11-29T16:01:24","modified_gmt":"2024-11-29T15:01:24","slug":"usines-de-traitement-de-leau-potable","status":"publish","type":"page","link":"https:\/\/www.hidromatic.it\/fr\/que-faisons-nous\/usines-de-traitement-de-leau-potable\/","title":{"rendered":"Conception"},"content":{"rendered":"<p>[et_pb_section fb_built=\u00a0\u00bb1&Prime; fullwidth=\u00a0\u00bbon\u00a0\u00bb admin_label=\u00a0\u00bbSezione\u00a0\u00bb _builder_version=\u00a0\u00bb4.16&Prime; transparent_background=\u00a0\u00bboff\u00a0\u00bb make_fullwidth=\u00a0\u00bboff\u00a0\u00bb use_custom_width=\u00a0\u00bboff\u00a0\u00bb width_unit=\u00a0\u00bbon\u00a0\u00bb global_colors_info=\u00a0\u00bb{}\u00a0\u00bb][et_pb_fullwidth_header header_fullscreen=\u00a0\u00bbon\u00a0\u00bb image_orientation=\u00a0\u00bbbottom\u00a0\u00bb content_max_width=\u00a0\u00bbnone\u00a0\u00bb admin_label=\u00a0\u00bbIntestazione a Larghezza Piena\u00a0\u00bb _builder_version=\u00a0\u00bb4.27.0&Prime; background_color=\u00a0\u00bbrgba(255, 255, 255, 0)\u00a0\u00bb background_image=\u00a0\u00bbhttps:\/\/www.hidromatic.it\/wp-content\/uploads\/2017\/01\/Progettazione_top.jpg\u00a0\u00bb background_layout=\u00a0\u00bblight\u00a0\u00bb hover_enabled=\u00a0\u00bb0&Prime; background_url=\u00a0\u00bbhttps:\/\/www.hidromatic.it\/wp-content\/uploads\/2017\/01\/Progettazione_top.jpg\u00a0\u00bb button_one_letter_spacing_hover=\u00a0\u00bb0&Prime; button_two_letter_spacing_hover=\u00a0\u00bb0&Prime; global_colors_info=\u00a0\u00bb{}\u00a0\u00bb button_one_text_size__hover_enabled=\u00a0\u00bboff\u00a0\u00bb button_two_text_size__hover_enabled=\u00a0\u00bboff\u00a0\u00bb button_one_text_color__hover_enabled=\u00a0\u00bboff\u00a0\u00bb button_two_text_color__hover_enabled=\u00a0\u00bboff\u00a0\u00bb button_one_border_width__hover_enabled=\u00a0\u00bboff\u00a0\u00bb button_two_border_width__hover_enabled=\u00a0\u00bboff\u00a0\u00bb button_one_border_color__hover_enabled=\u00a0\u00bboff\u00a0\u00bb button_two_border_color__hover_enabled=\u00a0\u00bboff\u00a0\u00bb button_one_border_radius__hover_enabled=\u00a0\u00bboff\u00a0\u00bb button_two_border_radius__hover_enabled=\u00a0\u00bboff\u00a0\u00bb button_one_letter_spacing__hover_enabled=\u00a0\u00bbon\u00a0\u00bb button_one_letter_spacing__hover=\u00a0\u00bb0&Prime; button_two_letter_spacing__hover_enabled=\u00a0\u00bbon\u00a0\u00bb button_two_letter_spacing__hover=\u00a0\u00bb0&Prime; button_one_bg_color__hover_enabled=\u00a0\u00bboff\u00a0\u00bb button_two_bg_color__hover_enabled=\u00a0\u00bboff\u00a0\u00bb sticky_enabled=\u00a0\u00bb0&Prime;]<\/p>\n<div class=\"contenitore-info-immagine-2\">\n<div><span>SOLUTIONS<\/span><\/div>\n<div><span>CL\u00c9 EN MAIN<\/span><\/div>\n<\/div>\n<p>[\/et_pb_fullwidth_header][\/et_pb_section][et_pb_section fb_built=\u00a0\u00bb1&Prime; admin_label=\u00a0\u00bbsection\u00a0\u00bb module_id=\u00a0\u00bbriga_1_home\u00a0\u00bb module_class=\u00a0\u00bbazienda\u00a0\u00bb _builder_version=\u00a0\u00bb4.16&Prime; transparent_background=\u00a0\u00bboff\u00a0\u00bb make_fullwidth=\u00a0\u00bboff\u00a0\u00bb use_custom_width=\u00a0\u00bboff\u00a0\u00bb width_unit=\u00a0\u00bbon\u00a0\u00bb global_colors_info=\u00a0\u00bb{}\u00a0\u00bb][et_pb_row admin_label=\u00a0\u00bbrow\u00a0\u00bb _builder_version=\u00a0\u00bb4.16&Prime; background_size=\u00a0\u00bbinitial\u00a0\u00bb background_position=\u00a0\u00bbtop_left\u00a0\u00bb background_repeat=\u00a0\u00bbrepeat\u00a0\u00bb global_colors_info=\u00a0\u00bb{}\u00a0\u00bb][et_pb_column type=\u00a0\u00bb4_4&Prime; _builder_version=\u00a0\u00bb4.16&Prime; custom_padding=\u00a0\u00bb|||\u00a0\u00bb global_colors_info=\u00a0\u00bb{}\u00a0\u00bb custom_padding__hover=\u00a0\u00bb|||\u00a0\u00bb][et_pb_text admin_label=\u00a0\u00bbTesto\u00a0\u00bb _builder_version=\u00a0\u00bb4.16&Prime; background_size=\u00a0\u00bbinitial\u00a0\u00bb background_position=\u00a0\u00bbtop_left\u00a0\u00bb background_repeat=\u00a0\u00bbrepeat\u00a0\u00bb use_border_color=\u00a0\u00bboff\u00a0\u00bb border_color=\u00a0\u00bb#ffffff\u00a0\u00bb border_style=\u00a0\u00bbsolid\u00a0\u00bb global_colors_info=\u00a0\u00bb{}\u00a0\u00bb]<\/p>\n<div>\n<div class=\"big-big green\">Conception<\/div>\n<div class=\"sub-big-big green\">Assistance, support et formation<\/div>\n<div class=\"testo\">La capacit\u00e9 de conception Hidromatic est \u00e0 m\u00eame de d\u00e9velopper et d&rsquo;offrir une ing\u00e9nierie cl\u00e9 en main dans le domaine de la r\u00e9alisation de grandes installations industrielles de traitement des eaux et dans la gestion cons\u00e9quente de m\u00eames circuits. La conception \u00e0 360\u00b0 pr\u00e9voit le d\u00e9veloppement de l&rsquo;id\u00e9e, sa ing\u00e9ni\u00e9risation, sa r\u00e9alisation ex\u00e9cutive et l&rsquo;essai sur le site avec la successive mise en fonctionnement. Hidromatic offre non seulement la conception structur\u00e9e mais aussi l&rsquo;approvisionnement des pi\u00e8ces de rechange relatives aux machines install\u00e9es, ainsi que le d\u00e9veloppement des ajournements et l&rsquo;assistance constante, garantissant des solutions planifi\u00e9es personnalis\u00e9es et des formations professionnelles.<\/div>\n<\/div>\n<p>[\/et_pb_text][\/et_pb_column][\/et_pb_row][\/et_pb_section][et_pb_section fb_built=\u00a0\u00bb1&Prime; admin_label=\u00a0\u00bbSezione\u00a0\u00bb module_id=\u00a0\u00bbcontenitore-blurb-prodotti-list\u00a0\u00bb _builder_version=\u00a0\u00bb4.16&Prime; transparent_background=\u00a0\u00bboff\u00a0\u00bb make_fullwidth=\u00a0\u00bboff\u00a0\u00bb use_custom_width=\u00a0\u00bboff\u00a0\u00bb width_unit=\u00a0\u00bbon\u00a0\u00bb global_colors_info=\u00a0\u00bb{}\u00a0\u00bb][et_pb_row admin_label=\u00a0\u00bbRiga\u00a0\u00bb _builder_version=\u00a0\u00bb4.16&Prime; background_size=\u00a0\u00bbinitial\u00a0\u00bb background_position=\u00a0\u00bbtop_left\u00a0\u00bb background_repeat=\u00a0\u00bbrepeat\u00a0\u00bb global_colors_info=\u00a0\u00bb{}\u00a0\u00bb column_structure=\u00a0\u00bb1_4,1_4,1_4,1_4&Prime;][et_pb_column type=\u00a0\u00bb1_4&Prime; _builder_version=\u00a0\u00bb4.16&Prime; custom_padding=\u00a0\u00bb|||\u00a0\u00bb global_colors_info=\u00a0\u00bb{}\u00a0\u00bb custom_padding__hover=\u00a0\u00bb|||\u00a0\u00bb][et_pb_divider show_divider=\u00a0\u00bboff\u00a0\u00bb disabled_on=\u00a0\u00bbon|on|off\u00a0\u00bb admin_label=\u00a0\u00bbModulo Separatore\u00a0\u00bb _builder_version=\u00a0\u00bb4.16&Prime; height=\u00a0\u00bb45px\u00a0\u00bb hide_on_mobile=\u00a0\u00bbon\u00a0\u00bb global_colors_info=\u00a0\u00bb{}\u00a0\u00bb] [\/et_pb_divider][\/et_pb_column][et_pb_column type=\u00a0\u00bb1_4&Prime; _builder_version=\u00a0\u00bb4.16&Prime; custom_padding=\u00a0\u00bb|||\u00a0\u00bb global_colors_info=\u00a0\u00bb{}\u00a0\u00bb custom_padding__hover=\u00a0\u00bb|||\u00a0\u00bb][et_pb_divider show_divider=\u00a0\u00bboff\u00a0\u00bb disabled_on=\u00a0\u00bbon|on|off\u00a0\u00bb admin_label=\u00a0\u00bbModulo Separatore\u00a0\u00bb _builder_version=\u00a0\u00bb4.16&Prime; height=\u00a0\u00bb45px\u00a0\u00bb hide_on_mobile=\u00a0\u00bbon\u00a0\u00bb global_colors_info=\u00a0\u00bb{}\u00a0\u00bb] [\/et_pb_divider][\/et_pb_column][et_pb_column type=\u00a0\u00bb1_4&Prime; _builder_version=\u00a0\u00bb4.16&Prime; custom_padding=\u00a0\u00bb|||\u00a0\u00bb global_colors_info=\u00a0\u00bb{}\u00a0\u00bb custom_padding__hover=\u00a0\u00bb|||\u00a0\u00bb][et_pb_divider show_divider=\u00a0\u00bboff\u00a0\u00bb disabled_on=\u00a0\u00bbon|on|off\u00a0\u00bb admin_label=\u00a0\u00bbModulo Separatore\u00a0\u00bb _builder_version=\u00a0\u00bb4.16&Prime; height=\u00a0\u00bb45px\u00a0\u00bb hide_on_mobile=\u00a0\u00bbon\u00a0\u00bb global_colors_info=\u00a0\u00bb{}\u00a0\u00bb] [\/et_pb_divider][\/et_pb_column][et_pb_column type=\u00a0\u00bb1_4&Prime; _builder_version=\u00a0\u00bb4.16&Prime; custom_padding=\u00a0\u00bb|||\u00a0\u00bb global_colors_info=\u00a0\u00bb{}\u00a0\u00bb custom_padding__hover=\u00a0\u00bb|||\u00a0\u00bb][et_pb_divider show_divider=\u00a0\u00bboff\u00a0\u00bb disabled_on=\u00a0\u00bbon|on|off\u00a0\u00bb admin_label=\u00a0\u00bbModulo Separatore\u00a0\u00bb _builder_version=\u00a0\u00bb4.16&Prime; height=\u00a0\u00bb45px\u00a0\u00bb hide_on_mobile=\u00a0\u00bbon\u00a0\u00bb global_colors_info=\u00a0\u00bb{}\u00a0\u00bb] [\/et_pb_divider][\/et_pb_column][\/et_pb_row][et_pb_row admin_label=\u00a0\u00bbRiga\u00a0\u00bb _builder_version=\u00a0\u00bb4.16&Prime; background_size=\u00a0\u00bbinitial\u00a0\u00bb background_position=\u00a0\u00bbtop_left\u00a0\u00bb background_repeat=\u00a0\u00bbrepeat\u00a0\u00bb global_colors_info=\u00a0\u00bb{}\u00a0\u00bb][et_pb_column type=\u00a0\u00bb4_4&Prime; _builder_version=\u00a0\u00bb4.16&Prime; custom_padding=\u00a0\u00bb|||\u00a0\u00bb global_colors_info=\u00a0\u00bb{}\u00a0\u00bb custom_padding__hover=\u00a0\u00bb|||\u00a0\u00bb][et_pb_blurb title=\u00a0\u00bbGRANDES STATIONS\u00a0\u00bb url=\u00a0\u00bb\/fr\/que-faisons-nous\/eaux-industrielles-depuration\/\u00a0\u00bb image=\u00a0\u00bbhttps:\/\/www.hidromatic.it\/wp-content\/uploads\/2017\/01\/traspa_png.png\u00a0\u00bb image_icon_width=\u00a0\u00bbnone\u00a0\u00bb admin_label=\u00a0\u00bbBlurb\u00a0\u00bb module_id=\u00a0\u00bbblurb_p1&Prime; module_class=\u00a0\u00bbblurb-1-sesto\u00a0\u00bb _builder_version=\u00a0\u00bb4.16&Prime; background_size=\u00a0\u00bbinitial\u00a0\u00bb background_position=\u00a0\u00bbtop_left\u00a0\u00bb background_repeat=\u00a0\u00bbrepeat\u00a0\u00bb text_orientation=\u00a0\u00bbcenter\u00a0\u00bb use_border_color=\u00a0\u00bboff\u00a0\u00bb border_color=\u00a0\u00bb#ffffff\u00a0\u00bb border_style=\u00a0\u00bbsolid\u00a0\u00bb image_max_width=\u00a0\u00bbnone\u00a0\u00bb use_circle=\u00a0\u00bboff\u00a0\u00bb use_circle_border=\u00a0\u00bboff\u00a0\u00bb circle_border_color=\u00a0\u00bb#7EBEC5&Prime; circle_color=\u00a0\u00bb#7EBEC5&Prime; global_colors_info=\u00a0\u00bb{}\u00a0\u00bb] [\/et_pb_blurb][et_pb_blurb title=\u00a0\u00bbSTATIONS STANDARDS\u00a0\u00bb url=\u00a0\u00bb\/fr\/que-faisons-nous\/stations-depuration\/\u00a0\u00bb image=\u00a0\u00bbhttps:\/\/www.hidromatic.it\/wp-content\/uploads\/2017\/01\/traspa_png.png\u00a0\u00bb image_icon_width=\u00a0\u00bbnone\u00a0\u00bb admin_label=\u00a0\u00bbBlurb\u00a0\u00bb module_id=\u00a0\u00bbblurb_p2&Prime; module_class=\u00a0\u00bbblurb-1-sesto\u00a0\u00bb _builder_version=\u00a0\u00bb4.16&Prime; background_size=\u00a0\u00bbinitial\u00a0\u00bb background_position=\u00a0\u00bbtop_left\u00a0\u00bb background_repeat=\u00a0\u00bbrepeat\u00a0\u00bb text_orientation=\u00a0\u00bbcenter\u00a0\u00bb use_border_color=\u00a0\u00bboff\u00a0\u00bb border_color=\u00a0\u00bb#ffffff\u00a0\u00bb border_style=\u00a0\u00bbsolid\u00a0\u00bb image_max_width=\u00a0\u00bbnone\u00a0\u00bb use_circle=\u00a0\u00bboff\u00a0\u00bb use_circle_border=\u00a0\u00bboff\u00a0\u00bb circle_border_color=\u00a0\u00bb#7EBEC5&Prime; circle_color=\u00a0\u00bb#7EBEC5&Prime; global_colors_info=\u00a0\u00bb{}\u00a0\u00bb] [\/et_pb_blurb][et_pb_blurb title=\u00a0\u00bbPRODUITS CHIMIQUES\u00a0\u00bb url=\u00a0\u00bb\/fr\/que-faisons-nous\/installations-de-traitement-chimique-de-leau\/\u00a0\u00bb image=\u00a0\u00bbhttps:\/\/www.hidromatic.it\/wp-content\/uploads\/2017\/01\/traspa_png.png\u00a0\u00bb image_icon_width=\u00a0\u00bbnone\u00a0\u00bb admin_label=\u00a0\u00bbBlurb\u00a0\u00bb module_id=\u00a0\u00bbblurb_p3&Prime; module_class=\u00a0\u00bbblurb-1-sesto\u00a0\u00bb _builder_version=\u00a0\u00bb4.16&Prime; background_size=\u00a0\u00bbinitial\u00a0\u00bb background_position=\u00a0\u00bbtop_left\u00a0\u00bb background_repeat=\u00a0\u00bbrepeat\u00a0\u00bb text_orientation=\u00a0\u00bbcenter\u00a0\u00bb use_border_color=\u00a0\u00bboff\u00a0\u00bb border_color=\u00a0\u00bb#ffffff\u00a0\u00bb border_style=\u00a0\u00bbsolid\u00a0\u00bb image_max_width=\u00a0\u00bbnone\u00a0\u00bb use_circle=\u00a0\u00bboff\u00a0\u00bb use_circle_border=\u00a0\u00bboff\u00a0\u00bb circle_border_color=\u00a0\u00bb#7EBEC5&Prime; circle_color=\u00a0\u00bb#7EBEC5&Prime; global_colors_info=\u00a0\u00bb{}\u00a0\u00bb] [\/et_pb_blurb][et_pb_blurb title=\u00a0\u00bbCONCEPTION\u00a0\u00bb url=\u00a0\u00bb\/fr\/que-faisons-nous\/usines-de-traitement-de-leau-potable\/\u00a0\u00bb image=\u00a0\u00bbhttps:\/\/www.hidromatic.it\/wp-content\/uploads\/2017\/01\/traspa_png.png\u00a0\u00bb image_icon_width=\u00a0\u00bbnone\u00a0\u00bb admin_label=\u00a0\u00bbBlurb\u00a0\u00bb module_id=\u00a0\u00bbblurb_p4&Prime; module_class=\u00a0\u00bbblurb-1-sesto\u00a0\u00bb _builder_version=\u00a0\u00bb4.16&Prime; background_size=\u00a0\u00bbinitial\u00a0\u00bb background_position=\u00a0\u00bbtop_left\u00a0\u00bb background_repeat=\u00a0\u00bbrepeat\u00a0\u00bb text_orientation=\u00a0\u00bbcenter\u00a0\u00bb use_border_color=\u00a0\u00bboff\u00a0\u00bb border_color=\u00a0\u00bb#ffffff\u00a0\u00bb border_style=\u00a0\u00bbsolid\u00a0\u00bb image_max_width=\u00a0\u00bbnone\u00a0\u00bb use_circle=\u00a0\u00bboff\u00a0\u00bb use_circle_border=\u00a0\u00bboff\u00a0\u00bb circle_border_color=\u00a0\u00bb#7EBEC5&Prime; circle_color=\u00a0\u00bb#7EBEC5&Prime; global_colors_info=\u00a0\u00bb{}\u00a0\u00bb] [\/et_pb_blurb][et_pb_blurb title=\u00a0\u00bbLABORATOIRE ANALYSES\u00a0\u00bb url=\u00a0\u00bb\/fr\/que-faisons-nous\/analyse-chimique-physique-et-biologique-de-leau\/\u00a0\u00bb image=\u00a0\u00bbhttps:\/\/www.hidromatic.it\/wp-content\/uploads\/2017\/01\/traspa_png.png\u00a0\u00bb image_icon_width=\u00a0\u00bbnone\u00a0\u00bb admin_label=\u00a0\u00bbBlurb\u00a0\u00bb module_id=\u00a0\u00bbblurb_p5&Prime; module_class=\u00a0\u00bbblurb-1-sesto\u00a0\u00bb _builder_version=\u00a0\u00bb4.16&Prime; background_size=\u00a0\u00bbinitial\u00a0\u00bb background_position=\u00a0\u00bbtop_left\u00a0\u00bb background_repeat=\u00a0\u00bbrepeat\u00a0\u00bb text_orientation=\u00a0\u00bbcenter\u00a0\u00bb use_border_color=\u00a0\u00bboff\u00a0\u00bb border_color=\u00a0\u00bb#ffffff\u00a0\u00bb border_style=\u00a0\u00bbsolid\u00a0\u00bb image_max_width=\u00a0\u00bbnone\u00a0\u00bb use_circle=\u00a0\u00bboff\u00a0\u00bb use_circle_border=\u00a0\u00bboff\u00a0\u00bb circle_border_color=\u00a0\u00bb#7EBEC5&Prime; circle_color=\u00a0\u00bb#7EBEC5&Prime; global_colors_info=\u00a0\u00bb{}\u00a0\u00bb] [\/et_pb_blurb][et_pb_blurb title=\u00a0\u00bbASSISTANCE\u00a0\u00bb url=\u00a0\u00bb\/fr\/que-faisons-nous\/assistance-entretien-de-plante-pour-le-traitement-l-eau\/\u00a0\u00bb image=\u00a0\u00bbhttps:\/\/www.hidromatic.it\/wp-content\/uploads\/2017\/01\/traspa_png.png\u00a0\u00bb image_icon_width=\u00a0\u00bbnone\u00a0\u00bb admin_label=\u00a0\u00bbBlurb\u00a0\u00bb module_id=\u00a0\u00bbblurb_p6&Prime; module_class=\u00a0\u00bbblurb-1-sesto\u00a0\u00bb _builder_version=\u00a0\u00bb4.16&Prime; background_size=\u00a0\u00bbinitial\u00a0\u00bb background_position=\u00a0\u00bbtop_left\u00a0\u00bb background_repeat=\u00a0\u00bbrepeat\u00a0\u00bb text_orientation=\u00a0\u00bbcenter\u00a0\u00bb use_border_color=\u00a0\u00bboff\u00a0\u00bb border_color=\u00a0\u00bb#ffffff\u00a0\u00bb border_style=\u00a0\u00bbsolid\u00a0\u00bb image_max_width=\u00a0\u00bbnone\u00a0\u00bb use_circle=\u00a0\u00bboff\u00a0\u00bb use_circle_border=\u00a0\u00bboff\u00a0\u00bb circle_border_color=\u00a0\u00bb#7EBEC5&Prime; circle_color=\u00a0\u00bb#7EBEC5&Prime; global_colors_info=\u00a0\u00bb{}\u00a0\u00bb] [\/et_pb_blurb][\/et_pb_column][\/et_pb_row][\/et_pb_section]<\/p>\n","protected":false},"excerpt":{"rendered":"<p>SOLUTIONS CL\u00c9 EN MAIN Conception Assistance, support et formation La capacit\u00e9 de conception Hidromatic est \u00e0 m\u00eame de d\u00e9velopper et d&rsquo;offrir une ing\u00e9nierie cl\u00e9 en main dans le domaine de la r\u00e9alisation de grandes installations industrielles de traitement des eaux et dans la gestion cons\u00e9quente de m\u00eames circuits. La conception \u00e0 360\u00b0 pr\u00e9voit le d\u00e9veloppement [&hellip;]<\/p>\n","protected":false},"author":3,"featured_media":0,"parent":2805,"menu_order":0,"comment_status":"closed","ping_status":"closed","template":"","meta":{"_et_pb_use_builder":"on","_et_pb_old_content":"","_et_gb_content_width":"","footnotes":""},"class_list":["post-2817","page","type-page","status-publish","hentry"],"yoast_head":"<!-- This site is optimized with the Yoast SEO plugin v24.7 - https:\/\/yoast.com\/wordpress\/plugins\/seo\/ -->\n<title>Traitement de l\u2019eau potable plantes - Hidromatic - Conception<\/title>\n<meta name=\"description\" content=\"Hidromatic fournit des technologies pour la conception et la r\u00e9alisation d\u2019installations industrielles et civiles pour le traitement de l\u2019eau potable pour plus de 60 ans.\" \/>\n<meta name=\"robots\" content=\"index, follow, max-snippet:-1, max-image-preview:large, max-video-preview:-1\" \/>\n<link rel=\"canonical\" href=\"https:\/\/www.hidromatic.it\/fr\/que-faisons-nous\/usines-de-traitement-de-leau-potable\/\" \/>\n<meta property=\"og:locale\" content=\"fr_FR\" \/>\n<meta property=\"og:type\" content=\"article\" \/>\n<meta property=\"og:title\" content=\"Traitement de l\u2019eau potable plantes - Hidromatic - Conception\" \/>\n<meta property=\"og:description\" content=\"Hidromatic fournit des technologies pour la conception et la r\u00e9alisation d\u2019installations industrielles et civiles pour le traitement de l\u2019eau potable pour plus de 60 ans.\" \/>\n<meta property=\"og:url\" content=\"https:\/\/www.hidromatic.it\/fr\/que-faisons-nous\/usines-de-traitement-de-leau-potable\/\" \/>\n<meta property=\"og:site_name\" content=\"HIDROMATIC srl - \u00c9puration des eaux\" \/>\n<meta property=\"article:publisher\" content=\"https:\/\/it-it.facebook.com\/HidromaticSrl\/\" \/>\n<meta property=\"article:modified_time\" content=\"2024-11-29T15:01:24+00:00\" \/>\n<meta name=\"twitter:card\" content=\"summary_large_image\" \/>\n<meta name=\"twitter:label1\" content=\"Dur\u00e9e de lecture estim\u00e9e\" \/>\n\t<meta name=\"twitter:data1\" content=\"2 minutes\" \/>\n<script type=\"application\/ld+json\" class=\"yoast-schema-graph\">{\"@context\":\"https:\/\/schema.org\",\"@graph\":[{\"@type\":\"WebPage\",\"@id\":\"https:\/\/www.hidromatic.it\/fr\/que-faisons-nous\/usines-de-traitement-de-leau-potable\/\",\"url\":\"https:\/\/www.hidromatic.it\/fr\/que-faisons-nous\/usines-de-traitement-de-leau-potable\/\",\"name\":\"Traitement de l\u2019eau potable plantes - Hidromatic - Conception\",\"isPartOf\":{\"@id\":\"https:\/\/www.hidromatic.it\/#website\"},\"datePublished\":\"2017-01-12T11:17:10+00:00\",\"dateModified\":\"2024-11-29T15:01:24+00:00\",\"description\":\"Hidromatic fournit des technologies pour la conception et la r\u00e9alisation d\u2019installations industrielles et civiles pour le traitement de l\u2019eau potable pour plus de 60 ans.\",\"breadcrumb\":{\"@id\":\"https:\/\/www.hidromatic.it\/fr\/que-faisons-nous\/usines-de-traitement-de-leau-potable\/#breadcrumb\"},\"inLanguage\":\"fr-FR\",\"potentialAction\":[{\"@type\":\"ReadAction\",\"target\":[\"https:\/\/www.hidromatic.it\/fr\/que-faisons-nous\/usines-de-traitement-de-leau-potable\/\"]}]},{\"@type\":\"BreadcrumbList\",\"@id\":\"https:\/\/www.hidromatic.it\/fr\/que-faisons-nous\/usines-de-traitement-de-leau-potable\/#breadcrumb\",\"itemListElement\":[{\"@type\":\"ListItem\",\"position\":1,\"name\":\"Home\",\"item\":\"https:\/\/www.hidromatic.it\/fr\/\"},{\"@type\":\"ListItem\",\"position\":2,\"name\":\"QUE FAISONS-NOUS\",\"item\":\"https:\/\/www.hidromatic.it\/fr\/que-faisons-nous\/\"},{\"@type\":\"ListItem\",\"position\":3,\"name\":\"Conception\"}]},{\"@type\":\"WebSite\",\"@id\":\"https:\/\/www.hidromatic.it\/#website\",\"url\":\"https:\/\/www.hidromatic.it\/\",\"name\":\"HIDROMATIC srl - \u00c9puration des eaux\",\"description\":\"Plantes industrielles et civiles\",\"potentialAction\":[{\"@type\":\"SearchAction\",\"target\":{\"@type\":\"EntryPoint\",\"urlTemplate\":\"https:\/\/www.hidromatic.it\/?s={search_term_string}\"},\"query-input\":{\"@type\":\"PropertyValueSpecification\",\"valueRequired\":true,\"valueName\":\"search_term_string\"}}],\"inLanguage\":\"fr-FR\"}]}<\/script>\n<!-- \/ Yoast SEO plugin. -->","yoast_head_json":{"title":"Traitement de l\u2019eau potable plantes - Hidromatic - Conception","description":"Hidromatic fournit des technologies pour la conception et la r\u00e9alisation d\u2019installations industrielles et civiles pour le traitement de l\u2019eau potable pour plus de 60 ans.","robots":{"index":"index","follow":"follow","max-snippet":"max-snippet:-1","max-image-preview":"max-image-preview:large","max-video-preview":"max-video-preview:-1"},"canonical":"https:\/\/www.hidromatic.it\/fr\/que-faisons-nous\/usines-de-traitement-de-leau-potable\/","og_locale":"fr_FR","og_type":"article","og_title":"Traitement de l\u2019eau potable plantes - Hidromatic - Conception","og_description":"Hidromatic fournit des technologies pour la conception et la r\u00e9alisation d\u2019installations industrielles et civiles pour le traitement de l\u2019eau potable pour plus de 60 ans.","og_url":"https:\/\/www.hidromatic.it\/fr\/que-faisons-nous\/usines-de-traitement-de-leau-potable\/","og_site_name":"HIDROMATIC srl - \u00c9puration des eaux","article_publisher":"https:\/\/it-it.facebook.com\/HidromaticSrl\/","article_modified_time":"2024-11-29T15:01:24+00:00","twitter_card":"summary_large_image","twitter_misc":{"Dur\u00e9e de lecture estim\u00e9e":"2 minutes"},"schema":{"@context":"https:\/\/schema.org","@graph":[{"@type":"WebPage","@id":"https:\/\/www.hidromatic.it\/fr\/que-faisons-nous\/usines-de-traitement-de-leau-potable\/","url":"https:\/\/www.hidromatic.it\/fr\/que-faisons-nous\/usines-de-traitement-de-leau-potable\/","name":"Traitement de l\u2019eau potable plantes - Hidromatic - Conception","isPartOf":{"@id":"https:\/\/www.hidromatic.it\/#website"},"datePublished":"2017-01-12T11:17:10+00:00","dateModified":"2024-11-29T15:01:24+00:00","description":"Hidromatic fournit des technologies pour la conception et la r\u00e9alisation d\u2019installations industrielles et civiles pour le traitement de l\u2019eau potable pour plus de 60 ans.","breadcrumb":{"@id":"https:\/\/www.hidromatic.it\/fr\/que-faisons-nous\/usines-de-traitement-de-leau-potable\/#breadcrumb"},"inLanguage":"fr-FR","potentialAction":[{"@type":"ReadAction","target":["https:\/\/www.hidromatic.it\/fr\/que-faisons-nous\/usines-de-traitement-de-leau-potable\/"]}]},{"@type":"BreadcrumbList","@id":"https:\/\/www.hidromatic.it\/fr\/que-faisons-nous\/usines-de-traitement-de-leau-potable\/#breadcrumb","itemListElement":[{"@type":"ListItem","position":1,"name":"Home","item":"https:\/\/www.hidromatic.it\/fr\/"},{"@type":"ListItem","position":2,"name":"QUE FAISONS-NOUS","item":"https:\/\/www.hidromatic.it\/fr\/que-faisons-nous\/"},{"@type":"ListItem","position":3,"name":"Conception"}]},{"@type":"WebSite","@id":"https:\/\/www.hidromatic.it\/#website","url":"https:\/\/www.hidromatic.it\/","name":"HIDROMATIC srl - \u00c9puration des eaux","description":"Plantes industrielles et civiles","potentialAction":[{"@type":"SearchAction","target":{"@type":"EntryPoint","urlTemplate":"https:\/\/www.hidromatic.it\/?s={search_term_string}"},"query-input":{"@type":"PropertyValueSpecification","valueRequired":true,"valueName":"search_term_string"}}],"inLanguage":"fr-FR"}]}},"_links":{"self":[{"href":"https:\/\/www.hidromatic.it\/fr\/wp-json\/wp\/v2\/pages\/2817","targetHints":{"allow":["GET"]}}],"collection":[{"href":"https:\/\/www.hidromatic.it\/fr\/wp-json\/wp\/v2\/pages"}],"about":[{"href":"https:\/\/www.hidromatic.it\/fr\/wp-json\/wp\/v2\/types\/page"}],"author":[{"embeddable":true,"href":"https:\/\/www.hidromatic.it\/fr\/wp-json\/wp\/v2\/users\/3"}],"replies":[{"embeddable":true,"href":"https:\/\/www.hidromatic.it\/fr\/wp-json\/wp\/v2\/comments?post=2817"}],"version-history":[{"count":5,"href":"https:\/\/www.hidromatic.it\/fr\/wp-json\/wp\/v2\/pages\/2817\/revisions"}],"predecessor-version":[{"id":5653,"href":"https:\/\/www.hidromatic.it\/fr\/wp-json\/wp\/v2\/pages\/2817\/revisions\/5653"}],"up":[{"embeddable":true,"href":"https:\/\/www.hidromatic.it\/fr\/wp-json\/wp\/v2\/pages\/2805"}],"wp:attachment":[{"href":"https:\/\/www.hidromatic.it\/fr\/wp-json\/wp\/v2\/media?parent=2817"}],"curies":[{"name":"wp","href":"https:\/\/api.w.org\/{rel}","templated":true}]}}