{"id":2791,"date":"2017-01-16T17:03:02","date_gmt":"2017-01-16T16:03:02","guid":{"rendered":"http:\/\/www.hidromatic.it\/fr\/azienda\/ricerca-e-sviluppo\/"},"modified":"2024-11-29T15:57:23","modified_gmt":"2024-11-29T14:57:23","slug":"recherche-et-developpement","status":"publish","type":"page","link":"https:\/\/www.hidromatic.it\/fr\/traitement-d-eau-plantes\/recherche-et-developpement\/","title":{"rendered":"RECHERCHE ET D\u00c9VELOPPEMENT"},"content":{"rendered":"<p>[et_pb_section fb_built=\u00a0\u00bb1&Prime; fullwidth=\u00a0\u00bbon\u00a0\u00bb admin_label=\u00a0\u00bbSezione\u00a0\u00bb _builder_version=\u00a0\u00bb4.16&Prime; global_colors_info=\u00a0\u00bb{}\u00a0\u00bb][et_pb_fullwidth_header header_fullscreen=\u00a0\u00bbon\u00a0\u00bb image_orientation=\u00a0\u00bbbottom\u00a0\u00bb content_max_width=\u00a0\u00bbnone\u00a0\u00bb admin_label=\u00a0\u00bbIntestazione a Larghezza Piena\u00a0\u00bb _builder_version=\u00a0\u00bb4.16&Prime; background_color=\u00a0\u00bbrgba(255, 255, 255, 0)\u00a0\u00bb background_image=\u00a0\u00bbhttps:\/\/www.hidromatic.it\/wp-content\/uploads\/2017\/01\/top-ricercasviluppo.jpg\u00a0\u00bb background_layout=\u00a0\u00bblight\u00a0\u00bb background_url=\u00a0\u00bbhttps:\/\/www.hidromatic.it\/wp-content\/uploads\/2017\/01\/top-ricercasviluppo.jpg\u00a0\u00bb button_one_letter_spacing_hover=\u00a0\u00bb0&Prime; button_two_letter_spacing_hover=\u00a0\u00bb0&Prime; global_colors_info=\u00a0\u00bb{}\u00a0\u00bb button_one_text_size__hover_enabled=\u00a0\u00bboff\u00a0\u00bb button_two_text_size__hover_enabled=\u00a0\u00bboff\u00a0\u00bb button_one_text_color__hover_enabled=\u00a0\u00bboff\u00a0\u00bb button_two_text_color__hover_enabled=\u00a0\u00bboff\u00a0\u00bb button_one_border_width__hover_enabled=\u00a0\u00bboff\u00a0\u00bb button_two_border_width__hover_enabled=\u00a0\u00bboff\u00a0\u00bb button_one_border_color__hover_enabled=\u00a0\u00bboff\u00a0\u00bb button_two_border_color__hover_enabled=\u00a0\u00bboff\u00a0\u00bb button_one_border_radius__hover_enabled=\u00a0\u00bboff\u00a0\u00bb button_two_border_radius__hover_enabled=\u00a0\u00bboff\u00a0\u00bb button_one_letter_spacing__hover_enabled=\u00a0\u00bbon\u00a0\u00bb button_one_letter_spacing__hover=\u00a0\u00bb0&Prime; button_two_letter_spacing__hover_enabled=\u00a0\u00bbon\u00a0\u00bb button_two_letter_spacing__hover=\u00a0\u00bb0&Prime; button_one_bg_color__hover_enabled=\u00a0\u00bboff\u00a0\u00bb button_two_bg_color__hover_enabled=\u00a0\u00bboff\u00a0\u00bb]<\/p>\n<div class=\"contenitore-info-immagine-2\">\n<div><span>PROT\u00c9GER<\/span><\/div>\n<div><span>POUR AM\u00c9LIORER<\/span><\/div>\n<\/div>\n<p>[\/et_pb_fullwidth_header][\/et_pb_section][et_pb_section fb_built=\u00a0\u00bb1&Prime; admin_label=\u00a0\u00bbsection\u00a0\u00bb module_id=\u00a0\u00bbriga_1_home\u00a0\u00bb module_class=\u00a0\u00bbazienda\u00a0\u00bb _builder_version=\u00a0\u00bb4.16&Prime; transparent_background=\u00a0\u00bboff\u00a0\u00bb make_fullwidth=\u00a0\u00bboff\u00a0\u00bb use_custom_width=\u00a0\u00bboff\u00a0\u00bb width_unit=\u00a0\u00bbon\u00a0\u00bb global_colors_info=\u00a0\u00bb{}\u00a0\u00bb][et_pb_row admin_label=\u00a0\u00bbrow\u00a0\u00bb _builder_version=\u00a0\u00bb4.16&Prime; background_size=\u00a0\u00bbinitial\u00a0\u00bb background_position=\u00a0\u00bbtop_left\u00a0\u00bb background_repeat=\u00a0\u00bbrepeat\u00a0\u00bb global_colors_info=\u00a0\u00bb{}\u00a0\u00bb][et_pb_column type=\u00a0\u00bb4_4&Prime; _builder_version=\u00a0\u00bb4.16&Prime; custom_padding=\u00a0\u00bb|||\u00a0\u00bb global_colors_info=\u00a0\u00bb{}\u00a0\u00bb custom_padding__hover=\u00a0\u00bb|||\u00a0\u00bb][et_pb_text admin_label=\u00a0\u00bbTesto\u00a0\u00bb _builder_version=\u00a0\u00bb4.16&Prime; background_size=\u00a0\u00bbinitial\u00a0\u00bb background_position=\u00a0\u00bbtop_left\u00a0\u00bb background_repeat=\u00a0\u00bbrepeat\u00a0\u00bb use_border_color=\u00a0\u00bboff\u00a0\u00bb border_color=\u00a0\u00bb#ffffff\u00a0\u00bb border_style=\u00a0\u00bbsolid\u00a0\u00bb global_colors_info=\u00a0\u00bb{}\u00a0\u00bb]<\/p>\n<div>\n<div class=\"big-big green\">RECHERCHE ET D\u00c9VELOPPEMENT<\/div>\n<div class=\"sub-big-big green\">Hidromatic, c&rsquo;est la capacit\u00e9 de conception<\/div>\n<div class=\"testo\">Nous mettons \u00e0 la disposition du Client une gamme ample de services, de l&rsquo;\u00e9tude de fiabilit\u00e9 \u00e0 la conception d\u00e9taill\u00e9e des stations de traitement des eaux, de la gestion des ressources \u00e0 l&rsquo;assistance op\u00e9rative. Nos ing\u00e9nieurs et techniciens, de capacit\u00e9 indubitable, sont constamment engag\u00e9s en premi\u00e8re ligne dans l&rsquo;innovation technologique, dans le but d&rsquo;unir avec synergie, processus, fonctions, projets et installations industrielles dans le domaine du traitement des eaux, en recherchant l&rsquo;optimisation continue des prestations et l&rsquo;ajournement du projet.<\/div>\n<\/div>\n<p>[\/et_pb_text][\/et_pb_column][\/et_pb_row][\/et_pb_section][et_pb_section fb_built=\u00a0\u00bb1&Prime; admin_label=\u00a0\u00bbSezione\u00a0\u00bb module_id=\u00a0\u00bbriga_3_home\u00a0\u00bb module_class=\u00a0\u00bbazienda\u00a0\u00bb _builder_version=\u00a0\u00bb4.16&Prime; background_color=\u00a0\u00bbrgba(255,255,255,0)\u00a0\u00bb background_image=\u00a0\u00bbhttps:\/\/www.hidromatic.it\/wp-content\/uploads\/2017\/01\/bg_innovazione_02.jpg\u00a0\u00bb parallax=\u00a0\u00bbon\u00a0\u00bb parallax_method=\u00a0\u00bboff\u00a0\u00bb transparent_background=\u00a0\u00bbon\u00a0\u00bb make_fullwidth=\u00a0\u00bboff\u00a0\u00bb use_custom_width=\u00a0\u00bboff\u00a0\u00bb width_unit=\u00a0\u00bbon\u00a0\u00bb global_colors_info=\u00a0\u00bb{}\u00a0\u00bb][et_pb_row admin_label=\u00a0\u00bbRiga\u00a0\u00bb _builder_version=\u00a0\u00bb4.16&Prime; background_size=\u00a0\u00bbinitial\u00a0\u00bb background_position=\u00a0\u00bbtop_left\u00a0\u00bb background_repeat=\u00a0\u00bbrepeat\u00a0\u00bb global_colors_info=\u00a0\u00bb{}\u00a0\u00bb][et_pb_column type=\u00a0\u00bb4_4&Prime; _builder_version=\u00a0\u00bb4.16&Prime; custom_padding=\u00a0\u00bb|||\u00a0\u00bb global_colors_info=\u00a0\u00bb{}\u00a0\u00bb custom_padding__hover=\u00a0\u00bb|||\u00a0\u00bb][et_pb_divider show_divider=\u00a0\u00bboff\u00a0\u00bb admin_label=\u00a0\u00bbModulo Separatore\u00a0\u00bb module_class=\u00a0\u00bbbig-separatore\u00a0\u00bb _builder_version=\u00a0\u00bb4.16&Prime; hide_on_mobile=\u00a0\u00bboff\u00a0\u00bb global_colors_info=\u00a0\u00bb{}\u00a0\u00bb][\/et_pb_divider][\/et_pb_column][\/et_pb_row][et_pb_row admin_label=\u00a0\u00bbRiga\u00a0\u00bb _builder_version=\u00a0\u00bb4.16&Prime; background_size=\u00a0\u00bbinitial\u00a0\u00bb background_position=\u00a0\u00bbtop_left\u00a0\u00bb background_repeat=\u00a0\u00bbrepeat\u00a0\u00bb global_colors_info=\u00a0\u00bb{}\u00a0\u00bb][et_pb_column type=\u00a0\u00bb4_4&Prime; _builder_version=\u00a0\u00bb4.16&Prime; custom_padding=\u00a0\u00bb|||\u00a0\u00bb global_colors_info=\u00a0\u00bb{}\u00a0\u00bb custom_padding__hover=\u00a0\u00bb|||\u00a0\u00bb][et_pb_text admin_label=\u00a0\u00bbTesto\u00a0\u00bb _builder_version=\u00a0\u00bb4.16&Prime; background_size=\u00a0\u00bbinitial\u00a0\u00bb background_position=\u00a0\u00bbtop_left\u00a0\u00bb background_repeat=\u00a0\u00bbrepeat\u00a0\u00bb use_border_color=\u00a0\u00bboff\u00a0\u00bb border_color=\u00a0\u00bb#ffffff\u00a0\u00bb border_style=\u00a0\u00bbsolid\u00a0\u00bb global_colors_info=\u00a0\u00bb{}\u00a0\u00bb]<\/p>\n<div>\n<div class=\"big-big bianco\">INNOVATION<\/div>\n<div class=\"big-big stretto-stretto bianco\">Pour accro\u00eetre et faire progresser<\/div>\n<div class=\"testo bianco\">Hidromatic, avec son leadership technologique, demande \u00e0 ses employ\u00e9s et chercheurs un fort engagement pour individualiser, entretenir, prot\u00e9ger et faire progresser les technologies les plus innovantes, de mani\u00e8re \u00e0 satisfaire les exigences toujours plus complexes des clients d&rsquo;aujourd&rsquo;hui et du futur.<\/div>\n<\/div>\n<p>[\/et_pb_text][\/et_pb_column][\/et_pb_row][\/et_pb_section]<\/p>\n","protected":false},"excerpt":{"rendered":"<p>PROT\u00c9GER POUR AM\u00c9LIORER RECHERCHE ET D\u00c9VELOPPEMENT Hidromatic, c&rsquo;est la capacit\u00e9 de conception Nous mettons \u00e0 la disposition du Client une gamme ample de services, de l&rsquo;\u00e9tude de fiabilit\u00e9 \u00e0 la conception d\u00e9taill\u00e9e des stations de traitement des eaux, de la gestion des ressources \u00e0 l&rsquo;assistance op\u00e9rative. Nos ing\u00e9nieurs et techniciens, de capacit\u00e9 indubitable, sont constamment [&hellip;]<\/p>\n","protected":false},"author":3,"featured_media":0,"parent":2782,"menu_order":0,"comment_status":"closed","ping_status":"closed","template":"","meta":{"_et_pb_use_builder":"on","_et_pb_old_content":"","_et_gb_content_width":"","footnotes":""},"class_list":["post-2791","page","type-page","status-publish","hentry"],"yoast_head":"<!-- This site is optimized with the Yoast SEO plugin v27.4 - https:\/\/yoast.com\/product\/yoast-seo-wordpress\/ -->\n<title>Traitement de l\u2019eau plantes - recherche et d\u00e9veloppement - hidromatic<\/title>\n<meta name=\"description\" content=\"HIDROMATIC est la capacit\u00e9 de conception-nous offrir au client un large \u00e9ventail de services, Etude et conception en d\u00e9tail des installations.\" \/>\n<meta name=\"robots\" content=\"index, follow, max-snippet:-1, max-image-preview:large, max-video-preview:-1\" \/>\n<link rel=\"canonical\" href=\"https:\/\/www.hidromatic.it\/fr\/traitement-d-eau-plantes\/recherche-et-developpement\/\" \/>\n<meta property=\"og:locale\" content=\"fr_FR\" \/>\n<meta property=\"og:type\" content=\"article\" \/>\n<meta property=\"og:title\" content=\"Traitement de l\u2019eau plantes - recherche et d\u00e9veloppement - hidromatic\" \/>\n<meta property=\"og:description\" content=\"HIDROMATIC est la capacit\u00e9 de conception-nous offrir au client un large \u00e9ventail de services, Etude et conception en d\u00e9tail des installations.\" \/>\n<meta property=\"og:url\" content=\"https:\/\/www.hidromatic.it\/fr\/traitement-d-eau-plantes\/recherche-et-developpement\/\" \/>\n<meta property=\"og:site_name\" content=\"HIDROMATIC srl - \u00c9puration des eaux\" \/>\n<meta property=\"article:publisher\" content=\"https:\/\/it-it.facebook.com\/HidromaticSrl\/\" \/>\n<meta property=\"article:modified_time\" content=\"2024-11-29T14:57:23+00:00\" \/>\n<meta name=\"twitter:card\" content=\"summary_large_image\" \/>\n<meta name=\"twitter:label1\" content=\"Dur\u00e9e de lecture estim\u00e9e\" \/>\n\t<meta name=\"twitter:data1\" content=\"2 minutes\" \/>\n<script type=\"application\/ld+json\" class=\"yoast-schema-graph\">{\"@context\":\"https:\\\/\\\/schema.org\",\"@graph\":[{\"@type\":\"WebPage\",\"@id\":\"https:\\\/\\\/www.hidromatic.it\\\/fr\\\/traitement-d-eau-plantes\\\/recherche-et-developpement\\\/\",\"url\":\"https:\\\/\\\/www.hidromatic.it\\\/fr\\\/traitement-d-eau-plantes\\\/recherche-et-developpement\\\/\",\"name\":\"Traitement de l\u2019eau plantes - recherche et d\u00e9veloppement - hidromatic\",\"isPartOf\":{\"@id\":\"https:\\\/\\\/www.hidromatic.it\\\/#website\"},\"datePublished\":\"2017-01-16T16:03:02+00:00\",\"dateModified\":\"2024-11-29T14:57:23+00:00\",\"description\":\"HIDROMATIC est la capacit\u00e9 de conception-nous offrir au client un large \u00e9ventail de services, Etude et conception en d\u00e9tail des installations.\",\"breadcrumb\":{\"@id\":\"https:\\\/\\\/www.hidromatic.it\\\/fr\\\/traitement-d-eau-plantes\\\/recherche-et-developpement\\\/#breadcrumb\"},\"inLanguage\":\"fr-FR\",\"potentialAction\":[{\"@type\":\"ReadAction\",\"target\":[\"https:\\\/\\\/www.hidromatic.it\\\/fr\\\/traitement-d-eau-plantes\\\/recherche-et-developpement\\\/\"]}]},{\"@type\":\"BreadcrumbList\",\"@id\":\"https:\\\/\\\/www.hidromatic.it\\\/fr\\\/traitement-d-eau-plantes\\\/recherche-et-developpement\\\/#breadcrumb\",\"itemListElement\":[{\"@type\":\"ListItem\",\"position\":1,\"name\":\"Home\",\"item\":\"https:\\\/\\\/www.hidromatic.it\\\/fr\\\/\"},{\"@type\":\"ListItem\",\"position\":2,\"name\":\"ENTREPRISE\",\"item\":\"https:\\\/\\\/www.hidromatic.it\\\/fr\\\/traitement-d-eau-plantes\\\/\"},{\"@type\":\"ListItem\",\"position\":3,\"name\":\"RECHERCHE ET D\u00c9VELOPPEMENT\"}]},{\"@type\":\"WebSite\",\"@id\":\"https:\\\/\\\/www.hidromatic.it\\\/#website\",\"url\":\"https:\\\/\\\/www.hidromatic.it\\\/\",\"name\":\"HIDROMATIC srl - \u00c9puration des eaux\",\"description\":\"Plantes industrielles et civiles\",\"potentialAction\":[{\"@type\":\"SearchAction\",\"target\":{\"@type\":\"EntryPoint\",\"urlTemplate\":\"https:\\\/\\\/www.hidromatic.it\\\/?s={search_term_string}\"},\"query-input\":{\"@type\":\"PropertyValueSpecification\",\"valueRequired\":true,\"valueName\":\"search_term_string\"}}],\"inLanguage\":\"fr-FR\"}]}<\/script>\n<!-- \/ Yoast SEO plugin. -->","yoast_head_json":{"title":"Traitement de l\u2019eau plantes - recherche et d\u00e9veloppement - hidromatic","description":"HIDROMATIC est la capacit\u00e9 de conception-nous offrir au client un large \u00e9ventail de services, Etude et conception en d\u00e9tail des installations.","robots":{"index":"index","follow":"follow","max-snippet":"max-snippet:-1","max-image-preview":"max-image-preview:large","max-video-preview":"max-video-preview:-1"},"canonical":"https:\/\/www.hidromatic.it\/fr\/traitement-d-eau-plantes\/recherche-et-developpement\/","og_locale":"fr_FR","og_type":"article","og_title":"Traitement de l\u2019eau plantes - recherche et d\u00e9veloppement - hidromatic","og_description":"HIDROMATIC est la capacit\u00e9 de conception-nous offrir au client un large \u00e9ventail de services, Etude et conception en d\u00e9tail des installations.","og_url":"https:\/\/www.hidromatic.it\/fr\/traitement-d-eau-plantes\/recherche-et-developpement\/","og_site_name":"HIDROMATIC srl - \u00c9puration des eaux","article_publisher":"https:\/\/it-it.facebook.com\/HidromaticSrl\/","article_modified_time":"2024-11-29T14:57:23+00:00","twitter_card":"summary_large_image","twitter_misc":{"Dur\u00e9e de lecture estim\u00e9e":"2 minutes"},"schema":{"@context":"https:\/\/schema.org","@graph":[{"@type":"WebPage","@id":"https:\/\/www.hidromatic.it\/fr\/traitement-d-eau-plantes\/recherche-et-developpement\/","url":"https:\/\/www.hidromatic.it\/fr\/traitement-d-eau-plantes\/recherche-et-developpement\/","name":"Traitement de l\u2019eau plantes - recherche et d\u00e9veloppement - hidromatic","isPartOf":{"@id":"https:\/\/www.hidromatic.it\/#website"},"datePublished":"2017-01-16T16:03:02+00:00","dateModified":"2024-11-29T14:57:23+00:00","description":"HIDROMATIC est la capacit\u00e9 de conception-nous offrir au client un large \u00e9ventail de services, Etude et conception en d\u00e9tail des installations.","breadcrumb":{"@id":"https:\/\/www.hidromatic.it\/fr\/traitement-d-eau-plantes\/recherche-et-developpement\/#breadcrumb"},"inLanguage":"fr-FR","potentialAction":[{"@type":"ReadAction","target":["https:\/\/www.hidromatic.it\/fr\/traitement-d-eau-plantes\/recherche-et-developpement\/"]}]},{"@type":"BreadcrumbList","@id":"https:\/\/www.hidromatic.it\/fr\/traitement-d-eau-plantes\/recherche-et-developpement\/#breadcrumb","itemListElement":[{"@type":"ListItem","position":1,"name":"Home","item":"https:\/\/www.hidromatic.it\/fr\/"},{"@type":"ListItem","position":2,"name":"ENTREPRISE","item":"https:\/\/www.hidromatic.it\/fr\/traitement-d-eau-plantes\/"},{"@type":"ListItem","position":3,"name":"RECHERCHE ET D\u00c9VELOPPEMENT"}]},{"@type":"WebSite","@id":"https:\/\/www.hidromatic.it\/#website","url":"https:\/\/www.hidromatic.it\/","name":"HIDROMATIC srl - \u00c9puration des eaux","description":"Plantes industrielles et civiles","potentialAction":[{"@type":"SearchAction","target":{"@type":"EntryPoint","urlTemplate":"https:\/\/www.hidromatic.it\/?s={search_term_string}"},"query-input":{"@type":"PropertyValueSpecification","valueRequired":true,"valueName":"search_term_string"}}],"inLanguage":"fr-FR"}]}},"_links":{"self":[{"href":"https:\/\/www.hidromatic.it\/fr\/wp-json\/wp\/v2\/pages\/2791","targetHints":{"allow":["GET"]}}],"collection":[{"href":"https:\/\/www.hidromatic.it\/fr\/wp-json\/wp\/v2\/pages"}],"about":[{"href":"https:\/\/www.hidromatic.it\/fr\/wp-json\/wp\/v2\/types\/page"}],"author":[{"embeddable":true,"href":"https:\/\/www.hidromatic.it\/fr\/wp-json\/wp\/v2\/users\/3"}],"replies":[{"embeddable":true,"href":"https:\/\/www.hidromatic.it\/fr\/wp-json\/wp\/v2\/comments?post=2791"}],"version-history":[{"count":4,"href":"https:\/\/www.hidromatic.it\/fr\/wp-json\/wp\/v2\/pages\/2791\/revisions"}],"predecessor-version":[{"id":5647,"href":"https:\/\/www.hidromatic.it\/fr\/wp-json\/wp\/v2\/pages\/2791\/revisions\/5647"}],"up":[{"embeddable":true,"href":"https:\/\/www.hidromatic.it\/fr\/wp-json\/wp\/v2\/pages\/2782"}],"wp:attachment":[{"href":"https:\/\/www.hidromatic.it\/fr\/wp-json\/wp\/v2\/media?parent=2791"}],"curies":[{"name":"wp","href":"https:\/\/api.w.org\/{rel}","templated":true}]}}