{"id":2788,"date":"2017-01-16T16:54:28","date_gmt":"2017-01-16T15:54:28","guid":{"rendered":"http:\/\/www.hidromatic.it\/fr\/azienda\/responsability\/"},"modified":"2017-05-11T10:38:10","modified_gmt":"2017-05-11T08:38:10","slug":"responsabilite","status":"publish","type":"page","link":"https:\/\/www.hidromatic.it\/fr\/traitement-d-eau-plantes\/responsabilite\/","title":{"rendered":"RESPONSABILIT\u00c9"},"content":{"rendered":"<p>[et_pb_section admin_label=\u00a0\u00bbSezione\u00a0\u00bb fullwidth=\u00a0\u00bbon\u00a0\u00bb specialty=\u00a0\u00bboff\u00a0\u00bb][et_pb_fullwidth_header admin_label=\u00a0\u00bbIntestazione a Larghezza Piena\u00a0\u00bb background_layout=\u00a0\u00bblight\u00a0\u00bb text_orientation=\u00a0\u00bbleft\u00a0\u00bb header_fullscreen=\u00a0\u00bbon\u00a0\u00bb header_scroll_down=\u00a0\u00bboff\u00a0\u00bb parallax=\u00a0\u00bboff\u00a0\u00bb parallax_method=\u00a0\u00bboff\u00a0\u00bb content_orientation=\u00a0\u00bbcenter\u00a0\u00bb image_orientation=\u00a0\u00bbbottom\u00a0\u00bb custom_button_one=\u00a0\u00bboff\u00a0\u00bb button_one_letter_spacing=\u00a0\u00bb0&Prime; button_one_use_icon=\u00a0\u00bbdefault\u00a0\u00bb button_one_icon_placement=\u00a0\u00bbright\u00a0\u00bb button_one_on_hover=\u00a0\u00bbon\u00a0\u00bb button_one_letter_spacing_hover=\u00a0\u00bb0&Prime; custom_button_two=\u00a0\u00bboff\u00a0\u00bb button_two_letter_spacing=\u00a0\u00bb0&Prime; button_two_use_icon=\u00a0\u00bbdefault\u00a0\u00bb button_two_icon_placement=\u00a0\u00bbright\u00a0\u00bb button_two_on_hover=\u00a0\u00bbon\u00a0\u00bb button_two_letter_spacing_hover=\u00a0\u00bb0&Prime; background_url=\u00a0\u00bbhttp:\/\/www.hidromatic.it\/wp-content\/uploads\/2017\/01\/top-responsability.jpg\u00a0\u00bb]<\/p>\n<div class=\"contenitore-info-immagine-2\">\n<div><span>NOTRE ENVIRONNEMENT<\/span><\/div>\n<div><span>EN DE BONNES MAINS<\/span><\/div>\n<\/div>\n<p>[\/et_pb_fullwidth_header][\/et_pb_section][et_pb_section admin_label=\u00a0\u00bbsection\u00a0\u00bb transparent_background=\u00a0\u00bboff\u00a0\u00bb allow_player_pause=\u00a0\u00bboff\u00a0\u00bb inner_shadow=\u00a0\u00bboff\u00a0\u00bb parallax=\u00a0\u00bboff\u00a0\u00bb parallax_method=\u00a0\u00bboff\u00a0\u00bb make_fullwidth=\u00a0\u00bboff\u00a0\u00bb use_custom_width=\u00a0\u00bboff\u00a0\u00bb width_unit=\u00a0\u00bbon\u00a0\u00bb make_equal=\u00a0\u00bboff\u00a0\u00bb use_custom_gutter=\u00a0\u00bboff\u00a0\u00bb module_id=\u00a0\u00bbriga_1_home\u00a0\u00bb module_class=\u00a0\u00bbazienda\u00a0\u00bb][et_pb_row admin_label=\u00a0\u00bbrow\u00a0\u00bb][et_pb_column type=\u00a0\u00bb4_4&Prime;][et_pb_text admin_label=\u00a0\u00bbTesto\u00a0\u00bb background_layout=\u00a0\u00bblight\u00a0\u00bb text_orientation=\u00a0\u00bbleft\u00a0\u00bb use_border_color=\u00a0\u00bboff\u00a0\u00bb border_color=\u00a0\u00bb#ffffff\u00a0\u00bb border_style=\u00a0\u00bbsolid\u00a0\u00bb]<\/p>\n<div>\n<div class=\"big-big green\">RESPONSABILIT\u00c9<\/div>\n<div class=\"sub-big-big green\">Pour Hidromatic, le monde de demain est \u00ab\u00a0Aujourd&rsquo;hui\u00a0\u00bb<\/div>\n<div class=\"testo\">Prot\u00e9ger et valoriser les ressources hydriques de notre \u00e9cosyst\u00e8me a toujours \u00e9t\u00e9 une priorit\u00e9 pour Hidromatic. Notre longue et solide exp\u00e9rience dans le traitement des eaux us\u00e9es et il know-how dans la conception de projets et d&rsquo;installations industrielles servent de pilier pour l&rsquo;\u00e9tude et l&rsquo;application de nouvelles technologies. En constante collaboration avec les instituts de recherche, nous nous engageons dans la r\u00e9alisation de produits et proc\u00e9d\u00e9s pouvant simplifier et rendre toujours plus efficace le traitement des eaux pour un environnement durable maximum.<\/div>\n<\/div>\n<p>[\/et_pb_text][\/et_pb_column][\/et_pb_row][\/et_pb_section][et_pb_section admin_label=\u00a0\u00bbSezione\u00a0\u00bb fullwidth=\u00a0\u00bboff\u00a0\u00bb specialty=\u00a0\u00bboff\u00a0\u00bb transparent_background=\u00a0\u00bbon\u00a0\u00bb allow_player_pause=\u00a0\u00bboff\u00a0\u00bb inner_shadow=\u00a0\u00bboff\u00a0\u00bb parallax=\u00a0\u00bbon\u00a0\u00bb parallax_method=\u00a0\u00bboff\u00a0\u00bb make_fullwidth=\u00a0\u00bboff\u00a0\u00bb use_custom_width=\u00a0\u00bboff\u00a0\u00bb width_unit=\u00a0\u00bbon\u00a0\u00bb make_equal=\u00a0\u00bboff\u00a0\u00bb use_custom_gutter=\u00a0\u00bboff\u00a0\u00bb module_id=\u00a0\u00bbriga_3_home\u00a0\u00bb background_image=\u00a0\u00bbhttp:\/\/www.hidromatic.it\/wp-content\/uploads\/2017\/01\/bg_erba.jpg\u00a0\u00bb module_class=\u00a0\u00bbazienda\u00a0\u00bb][et_pb_row admin_label=\u00a0\u00bbRiga\u00a0\u00bb][et_pb_column type=\u00a0\u00bb4_4&Prime;][et_pb_divider admin_label=\u00a0\u00bbModulo Separatore\u00a0\u00bb color=\u00a0\u00bb#ffffff\u00a0\u00bb show_divider=\u00a0\u00bboff\u00a0\u00bb divider_style=\u00a0\u00bbsolid\u00a0\u00bb divider_position=\u00a0\u00bbtop\u00a0\u00bb hide_on_mobile=\u00a0\u00bboff\u00a0\u00bb module_class=\u00a0\u00bbbig-separatore\u00a0\u00bb]<\/p>\n<p>[\/et_pb_divider][\/et_pb_column][\/et_pb_row][et_pb_row admin_label=\u00a0\u00bbRiga\u00a0\u00bb][et_pb_column type=\u00a0\u00bb4_4&Prime;][et_pb_text admin_label=\u00a0\u00bbTesto\u00a0\u00bb background_layout=\u00a0\u00bblight\u00a0\u00bb text_orientation=\u00a0\u00bbleft\u00a0\u00bb use_border_color=\u00a0\u00bboff\u00a0\u00bb border_color=\u00a0\u00bb#ffffff\u00a0\u00bb border_style=\u00a0\u00bbsolid\u00a0\u00bb]<\/p>\n<div>\n<div class=\"big-big bianco\">L\u2019EAU<\/div>\n<div class=\"big-big stretto-stretto bianco\">La juste valeur aux choses<\/div>\n<div class=\"testo bianco\">L&rsquo;eau est parmi les ressources les plus importantes dans pratiquement toutes les activit\u00e9s industrielles, son conditionnement dans les utilisations technologiques et sa d\u00e9puration avant la restitution \u00e0 l&rsquo;environnement, demandent comp\u00e9tence et d\u00e9vouement, comme tout autre proc\u00e9d\u00e9 industriel. En cons\u00e9quence, Hidromatic r\u00e9sulte le partenaire actif dans l&rsquo;approvisionnement de contributions positifs \u00e0 l&rsquo;industrie, \u00e0 la soci\u00e9t\u00e9 et \u00e0 l&rsquo;environnement. Notre \u00ab\u00a0modus operandi\u00a0\u00bb (mode op\u00e9ratoire) est celui de concevoir et d&rsquo;ex\u00e9cuter tout programme avec professionnalit\u00e9, transparence et s\u00e9rieux, tout en restant rapides et flexibles. Tout cela nous a permis et nous permettra le d\u00e9veloppement constant de nouvelles solutions pour le march\u00e9 globale et de consolider notre position de leader du secteur ainsi que d&rsquo;amplifier les zones g\u00e9ographiques d&rsquo;action, en maintenant quoiqu&rsquo;il en soit un regard attentif \u00e0 l&rsquo;environnement et \u00e0 l&rsquo;avenir.<\/div>\n<\/div>\n<p>[\/et_pb_text][\/et_pb_column][\/et_pb_row][\/et_pb_section][et_pb_section admin_label=\u00a0\u00bbSezione\u00a0\u00bb fullwidth=\u00a0\u00bboff\u00a0\u00bb specialty=\u00a0\u00bboff\u00a0\u00bb transparent_background=\u00a0\u00bboff\u00a0\u00bb allow_player_pause=\u00a0\u00bboff\u00a0\u00bb inner_shadow=\u00a0\u00bboff\u00a0\u00bb parallax=\u00a0\u00bboff\u00a0\u00bb parallax_method=\u00a0\u00bboff\u00a0\u00bb make_fullwidth=\u00a0\u00bboff\u00a0\u00bb use_custom_width=\u00a0\u00bboff\u00a0\u00bb width_unit=\u00a0\u00bbon\u00a0\u00bb make_equal=\u00a0\u00bboff\u00a0\u00bb use_custom_gutter=\u00a0\u00bboff\u00a0\u00bb module_id=\u00a0\u00bbriga_pre_footer\u00a0\u00bb][et_pb_row admin_label=\u00a0\u00bbRiga\u00a0\u00bb make_fullwidth=\u00a0\u00bboff\u00a0\u00bb use_custom_width=\u00a0\u00bboff\u00a0\u00bb width_unit=\u00a0\u00bbon\u00a0\u00bb use_custom_gutter=\u00a0\u00bboff\u00a0\u00bb allow_player_pause=\u00a0\u00bboff\u00a0\u00bb parallax=\u00a0\u00bboff\u00a0\u00bb parallax_method=\u00a0\u00bboff\u00a0\u00bb make_equal=\u00a0\u00bboff\u00a0\u00bb parallax_1=\u00a0\u00bboff\u00a0\u00bb parallax_method_1=\u00a0\u00bboff\u00a0\u00bb parallax_2=\u00a0\u00bboff\u00a0\u00bb parallax_method_2=\u00a0\u00bboff\u00a0\u00bb module_id=\u00a0\u00bbinside_riga_prefooter\u00a0\u00bb][et_pb_column type=\u00a0\u00bb1_2&Prime;][et_pb_blurb admin_label=\u00a0\u00bbBlurb\u00a0\u00bb url_new_window=\u00a0\u00bboff\u00a0\u00bb use_icon=\u00a0\u00bboff\u00a0\u00bb icon_color=\u00a0\u00bb#7EBEC5&Prime; use_circle=\u00a0\u00bboff\u00a0\u00bb circle_color=\u00a0\u00bb#7EBEC5&Prime; use_circle_border=\u00a0\u00bboff\u00a0\u00bb circle_border_color=\u00a0\u00bb#7EBEC5&Prime; image=\u00a0\u00bbhttp:\/\/www.hidromatic.it\/wp-content\/uploads\/2017\/01\/iso-9001.png\u00a0\u00bb icon_placement=\u00a0\u00bbtop\u00a0\u00bb animation=\u00a0\u00bbtop\u00a0\u00bb background_layout=\u00a0\u00bblight\u00a0\u00bb text_orientation=\u00a0\u00bbleft\u00a0\u00bb use_icon_font_size=\u00a0\u00bboff\u00a0\u00bb use_border_color=\u00a0\u00bboff\u00a0\u00bb border_color=\u00a0\u00bb#ffffff\u00a0\u00bb border_style=\u00a0\u00bbsolid\u00a0\u00bb url=\u00a0\u00bb\/fr\/traitement-d-eau-plantes\/certifications\/\u00a0\u00bb]<\/p>\n<div class=\"fi_container\">\n<div class=\"f1_titolo\">ENTREPRISE CERTIFI\u00c9E<\/div>\n<div class=\"f1_info\">Certiquality et IQNet, les plus importantes certifications internationales \u00e0 garantie de proc\u00e9d\u00e9s de recherche et d\u00e9veloppement hautement technologiques pour prot\u00e9ger l&rsquo;environnement, qualit\u00e9 et s\u00e9curit\u00e9.<\/div>\n<\/div>\n<p>[\/et_pb_blurb][\/et_pb_column][et_pb_column type=\u00a0\u00bb1_2&Prime;][et_pb_blurb admin_label=\u00a0\u00bbBlurb\u00a0\u00bb url_new_window=\u00a0\u00bbon\u00a0\u00bb use_icon=\u00a0\u00bboff\u00a0\u00bb icon_color=\u00a0\u00bb#7EBEC5&Prime; use_circle=\u00a0\u00bboff\u00a0\u00bb circle_color=\u00a0\u00bb#7EBEC5&Prime; use_circle_border=\u00a0\u00bboff\u00a0\u00bb circle_border_color=\u00a0\u00bb#7EBEC5&Prime; image=\u00a0\u00bbhttp:\/\/www.hidromatic.it\/wp-content\/uploads\/2017\/01\/ico_download.png\u00a0\u00bb icon_placement=\u00a0\u00bbtop\u00a0\u00bb animation=\u00a0\u00bbtop\u00a0\u00bb background_layout=\u00a0\u00bblight\u00a0\u00bb text_orientation=\u00a0\u00bbleft\u00a0\u00bb use_icon_font_size=\u00a0\u00bboff\u00a0\u00bb use_border_color=\u00a0\u00bboff\u00a0\u00bb border_color=\u00a0\u00bb#ffffff\u00a0\u00bb border_style=\u00a0\u00bbsolid\u00a0\u00bb url=\u00a0\u00bb\/wp-content\/uploads\/pdf\/def_secure.pdf\u00a0\u00bb]<\/p>\n<div class=\"fi_container\">\n<div class=\"f1_titolo\">DOWNLOAD PR\u00c9SENTATION<\/div>\n<div class=\"f1_info\">T\u00e9l\u00e9chargez notre pr\u00e9sentation et v\u00e9rifiez en d\u00e9tail l&rsquo;innovation de nos \u00e9quipements et l&rsquo;application concr\u00e8te de nos services.<\/div>\n<\/div>\n<p>[\/et_pb_blurb][\/et_pb_column][\/et_pb_row][\/et_pb_section]<\/p>\n","protected":false},"excerpt":{"rendered":"<p>NOTRE ENVIRONNEMENTEN DE BONNES MAINS RESPONSABILIT\u00c9 Pour Hidromatic, le monde de demain est \u00ab\u00a0Aujourd&rsquo;hui\u00a0\u00bb Prot\u00e9ger et valoriser les ressources hydriques de notre \u00e9cosyst\u00e8me a toujours \u00e9t\u00e9 une priorit\u00e9 pour Hidromatic. Notre longue et solide exp\u00e9rience dans le traitement des eaux us\u00e9es et il know-how dans la conception de projets et d&rsquo;installations industrielles servent de pilier [&hellip;]<\/p>\n","protected":false},"author":3,"featured_media":0,"parent":2782,"menu_order":0,"comment_status":"closed","ping_status":"closed","template":"","meta":{"_et_pb_use_builder":"on","_et_pb_old_content":"","_et_gb_content_width":"","footnotes":""},"class_list":["post-2788","page","type-page","status-publish","hentry"],"yoast_head":"<!-- This site is optimized with the Yoast SEO plugin v24.7 - https:\/\/yoast.com\/wordpress\/plugins\/seo\/ -->\n<title>Hidromatic - Usines de traitement de l\u2019eau: le monde de demain est aujourd&#039;hui<\/title>\n<meta name=\"description\" content=\"Hidromatic: Profonde exp\u00e9rience et savoir-faire des nouvelles technologies dans le traitement des eaux us\u00e9es et de conception d\u2019installations industrielles.\" \/>\n<meta name=\"robots\" content=\"index, follow, max-snippet:-1, max-image-preview:large, max-video-preview:-1\" \/>\n<link rel=\"canonical\" href=\"https:\/\/www.hidromatic.it\/fr\/traitement-d-eau-plantes\/responsabilite\/\" \/>\n<meta property=\"og:locale\" content=\"fr_FR\" \/>\n<meta property=\"og:type\" content=\"article\" \/>\n<meta property=\"og:title\" content=\"Hidromatic - Usines de traitement de l\u2019eau: le monde de demain est aujourd&#039;hui\" \/>\n<meta property=\"og:description\" content=\"Hidromatic: Profonde exp\u00e9rience et savoir-faire des nouvelles technologies dans le traitement des eaux us\u00e9es et de conception d\u2019installations industrielles.\" \/>\n<meta property=\"og:url\" content=\"https:\/\/www.hidromatic.it\/fr\/traitement-d-eau-plantes\/responsabilite\/\" \/>\n<meta property=\"og:site_name\" content=\"HIDROMATIC srl - \u00c9puration des eaux\" \/>\n<meta property=\"article:publisher\" content=\"https:\/\/it-it.facebook.com\/HidromaticSrl\/\" \/>\n<meta property=\"article:modified_time\" content=\"2017-05-11T08:38:10+00:00\" \/>\n<meta name=\"twitter:card\" content=\"summary_large_image\" \/>\n<meta name=\"twitter:label1\" content=\"Dur\u00e9e de lecture estim\u00e9e\" \/>\n\t<meta name=\"twitter:data1\" content=\"5 minutes\" \/>\n<script type=\"application\/ld+json\" class=\"yoast-schema-graph\">{\"@context\":\"https:\/\/schema.org\",\"@graph\":[{\"@type\":\"WebPage\",\"@id\":\"https:\/\/www.hidromatic.it\/fr\/traitement-d-eau-plantes\/responsabilite\/\",\"url\":\"https:\/\/www.hidromatic.it\/fr\/traitement-d-eau-plantes\/responsabilite\/\",\"name\":\"Hidromatic - Usines de traitement de l\u2019eau: le monde de demain est aujourd'hui\",\"isPartOf\":{\"@id\":\"https:\/\/www.hidromatic.it\/#website\"},\"datePublished\":\"2017-01-16T15:54:28+00:00\",\"dateModified\":\"2017-05-11T08:38:10+00:00\",\"description\":\"Hidromatic: Profonde exp\u00e9rience et savoir-faire des nouvelles technologies dans le traitement des eaux us\u00e9es et de conception d\u2019installations industrielles.\",\"breadcrumb\":{\"@id\":\"https:\/\/www.hidromatic.it\/fr\/traitement-d-eau-plantes\/responsabilite\/#breadcrumb\"},\"inLanguage\":\"fr-FR\",\"potentialAction\":[{\"@type\":\"ReadAction\",\"target\":[\"https:\/\/www.hidromatic.it\/fr\/traitement-d-eau-plantes\/responsabilite\/\"]}]},{\"@type\":\"BreadcrumbList\",\"@id\":\"https:\/\/www.hidromatic.it\/fr\/traitement-d-eau-plantes\/responsabilite\/#breadcrumb\",\"itemListElement\":[{\"@type\":\"ListItem\",\"position\":1,\"name\":\"Home\",\"item\":\"https:\/\/www.hidromatic.it\/fr\/\"},{\"@type\":\"ListItem\",\"position\":2,\"name\":\"ENTREPRISE\",\"item\":\"https:\/\/www.hidromatic.it\/fr\/traitement-d-eau-plantes\/\"},{\"@type\":\"ListItem\",\"position\":3,\"name\":\"RESPONSABILIT\u00c9\"}]},{\"@type\":\"WebSite\",\"@id\":\"https:\/\/www.hidromatic.it\/#website\",\"url\":\"https:\/\/www.hidromatic.it\/\",\"name\":\"HIDROMATIC srl - \u00c9puration des eaux\",\"description\":\"Plantes industrielles et civiles\",\"potentialAction\":[{\"@type\":\"SearchAction\",\"target\":{\"@type\":\"EntryPoint\",\"urlTemplate\":\"https:\/\/www.hidromatic.it\/?s={search_term_string}\"},\"query-input\":{\"@type\":\"PropertyValueSpecification\",\"valueRequired\":true,\"valueName\":\"search_term_string\"}}],\"inLanguage\":\"fr-FR\"}]}<\/script>\n<!-- \/ Yoast SEO plugin. -->","yoast_head_json":{"title":"Hidromatic - Usines de traitement de l\u2019eau: le monde de demain est aujourd'hui","description":"Hidromatic: Profonde exp\u00e9rience et savoir-faire des nouvelles technologies dans le traitement des eaux us\u00e9es et de conception d\u2019installations industrielles.","robots":{"index":"index","follow":"follow","max-snippet":"max-snippet:-1","max-image-preview":"max-image-preview:large","max-video-preview":"max-video-preview:-1"},"canonical":"https:\/\/www.hidromatic.it\/fr\/traitement-d-eau-plantes\/responsabilite\/","og_locale":"fr_FR","og_type":"article","og_title":"Hidromatic - Usines de traitement de l\u2019eau: le monde de demain est aujourd'hui","og_description":"Hidromatic: Profonde exp\u00e9rience et savoir-faire des nouvelles technologies dans le traitement des eaux us\u00e9es et de conception d\u2019installations industrielles.","og_url":"https:\/\/www.hidromatic.it\/fr\/traitement-d-eau-plantes\/responsabilite\/","og_site_name":"HIDROMATIC srl - \u00c9puration des eaux","article_publisher":"https:\/\/it-it.facebook.com\/HidromaticSrl\/","article_modified_time":"2017-05-11T08:38:10+00:00","twitter_card":"summary_large_image","twitter_misc":{"Dur\u00e9e de lecture estim\u00e9e":"5 minutes"},"schema":{"@context":"https:\/\/schema.org","@graph":[{"@type":"WebPage","@id":"https:\/\/www.hidromatic.it\/fr\/traitement-d-eau-plantes\/responsabilite\/","url":"https:\/\/www.hidromatic.it\/fr\/traitement-d-eau-plantes\/responsabilite\/","name":"Hidromatic - Usines de traitement de l\u2019eau: le monde de demain est aujourd'hui","isPartOf":{"@id":"https:\/\/www.hidromatic.it\/#website"},"datePublished":"2017-01-16T15:54:28+00:00","dateModified":"2017-05-11T08:38:10+00:00","description":"Hidromatic: Profonde exp\u00e9rience et savoir-faire des nouvelles technologies dans le traitement des eaux us\u00e9es et de conception d\u2019installations industrielles.","breadcrumb":{"@id":"https:\/\/www.hidromatic.it\/fr\/traitement-d-eau-plantes\/responsabilite\/#breadcrumb"},"inLanguage":"fr-FR","potentialAction":[{"@type":"ReadAction","target":["https:\/\/www.hidromatic.it\/fr\/traitement-d-eau-plantes\/responsabilite\/"]}]},{"@type":"BreadcrumbList","@id":"https:\/\/www.hidromatic.it\/fr\/traitement-d-eau-plantes\/responsabilite\/#breadcrumb","itemListElement":[{"@type":"ListItem","position":1,"name":"Home","item":"https:\/\/www.hidromatic.it\/fr\/"},{"@type":"ListItem","position":2,"name":"ENTREPRISE","item":"https:\/\/www.hidromatic.it\/fr\/traitement-d-eau-plantes\/"},{"@type":"ListItem","position":3,"name":"RESPONSABILIT\u00c9"}]},{"@type":"WebSite","@id":"https:\/\/www.hidromatic.it\/#website","url":"https:\/\/www.hidromatic.it\/","name":"HIDROMATIC srl - \u00c9puration des eaux","description":"Plantes industrielles et civiles","potentialAction":[{"@type":"SearchAction","target":{"@type":"EntryPoint","urlTemplate":"https:\/\/www.hidromatic.it\/?s={search_term_string}"},"query-input":{"@type":"PropertyValueSpecification","valueRequired":true,"valueName":"search_term_string"}}],"inLanguage":"fr-FR"}]}},"_links":{"self":[{"href":"https:\/\/www.hidromatic.it\/fr\/wp-json\/wp\/v2\/pages\/2788","targetHints":{"allow":["GET"]}}],"collection":[{"href":"https:\/\/www.hidromatic.it\/fr\/wp-json\/wp\/v2\/pages"}],"about":[{"href":"https:\/\/www.hidromatic.it\/fr\/wp-json\/wp\/v2\/types\/page"}],"author":[{"embeddable":true,"href":"https:\/\/www.hidromatic.it\/fr\/wp-json\/wp\/v2\/users\/3"}],"replies":[{"embeddable":true,"href":"https:\/\/www.hidromatic.it\/fr\/wp-json\/wp\/v2\/comments?post=2788"}],"version-history":[{"count":3,"href":"https:\/\/www.hidromatic.it\/fr\/wp-json\/wp\/v2\/pages\/2788\/revisions"}],"predecessor-version":[{"id":3197,"href":"https:\/\/www.hidromatic.it\/fr\/wp-json\/wp\/v2\/pages\/2788\/revisions\/3197"}],"up":[{"embeddable":true,"href":"https:\/\/www.hidromatic.it\/fr\/wp-json\/wp\/v2\/pages\/2782"}],"wp:attachment":[{"href":"https:\/\/www.hidromatic.it\/fr\/wp-json\/wp\/v2\/media?parent=2788"}],"curies":[{"name":"wp","href":"https:\/\/api.w.org\/{rel}","templated":true}]}}