{"id":2782,"date":"2017-01-09T12:53:11","date_gmt":"2017-01-09T11:53:11","guid":{"rendered":"http:\/\/www.hidromatic.it\/fr\/azienda\/"},"modified":"2024-11-29T15:56:28","modified_gmt":"2024-11-29T14:56:28","slug":"traitement-d-eau-plantes","status":"publish","type":"page","link":"https:\/\/www.hidromatic.it\/fr\/traitement-d-eau-plantes\/","title":{"rendered":"ENTREPRISE"},"content":{"rendered":"<p>[et_pb_section fb_built=\u00a0\u00bb1&Prime; fullwidth=\u00a0\u00bbon\u00a0\u00bb admin_label=\u00a0\u00bbSezione\u00a0\u00bb _builder_version=\u00a0\u00bb4.16&Prime; global_colors_info=\u00a0\u00bb{}\u00a0\u00bb][et_pb_fullwidth_header header_fullscreen=\u00a0\u00bbon\u00a0\u00bb image_orientation=\u00a0\u00bbbottom\u00a0\u00bb content_max_width=\u00a0\u00bbnone\u00a0\u00bb admin_label=\u00a0\u00bbIntestazione a Larghezza Piena\u00a0\u00bb _builder_version=\u00a0\u00bb4.16&Prime; background_color=\u00a0\u00bbrgba(255, 255, 255, 0)\u00a0\u00bb background_image=\u00a0\u00bbhttps:\/\/www.hidromatic.it\/wp-content\/uploads\/2017\/01\/aziendajpg.jpg\u00a0\u00bb background_layout=\u00a0\u00bblight\u00a0\u00bb background_url=\u00a0\u00bbhttps:\/\/www.hidromatic.it\/wp-content\/uploads\/2017\/01\/aziendajpg.jpg\u00a0\u00bb button_one_letter_spacing_hover=\u00a0\u00bb0&Prime; button_two_letter_spacing_hover=\u00a0\u00bb0&Prime; global_colors_info=\u00a0\u00bb{}\u00a0\u00bb button_one_text_size__hover_enabled=\u00a0\u00bboff\u00a0\u00bb button_two_text_size__hover_enabled=\u00a0\u00bboff\u00a0\u00bb button_one_text_color__hover_enabled=\u00a0\u00bboff\u00a0\u00bb button_two_text_color__hover_enabled=\u00a0\u00bboff\u00a0\u00bb button_one_border_width__hover_enabled=\u00a0\u00bboff\u00a0\u00bb button_two_border_width__hover_enabled=\u00a0\u00bboff\u00a0\u00bb button_one_border_color__hover_enabled=\u00a0\u00bboff\u00a0\u00bb button_two_border_color__hover_enabled=\u00a0\u00bboff\u00a0\u00bb button_one_border_radius__hover_enabled=\u00a0\u00bboff\u00a0\u00bb button_two_border_radius__hover_enabled=\u00a0\u00bboff\u00a0\u00bb button_one_letter_spacing__hover_enabled=\u00a0\u00bbon\u00a0\u00bb button_one_letter_spacing__hover=\u00a0\u00bb0&Prime; button_two_letter_spacing__hover_enabled=\u00a0\u00bbon\u00a0\u00bb button_two_letter_spacing__hover=\u00a0\u00bb0&Prime; button_one_bg_color__hover_enabled=\u00a0\u00bboff\u00a0\u00bb button_two_bg_color__hover_enabled=\u00a0\u00bboff\u00a0\u00bb]<\/p>\n<div class=\"contenitore-info-immagine-2\">\n<div><span>DEPUIS PLUS DE 60 ANS<\/span><\/div>\n<div><span>\u00c0 VOTRE SERVICE<\/span><\/div>\n<\/div>\n<p>[\/et_pb_fullwidth_header][\/et_pb_section][et_pb_section fb_built=\u00a0\u00bb1&Prime; admin_label=\u00a0\u00bbsection\u00a0\u00bb module_id=\u00a0\u00bbriga_1_home\u00a0\u00bb module_class=\u00a0\u00bbazienda\u00a0\u00bb _builder_version=\u00a0\u00bb4.16&Prime; transparent_background=\u00a0\u00bboff\u00a0\u00bb make_fullwidth=\u00a0\u00bboff\u00a0\u00bb use_custom_width=\u00a0\u00bboff\u00a0\u00bb width_unit=\u00a0\u00bbon\u00a0\u00bb global_colors_info=\u00a0\u00bb{}\u00a0\u00bb][et_pb_row admin_label=\u00a0\u00bbrow\u00a0\u00bb _builder_version=\u00a0\u00bb4.16&Prime; background_size=\u00a0\u00bbinitial\u00a0\u00bb background_position=\u00a0\u00bbtop_left\u00a0\u00bb background_repeat=\u00a0\u00bbrepeat\u00a0\u00bb global_colors_info=\u00a0\u00bb{}\u00a0\u00bb][et_pb_column type=\u00a0\u00bb4_4&Prime; _builder_version=\u00a0\u00bb4.16&Prime; custom_padding=\u00a0\u00bb|||\u00a0\u00bb global_colors_info=\u00a0\u00bb{}\u00a0\u00bb custom_padding__hover=\u00a0\u00bb|||\u00a0\u00bb][et_pb_text admin_label=\u00a0\u00bbTesto\u00a0\u00bb _builder_version=\u00a0\u00bb4.16&Prime; background_size=\u00a0\u00bbinitial\u00a0\u00bb background_position=\u00a0\u00bbtop_left\u00a0\u00bb background_repeat=\u00a0\u00bbrepeat\u00a0\u00bb use_border_color=\u00a0\u00bboff\u00a0\u00bb border_color=\u00a0\u00bb#ffffff\u00a0\u00bb border_style=\u00a0\u00bbsolid\u00a0\u00bb global_colors_info=\u00a0\u00bb{}\u00a0\u00bb]<\/p>\n<div>\n<div class=\"big-big green\">ENTREPRISE<\/div>\n<div class=\"sub-big-big green\">Notre technologie est con\u00e7ue pour durer.<\/div>\n<div class=\"testo\">Hidromatic, depuis plus de soixante ans, offr, avec innovation et durabilit\u00e9, des technologies pour la conception et la r\u00e9alisation de stations industrielles pour le traitement des eaux. Nos proc\u00e9d\u00e9s sont en mesure \u00e0 r\u00e9soudre des probl\u00e8mes complexes et \u00e0 proposer des solutions capables de satisfaire les exigences sp\u00e9cifiques du secteur. Nos principaux objectifs sont d\u00e9finis par l&rsquo;am\u00e9lioration des prestations et la fiabilit\u00e9 du syst\u00e8me, la r\u00e9duction de fa\u00e7on significative du temps et des co\u00fbts d&rsquo;installation, l&rsquo;apport de leadership technologique et de l&rsquo;excellence des prestations et le soutien \u00e0 nos Clients avec un service professionnel et des solutions durables.<\/div>\n<\/div>\n<p>[\/et_pb_text][\/et_pb_column][\/et_pb_row][\/et_pb_section][et_pb_section fb_built=\u00a0\u00bb1&Prime; admin_label=\u00a0\u00bbSezione\u00a0\u00bb module_id=\u00a0\u00bbriga_3_home\u00a0\u00bb module_class=\u00a0\u00bbazienda overflow-hidden\u00a0\u00bb _builder_version=\u00a0\u00bb4.27.0&Prime; background_color=\u00a0\u00bbrgba(255,255,255,0)\u00a0\u00bb background_image=\u00a0\u00bbhttps:\/\/www.hidromatic.it\/wp-content\/uploads\/2017\/01\/bg_acqua.jpg\u00a0\u00bb parallax=\u00a0\u00bbon\u00a0\u00bb parallax_method=\u00a0\u00bboff\u00a0\u00bb hover_enabled=\u00a0\u00bb0&Prime; transparent_background=\u00a0\u00bbon\u00a0\u00bb make_fullwidth=\u00a0\u00bboff\u00a0\u00bb use_custom_width=\u00a0\u00bboff\u00a0\u00bb width_unit=\u00a0\u00bbon\u00a0\u00bb global_colors_info=\u00a0\u00bb{}\u00a0\u00bb sticky_enabled=\u00a0\u00bb0&Prime;][et_pb_row admin_label=\u00a0\u00bbRiga\u00a0\u00bb _builder_version=\u00a0\u00bb4.16&Prime; background_size=\u00a0\u00bbinitial\u00a0\u00bb background_position=\u00a0\u00bbtop_left\u00a0\u00bb background_repeat=\u00a0\u00bbrepeat\u00a0\u00bb global_colors_info=\u00a0\u00bb{}\u00a0\u00bb][et_pb_column type=\u00a0\u00bb4_4&Prime; _builder_version=\u00a0\u00bb4.16&Prime; custom_padding=\u00a0\u00bb|||\u00a0\u00bb global_colors_info=\u00a0\u00bb{}\u00a0\u00bb custom_padding__hover=\u00a0\u00bb|||\u00a0\u00bb][et_pb_divider show_divider=\u00a0\u00bboff\u00a0\u00bb admin_label=\u00a0\u00bbModulo Separatore\u00a0\u00bb module_class=\u00a0\u00bbbig-separatore\u00a0\u00bb _builder_version=\u00a0\u00bb4.16&Prime; hide_on_mobile=\u00a0\u00bboff\u00a0\u00bb global_colors_info=\u00a0\u00bb{}\u00a0\u00bb][\/et_pb_divider][et_pb_divider show_divider=\u00a0\u00bboff\u00a0\u00bb admin_label=\u00a0\u00bbModulo Separatore\u00a0\u00bb module_class=\u00a0\u00bbbig-separatore\u00a0\u00bb _builder_version=\u00a0\u00bb4.16&Prime; hide_on_mobile=\u00a0\u00bboff\u00a0\u00bb global_colors_info=\u00a0\u00bb{}\u00a0\u00bb][\/et_pb_divider][\/et_pb_column][\/et_pb_row][et_pb_row admin_label=\u00a0\u00bbRiga\u00a0\u00bb _builder_version=\u00a0\u00bb4.16&Prime; background_size=\u00a0\u00bbinitial\u00a0\u00bb background_position=\u00a0\u00bbtop_left\u00a0\u00bb background_repeat=\u00a0\u00bbrepeat\u00a0\u00bb global_colors_info=\u00a0\u00bb{}\u00a0\u00bb][et_pb_column type=\u00a0\u00bb4_4&Prime; _builder_version=\u00a0\u00bb4.16&Prime; custom_padding=\u00a0\u00bb|||\u00a0\u00bb global_colors_info=\u00a0\u00bb{}\u00a0\u00bb custom_padding__hover=\u00a0\u00bb|||\u00a0\u00bb][et_pb_text admin_label=\u00a0\u00bbTesto\u00a0\u00bb _builder_version=\u00a0\u00bb4.16&Prime; background_size=\u00a0\u00bbinitial\u00a0\u00bb background_position=\u00a0\u00bbtop_left\u00a0\u00bb background_repeat=\u00a0\u00bbrepeat\u00a0\u00bb text_orientation=\u00a0\u00bbcenter\u00a0\u00bb module_alignment=\u00a0\u00bbcenter\u00a0\u00bb use_border_color=\u00a0\u00bboff\u00a0\u00bb border_color=\u00a0\u00bb#ffffff\u00a0\u00bb border_style=\u00a0\u00bbsolid\u00a0\u00bb global_colors_info=\u00a0\u00bb{}\u00a0\u00bb]<\/p>\n<div>\n<div class=\"big-big bianco\">\n<div>HIDROMATIC, C&rsquo;EST<\/div>\n<div>60 ans d&rsquo;histoire<\/div>\n<\/div>\n<div class=\"big-big stretto-stretto bianco\">\n<div>dans la conception et la r\u00e9alisation<\/div>\n<div>de statins industrielles pour le traitement des eaux.<\/div>\n<\/div>\n<\/div>\n<p>[\/et_pb_text][\/et_pb_column][\/et_pb_row][\/et_pb_section][et_pb_section fb_built=\u00a0\u00bb1&Prime; admin_label=\u00a0\u00bbSezione\u00a0\u00bb module_id=\u00a0\u00bbriga_4_azienda\u00a0\u00bb module_class=\u00a0\u00bbazienda\u00a0\u00bb _builder_version=\u00a0\u00bb4.16&Prime; transparent_background=\u00a0\u00bboff\u00a0\u00bb make_fullwidth=\u00a0\u00bboff\u00a0\u00bb use_custom_width=\u00a0\u00bboff\u00a0\u00bb width_unit=\u00a0\u00bbon\u00a0\u00bb global_colors_info=\u00a0\u00bb{}\u00a0\u00bb][et_pb_row admin_label=\u00a0\u00bbRiga\u00a0\u00bb _builder_version=\u00a0\u00bb4.16&Prime; background_size=\u00a0\u00bbinitial\u00a0\u00bb background_position=\u00a0\u00bbtop_left\u00a0\u00bb background_repeat=\u00a0\u00bbrepeat\u00a0\u00bb global_colors_info=\u00a0\u00bb{}\u00a0\u00bb][et_pb_column type=\u00a0\u00bb4_4&Prime; _builder_version=\u00a0\u00bb4.16&Prime; custom_padding=\u00a0\u00bb|||\u00a0\u00bb global_colors_info=\u00a0\u00bb{}\u00a0\u00bb custom_padding__hover=\u00a0\u00bb|||\u00a0\u00bb][et_pb_text admin_label=\u00a0\u00bbTesto\u00a0\u00bb _builder_version=\u00a0\u00bb4.16&Prime; background_size=\u00a0\u00bbinitial\u00a0\u00bb background_position=\u00a0\u00bbtop_left\u00a0\u00bb background_repeat=\u00a0\u00bbrepeat\u00a0\u00bb use_border_color=\u00a0\u00bboff\u00a0\u00bb border_color=\u00a0\u00bb#ffffff\u00a0\u00bb border_style=\u00a0\u00bbsolid\u00a0\u00bb global_colors_info=\u00a0\u00bb{}\u00a0\u00bb]<\/p>\n<div>\n<div class=\"big-big bianco\">MISSION<\/div>\n<div class=\"big-big stretto-stretto bianco\">Hidromatic, c&rsquo;est, conjointement, innovation et durabilit\u00e9<\/div>\n<div class=\"testo cellasx\">Notre mission est de suivre l&rsquo;ensemble du processus de l&rsquo;eau avec des technologies \u00e0 l&rsquo;avant-garde. Nous travaillons avec engagement et passion pour g\u00e9rer nos activit\u00e9s globales, en adoptant des politiques de diligence pour la sant\u00e9 et la s\u00e9curit\u00e9 de nos employ\u00e9s, de nos Clients, de la communaut\u00e9 et de l&rsquo;environnement. Toute notre \u00e9quipe est engag\u00e9e \u00e0 respecter ces principes pour assurer un d\u00e9veloppement efficace par la g\u00e9n\u00e9ration de proc\u00e9d\u00e9s et services, cr\u00e9ant une valeur ajout\u00e9e consid\u00e9rable et une promotion des ressources naturelles, en pr\u00e9servant le concept de respect de l&rsquo;environnement et des personnes qui l&rsquo;habitent de m\u00eame que nos collaborateurs et clients. \u00c9thique, transparence et respect des lois repr\u00e9sentent un credo de Hidromatic, et \u00e0 travers les syst\u00e8mes v\u00e9rifiables et transparents, nous nous effor\u00e7ons d&rsquo;am\u00e9liorer, continuellement, les r\u00e9sultats et nos objectifs, aussi pour une optimisation concr\u00e8te du futur de nos ressources.<\/div>\n<\/div>\n<p>[\/et_pb_text][\/et_pb_column][\/et_pb_row][et_pb_row admin_label=\u00a0\u00bbRiga\u00a0\u00bb _builder_version=\u00a0\u00bb4.16&Prime; background_size=\u00a0\u00bbinitial\u00a0\u00bb background_position=\u00a0\u00bbtop_left\u00a0\u00bb background_repeat=\u00a0\u00bbrepeat\u00a0\u00bb global_colors_info=\u00a0\u00bb{}\u00a0\u00bb][et_pb_column type=\u00a0\u00bb4_4&Prime; _builder_version=\u00a0\u00bb4.16&Prime; custom_padding=\u00a0\u00bb|||\u00a0\u00bb global_colors_info=\u00a0\u00bb{}\u00a0\u00bb custom_padding__hover=\u00a0\u00bb|||\u00a0\u00bb][\/et_pb_column][\/et_pb_row][\/et_pb_section]<\/p>\n","protected":false},"excerpt":{"rendered":"<p>DEPUIS PLUS DE 60 ANS \u00c0 VOTRE SERVICE ENTREPRISE Notre technologie est con\u00e7ue pour durer. Hidromatic, depuis plus de soixante ans, offr, avec innovation et durabilit\u00e9, des technologies pour la conception et la r\u00e9alisation de stations industrielles pour le traitement des eaux. Nos proc\u00e9d\u00e9s sont en mesure \u00e0 r\u00e9soudre des probl\u00e8mes complexes et \u00e0 proposer [&hellip;]<\/p>\n","protected":false},"author":3,"featured_media":0,"parent":0,"menu_order":0,"comment_status":"closed","ping_status":"closed","template":"","meta":{"_et_pb_use_builder":"on","_et_pb_old_content":"","_et_gb_content_width":"","footnotes":""},"class_list":["post-2782","page","type-page","status-publish","hentry"],"yoast_head":"<!-- This site is optimized with the Yoast SEO plugin v27.4 - https:\/\/yoast.com\/product\/yoast-seo-wordpress\/ -->\n<title>Traitement d\u2019eau plantes - technologie con\u00e7ue pour hidromatic dernier<\/title>\n<meta name=\"description\" content=\"Hidromatic: La technologie est con\u00e7ue pour durer. Depuis plus de 60 ans nous dispensons l\u2019innovation et des technologies d\u2019\u00e9puration des eaux.\" \/>\n<meta name=\"robots\" content=\"index, follow, max-snippet:-1, max-image-preview:large, max-video-preview:-1\" \/>\n<link rel=\"canonical\" href=\"https:\/\/www.hidromatic.it\/fr\/traitement-d-eau-plantes\/\" \/>\n<meta property=\"og:locale\" content=\"fr_FR\" \/>\n<meta property=\"og:type\" content=\"article\" \/>\n<meta property=\"og:title\" content=\"Traitement d\u2019eau plantes - technologie con\u00e7ue pour hidromatic dernier\" \/>\n<meta property=\"og:description\" content=\"Hidromatic: La technologie est con\u00e7ue pour durer. Depuis plus de 60 ans nous dispensons l\u2019innovation et des technologies d\u2019\u00e9puration des eaux.\" \/>\n<meta property=\"og:url\" content=\"https:\/\/www.hidromatic.it\/fr\/traitement-d-eau-plantes\/\" \/>\n<meta property=\"og:site_name\" content=\"HIDROMATIC srl - \u00c9puration des eaux\" \/>\n<meta property=\"article:publisher\" content=\"https:\/\/it-it.facebook.com\/HidromaticSrl\/\" \/>\n<meta property=\"article:modified_time\" content=\"2024-11-29T14:56:28+00:00\" \/>\n<meta name=\"twitter:card\" content=\"summary_large_image\" \/>\n<meta name=\"twitter:label1\" content=\"Dur\u00e9e de lecture estim\u00e9e\" \/>\n\t<meta name=\"twitter:data1\" content=\"2 minutes\" \/>\n<script type=\"application\/ld+json\" class=\"yoast-schema-graph\">{\"@context\":\"https:\\\/\\\/schema.org\",\"@graph\":[{\"@type\":\"WebPage\",\"@id\":\"https:\\\/\\\/www.hidromatic.it\\\/fr\\\/traitement-d-eau-plantes\\\/\",\"url\":\"https:\\\/\\\/www.hidromatic.it\\\/fr\\\/traitement-d-eau-plantes\\\/\",\"name\":\"Traitement d\u2019eau plantes - technologie con\u00e7ue pour hidromatic dernier\",\"isPartOf\":{\"@id\":\"https:\\\/\\\/www.hidromatic.it\\\/#website\"},\"datePublished\":\"2017-01-09T11:53:11+00:00\",\"dateModified\":\"2024-11-29T14:56:28+00:00\",\"description\":\"Hidromatic: La technologie est con\u00e7ue pour durer. Depuis plus de 60 ans nous dispensons l\u2019innovation et des technologies d\u2019\u00e9puration des eaux.\",\"breadcrumb\":{\"@id\":\"https:\\\/\\\/www.hidromatic.it\\\/fr\\\/traitement-d-eau-plantes\\\/#breadcrumb\"},\"inLanguage\":\"fr-FR\",\"potentialAction\":[{\"@type\":\"ReadAction\",\"target\":[\"https:\\\/\\\/www.hidromatic.it\\\/fr\\\/traitement-d-eau-plantes\\\/\"]}]},{\"@type\":\"BreadcrumbList\",\"@id\":\"https:\\\/\\\/www.hidromatic.it\\\/fr\\\/traitement-d-eau-plantes\\\/#breadcrumb\",\"itemListElement\":[{\"@type\":\"ListItem\",\"position\":1,\"name\":\"Home\",\"item\":\"https:\\\/\\\/www.hidromatic.it\\\/fr\\\/\"},{\"@type\":\"ListItem\",\"position\":2,\"name\":\"ENTREPRISE\"}]},{\"@type\":\"WebSite\",\"@id\":\"https:\\\/\\\/www.hidromatic.it\\\/#website\",\"url\":\"https:\\\/\\\/www.hidromatic.it\\\/\",\"name\":\"HIDROMATIC srl - \u00c9puration des eaux\",\"description\":\"Plantes industrielles et civiles\",\"potentialAction\":[{\"@type\":\"SearchAction\",\"target\":{\"@type\":\"EntryPoint\",\"urlTemplate\":\"https:\\\/\\\/www.hidromatic.it\\\/?s={search_term_string}\"},\"query-input\":{\"@type\":\"PropertyValueSpecification\",\"valueRequired\":true,\"valueName\":\"search_term_string\"}}],\"inLanguage\":\"fr-FR\"}]}<\/script>\n<!-- \/ Yoast SEO plugin. -->","yoast_head_json":{"title":"Traitement d\u2019eau plantes - technologie con\u00e7ue pour hidromatic dernier","description":"Hidromatic: La technologie est con\u00e7ue pour durer. Depuis plus de 60 ans nous dispensons l\u2019innovation et des technologies d\u2019\u00e9puration des eaux.","robots":{"index":"index","follow":"follow","max-snippet":"max-snippet:-1","max-image-preview":"max-image-preview:large","max-video-preview":"max-video-preview:-1"},"canonical":"https:\/\/www.hidromatic.it\/fr\/traitement-d-eau-plantes\/","og_locale":"fr_FR","og_type":"article","og_title":"Traitement d\u2019eau plantes - technologie con\u00e7ue pour hidromatic dernier","og_description":"Hidromatic: La technologie est con\u00e7ue pour durer. Depuis plus de 60 ans nous dispensons l\u2019innovation et des technologies d\u2019\u00e9puration des eaux.","og_url":"https:\/\/www.hidromatic.it\/fr\/traitement-d-eau-plantes\/","og_site_name":"HIDROMATIC srl - \u00c9puration des eaux","article_publisher":"https:\/\/it-it.facebook.com\/HidromaticSrl\/","article_modified_time":"2024-11-29T14:56:28+00:00","twitter_card":"summary_large_image","twitter_misc":{"Dur\u00e9e de lecture estim\u00e9e":"2 minutes"},"schema":{"@context":"https:\/\/schema.org","@graph":[{"@type":"WebPage","@id":"https:\/\/www.hidromatic.it\/fr\/traitement-d-eau-plantes\/","url":"https:\/\/www.hidromatic.it\/fr\/traitement-d-eau-plantes\/","name":"Traitement d\u2019eau plantes - technologie con\u00e7ue pour hidromatic dernier","isPartOf":{"@id":"https:\/\/www.hidromatic.it\/#website"},"datePublished":"2017-01-09T11:53:11+00:00","dateModified":"2024-11-29T14:56:28+00:00","description":"Hidromatic: La technologie est con\u00e7ue pour durer. Depuis plus de 60 ans nous dispensons l\u2019innovation et des technologies d\u2019\u00e9puration des eaux.","breadcrumb":{"@id":"https:\/\/www.hidromatic.it\/fr\/traitement-d-eau-plantes\/#breadcrumb"},"inLanguage":"fr-FR","potentialAction":[{"@type":"ReadAction","target":["https:\/\/www.hidromatic.it\/fr\/traitement-d-eau-plantes\/"]}]},{"@type":"BreadcrumbList","@id":"https:\/\/www.hidromatic.it\/fr\/traitement-d-eau-plantes\/#breadcrumb","itemListElement":[{"@type":"ListItem","position":1,"name":"Home","item":"https:\/\/www.hidromatic.it\/fr\/"},{"@type":"ListItem","position":2,"name":"ENTREPRISE"}]},{"@type":"WebSite","@id":"https:\/\/www.hidromatic.it\/#website","url":"https:\/\/www.hidromatic.it\/","name":"HIDROMATIC srl - \u00c9puration des eaux","description":"Plantes industrielles et civiles","potentialAction":[{"@type":"SearchAction","target":{"@type":"EntryPoint","urlTemplate":"https:\/\/www.hidromatic.it\/?s={search_term_string}"},"query-input":{"@type":"PropertyValueSpecification","valueRequired":true,"valueName":"search_term_string"}}],"inLanguage":"fr-FR"}]}},"_links":{"self":[{"href":"https:\/\/www.hidromatic.it\/fr\/wp-json\/wp\/v2\/pages\/2782","targetHints":{"allow":["GET"]}}],"collection":[{"href":"https:\/\/www.hidromatic.it\/fr\/wp-json\/wp\/v2\/pages"}],"about":[{"href":"https:\/\/www.hidromatic.it\/fr\/wp-json\/wp\/v2\/types\/page"}],"author":[{"embeddable":true,"href":"https:\/\/www.hidromatic.it\/fr\/wp-json\/wp\/v2\/users\/3"}],"replies":[{"embeddable":true,"href":"https:\/\/www.hidromatic.it\/fr\/wp-json\/wp\/v2\/comments?post=2782"}],"version-history":[{"count":8,"href":"https:\/\/www.hidromatic.it\/fr\/wp-json\/wp\/v2\/pages\/2782\/revisions"}],"predecessor-version":[{"id":5646,"href":"https:\/\/www.hidromatic.it\/fr\/wp-json\/wp\/v2\/pages\/2782\/revisions\/5646"}],"wp:attachment":[{"href":"https:\/\/www.hidromatic.it\/fr\/wp-json\/wp\/v2\/media?parent=2782"}],"curies":[{"name":"wp","href":"https:\/\/api.w.org\/{rel}","templated":true}]}}